{"id":983,"date":"2012-07-31T18:34:41","date_gmt":"2012-07-31T16:34:41","guid":{"rendered":"http:\/\/beta.lossburg-schoemberg.de\/?page_id=983"},"modified":"2016-12-13T23:01:43","modified_gmt":"2016-12-13T22:01:43","slug":"dezember-verleihung-der-sportabzeichen","status":"publish","type":"page","link":"https:\/\/lossburg-schoemberg.de\/index.php\/rueckblick\/2006-2\/dezember-verleihung-der-sportabzeichen\/","title":{"rendered":"Dezember: Verleihung der Sportabzeichen"},"content":{"rendered":"<p>In Sch\u00f6mberg konnten dieses Jahr an 36 Teilnehmer Sportabzeichen in Bronze, Silber und Gold verliehen werden. Es waren noch nie so viele Teilnehmer. Gemessen an der Einwohnerzahl von Sch\u00f6mberg hat jeder zw\u00f6lfte B\u00fcrger das Sportabzeichen erk\u00e4mpft.<\/p>\n<p><a href=\"http:\/\/beta.lossburg-schoemberg.de\/wp-content\/uploads\/2012\/07\/Sportabz06.jpg\"><img loading=\"lazy\" decoding=\"async\" class=\"aligncenter size-medium wp-image-984\" title=\"Sportabz06\" src=\"http:\/\/beta.lossburg-schoemberg.de\/wp-content\/uploads\/2012\/07\/Sportabz06-640x395.jpg\" alt=\"\" width=\"640\" height=\"395\" srcset=\"https:\/\/lossburg-schoemberg.de\/wp-content\/uploads\/2012\/07\/Sportabz06-640x395.jpg 640w, https:\/\/lossburg-schoemberg.de\/wp-content\/uploads\/2012\/07\/Sportabz06.jpg 1000w\" sizes=\"auto, (max-width: 640px) 100vw, 640px\" \/><\/a><\/p>\n<address style=\"text-align: center;\">Im Bild links: Kurt Winter, Ortsvorsteher daneben\u00a0Erwin Fordtner Obmann vom Sportkreis Freudenstadt, im Bild rechts: Anja Eberhardt, Trainerin der Jugendsportgruppe Sch\u00f6mberg<\/address>\n","protected":false},"excerpt":{"rendered":"<p>In Sch\u00f6mberg konnten dieses Jahr an 36 Teilnehmer Sportabzeichen in Bronze, Silber und Gold verliehen werden. Es waren noch nie so viele Teilnehmer. Gemessen an der Einwohnerzahl von Sch\u00f6mberg hat jeder zw\u00f6lfte B\u00fcrger das Sportabzeichen erk\u00e4mpft. Im Bild links: Kurt Winter, Ortsvorsteher daneben\u00a0Erwin Fordtner Obmann vom Sportkreis Freudenstadt, im Bild rechts: Anja Eberhardt, Trainerin der &hellip; <\/p>\n<p><a class=\"more-link btn\" href=\"https:\/\/lossburg-schoemberg.de\/index.php\/rueckblick\/2006-2\/dezember-verleihung-der-sportabzeichen\/\">Weiterlesen<\/a><\/p>\n","protected":false},"author":1,"featured_media":984,"parent":383,"menu_order":60,"comment_status":"open","ping_status":"open","template":"","meta":{"footnotes":""},"class_list":["post-983","page","type-page","status-publish","has-post-thumbnail","hentry","nodate","item-wrap"],"_links":{"self":[{"href":"https:\/\/lossburg-schoemberg.de\/index.php\/wp-json\/wp\/v2\/pages\/983","targetHints":{"allow":["GET"]}}],"collection":[{"href":"https:\/\/lossburg-schoemberg.de\/index.php\/wp-json\/wp\/v2\/pages"}],"about":[{"href":"https:\/\/lossburg-schoemberg.de\/index.php\/wp-json\/wp\/v2\/types\/page"}],"author":[{"embeddable":true,"href":"https:\/\/lossburg-schoemberg.de\/index.php\/wp-json\/wp\/v2\/users\/1"}],"replies":[{"embeddable":true,"href":"https:\/\/lossburg-schoemberg.de\/index.php\/wp-json\/wp\/v2\/comments?post=983"}],"version-history":[{"count":2,"href":"https:\/\/lossburg-schoemberg.de\/index.php\/wp-json\/wp\/v2\/pages\/983\/revisions"}],"predecessor-version":[{"id":3440,"href":"https:\/\/lossburg-schoemberg.de\/index.php\/wp-json\/wp\/v2\/pages\/983\/revisions\/3440"}],"up":[{"embeddable":true,"href":"https:\/\/lossburg-schoemberg.de\/index.php\/wp-json\/wp\/v2\/pages\/383"}],"wp:featuredmedia":[{"embeddable":true,"href":"https:\/\/lossburg-schoemberg.de\/index.php\/wp-json\/wp\/v2\/media\/984"}],"wp:attachment":[{"href":"https:\/\/lossburg-schoemberg.de\/index.php\/wp-json\/wp\/v2\/media?parent=983"}],"curies":[{"name":"wp","href":"https:\/\/api.w.org\/{rel}","templated":true}]}}