{"id":980,"date":"2012-07-31T18:32:25","date_gmt":"2012-07-31T16:32:25","guid":{"rendered":"http:\/\/beta.lossburg-schoemberg.de\/?page_id=980"},"modified":"2016-12-16T21:04:50","modified_gmt":"2016-12-16T20:04:50","slug":"januar-jongleur-der-extraklasse-im-hofbauernhof","status":"publish","type":"page","link":"https:\/\/lossburg-schoemberg.de\/index.php\/rueckblick\/2007-2\/januar-jongleur-der-extraklasse-im-hofbauernhof\/","title":{"rendered":"Januar: Jongleur der Extraklasse im Hofbauernhof"},"content":{"rendered":"<p><a href=\"http:\/\/beta.lossburg-schoemberg.de\/wp-content\/uploads\/2012\/07\/Hofbauernhof3SirJul.jpg\"><img loading=\"lazy\" decoding=\"async\" class=\"alignright wp-image-981\" title=\"Hofbauernhof3SirJul\" src=\"http:\/\/beta.lossburg-schoemberg.de\/wp-content\/uploads\/2012\/07\/Hofbauernhof3SirJul.jpg\" alt=\"\" width=\"240\" height=\"261\" \/><\/a>&#8222;Kultur im Packraum&#8220;<\/p>\n<p><strong>Sir Julian <\/strong><\/p>\n<p>&#8211; ein Jongleur der Extraklasse- besuchte zum zweitenmal den Hofbauernhof um in einer Nachmittags- und in einer Abendvorstellung sein K\u00f6nnen zu zeigen.<\/p>\n<p>Mit B\u00e4llen, mit Keulen, mit Feuer, mit Luftballons, auf dem Hochrad zeigte er atemberaubende Kunstst\u00fccke.<\/p>\n","protected":false},"excerpt":{"rendered":"<p>&#8222;Kultur im Packraum&#8220; Sir Julian &#8211; ein Jongleur der Extraklasse- besuchte zum zweitenmal den Hofbauernhof um in einer Nachmittags- und in einer Abendvorstellung sein K\u00f6nnen zu zeigen. Mit B\u00e4llen, mit Keulen, mit Feuer, mit Luftballons, auf dem Hochrad zeigte er atemberaubende Kunstst\u00fccke.<\/p>\n","protected":false},"author":1,"featured_media":981,"parent":44,"menu_order":5,"comment_status":"open","ping_status":"open","template":"","meta":{"footnotes":""},"class_list":["post-980","page","type-page","status-publish","has-post-thumbnail","hentry","nodate","item-wrap"],"_links":{"self":[{"href":"https:\/\/lossburg-schoemberg.de\/index.php\/wp-json\/wp\/v2\/pages\/980","targetHints":{"allow":["GET"]}}],"collection":[{"href":"https:\/\/lossburg-schoemberg.de\/index.php\/wp-json\/wp\/v2\/pages"}],"about":[{"href":"https:\/\/lossburg-schoemberg.de\/index.php\/wp-json\/wp\/v2\/types\/page"}],"author":[{"embeddable":true,"href":"https:\/\/lossburg-schoemberg.de\/index.php\/wp-json\/wp\/v2\/users\/1"}],"replies":[{"embeddable":true,"href":"https:\/\/lossburg-schoemberg.de\/index.php\/wp-json\/wp\/v2\/comments?post=980"}],"version-history":[{"count":2,"href":"https:\/\/lossburg-schoemberg.de\/index.php\/wp-json\/wp\/v2\/pages\/980\/revisions"}],"predecessor-version":[{"id":3465,"href":"https:\/\/lossburg-schoemberg.de\/index.php\/wp-json\/wp\/v2\/pages\/980\/revisions\/3465"}],"up":[{"embeddable":true,"href":"https:\/\/lossburg-schoemberg.de\/index.php\/wp-json\/wp\/v2\/pages\/44"}],"wp:featuredmedia":[{"embeddable":true,"href":"https:\/\/lossburg-schoemberg.de\/index.php\/wp-json\/wp\/v2\/media\/981"}],"wp:attachment":[{"href":"https:\/\/lossburg-schoemberg.de\/index.php\/wp-json\/wp\/v2\/media?parent=980"}],"curies":[{"name":"wp","href":"https:\/\/api.w.org\/{rel}","templated":true}]}}