{"id":968,"date":"2012-07-31T18:26:48","date_gmt":"2012-07-31T16:26:48","guid":{"rendered":"http:\/\/beta.lossburg-schoemberg.de\/?page_id=968"},"modified":"2016-12-16T21:03:38","modified_gmt":"2016-12-16T20:03:38","slug":"juli-das-rote-band-der-schoempathie","status":"publish","type":"page","link":"https:\/\/lossburg-schoemberg.de\/index.php\/rueckblick\/2007-2\/juli-das-rote-band-der-schoempathie\/","title":{"rendered":"Juli: \u201eDas Rote Band der Sch\u00f6mpathie\u201c"},"content":{"rendered":"<table border=\"0\" align=\"center\">\n<tbody>\n<tr>\n<td valign=\"top\">Am 15. Juli 2007 feierte die Evangelische Kirchengemeinde Sch\u00f6mberg einen Gottesdienst rund um \u201eDas Rote Band der Sch\u00f6mpathie\u201c.Sch\u00f6mberger Frauen haben die Idee entwickelt, im Ort Tausende von roten L\u00f6wenm\u00e4ulchen zu pflanzen, nat\u00fcrlich zum Schmuck des Ortsbilds, aber dar\u00fcber hinaus vor allem als eine Gemeinschaftsaktion Sch\u00f6mberger Frauen und als ein Symbol der Gemeinschaft und des Zusammenlebens im Ort \u00fcberhaupt.<\/p>\n<p>Pfarrer B\u00fchrer dachte, diese Idee braucht noch einen Namen, und schlug vor, diese L\u00f6wenm\u00e4ulchen-Aktion &#8211; mit einem Wortspiel &#8211; \u201eDas Rote Band der Sch\u00f6mpathie\u201c zu nennen.<\/p>\n<p>Im Gottesdienst am 15. Juli erz\u00e4hlte Frau St\u00f6\u00dfel, was biologisch \u00fcber das L\u00f6wenm\u00e4ulchen interessant ist; Frau Weidenbach berichtete kurz, wie es zu dieser Aktion \u00fcberhaupt kam. Im Hauptteil des Gottesdienstes ging es darum, die Symbolik dieses Mottos biblisch-theologisch zu beleuchten. Besondere Motive daf\u00fcr waren:<\/p>\n<ul>\n<li>die Farbe Rot als die Symbolfarbe f\u00fcr den Heiligen Geist und f\u00fcr die Gemeinschaft, die er (wohl nicht nur in der Kirche) schafft, und<\/li>\n<li>der Zuspruch Jesu in der Bergpredigt, dass jeder Mensch noch mehr wert ist als jede noch so sch\u00f6ne Blume.<\/li>\n<\/ul>\n<p>In einer Aktion auf dem Platz vor dem Pfarrhaus wurden zuerst auf einem \u201eStadtplan\u201c von Sch\u00f6mberg Stellen markiert, wo \u00fcberall L\u00f6wenm\u00e4ulchen gepflanzt sind; danach konnten die Anwesenden rote Bindf\u00e4den legen f\u00fcr (die wichtigsten) Beziehungen, in denen sie verwandtschaftlich und freundschaftlich miteinander verbunden sind.<\/p>\n<p>In diesem Beziehungsgeflecht gab es dann nat\u00fcrlich auch Platz f\u00fcr die Sch\u00f6mberger Konfirmandinnen, die an diesem Wochenende auf dem Konfi-Camp im Oberschw\u00e4bischen waren, und f\u00fcr\u00a0ausw\u00e4rtige G\u00e4ste und Urlauber, die sich gerade auf dem Sch\u00f6mberg aufhielten.<\/p>\n<p>Der Gottesdienst schloss in der Kirche mit einer kurzen Zusammenfassung, Gebet, Lied\u00a0\u00a0und der Bitte um Gottes Segen.<\/td>\n<td style=\"width: 300px;\">\n<p style=\"text-align: center;\"><a href=\"http:\/\/beta.lossburg-schoemberg.de\/wp-content\/uploads\/2012\/07\/Schoempathie.jpg\"><img loading=\"lazy\" decoding=\"async\" class=\"aligncenter wp-image-969\" title=\"Schoempathie\" src=\"http:\/\/beta.lossburg-schoemberg.de\/wp-content\/uploads\/2012\/07\/Schoempathie.jpg\" alt=\"\" width=\"300\" height=\"173\" \/><\/a><\/p>\n<p style=\"text-align: center;\"><a href=\"http:\/\/beta.lossburg-schoemberg.de\/wp-content\/uploads\/2012\/07\/Schoempathie2.jpg\"><img loading=\"lazy\" decoding=\"async\" class=\"aligncenter wp-image-970\" title=\"Schoempathie2\" src=\"http:\/\/beta.lossburg-schoemberg.de\/wp-content\/uploads\/2012\/07\/Schoempathie2.jpg\" alt=\"\" width=\"300\" height=\"213\" \/><\/a><\/p>\n<p style=\"text-align: center;\"><a href=\"http:\/\/beta.lossburg-schoemberg.de\/wp-content\/uploads\/2012\/07\/Schoempathie3.jpg\"><img loading=\"lazy\" decoding=\"async\" class=\"aligncenter wp-image-971\" title=\"Schoempathie3\" src=\"http:\/\/beta.lossburg-schoemberg.de\/wp-content\/uploads\/2012\/07\/Schoempathie3.jpg\" alt=\"\" width=\"280\" height=\"378\" \/><\/a><\/p>\n<\/td>\n<\/tr>\n<\/tbody>\n<\/table>\n<p>&nbsp;<\/p>\n","protected":false},"excerpt":{"rendered":"<p>Am 15. Juli 2007 feierte die Evangelische Kirchengemeinde Sch\u00f6mberg einen Gottesdienst rund um \u201eDas Rote Band der Sch\u00f6mpathie\u201c.Sch\u00f6mberger Frauen haben die Idee entwickelt, im Ort Tausende von roten L\u00f6wenm\u00e4ulchen zu pflanzen, nat\u00fcrlich zum Schmuck des Ortsbilds, aber dar\u00fcber hinaus vor allem als eine Gemeinschaftsaktion Sch\u00f6mberger Frauen und als ein Symbol der Gemeinschaft und des Zusammenlebens &hellip; <\/p>\n<p><a class=\"more-link btn\" href=\"https:\/\/lossburg-schoemberg.de\/index.php\/rueckblick\/2007-2\/juli-das-rote-band-der-schoempathie\/\">Weiterlesen<\/a><\/p>\n","protected":false},"author":1,"featured_media":971,"parent":44,"menu_order":12,"comment_status":"open","ping_status":"open","template":"","meta":{"footnotes":""},"class_list":["post-968","page","type-page","status-publish","has-post-thumbnail","hentry","nodate","item-wrap"],"_links":{"self":[{"href":"https:\/\/lossburg-schoemberg.de\/index.php\/wp-json\/wp\/v2\/pages\/968","targetHints":{"allow":["GET"]}}],"collection":[{"href":"https:\/\/lossburg-schoemberg.de\/index.php\/wp-json\/wp\/v2\/pages"}],"about":[{"href":"https:\/\/lossburg-schoemberg.de\/index.php\/wp-json\/wp\/v2\/types\/page"}],"author":[{"embeddable":true,"href":"https:\/\/lossburg-schoemberg.de\/index.php\/wp-json\/wp\/v2\/users\/1"}],"replies":[{"embeddable":true,"href":"https:\/\/lossburg-schoemberg.de\/index.php\/wp-json\/wp\/v2\/comments?post=968"}],"version-history":[{"count":6,"href":"https:\/\/lossburg-schoemberg.de\/index.php\/wp-json\/wp\/v2\/pages\/968\/revisions"}],"predecessor-version":[{"id":3463,"href":"https:\/\/lossburg-schoemberg.de\/index.php\/wp-json\/wp\/v2\/pages\/968\/revisions\/3463"}],"up":[{"embeddable":true,"href":"https:\/\/lossburg-schoemberg.de\/index.php\/wp-json\/wp\/v2\/pages\/44"}],"wp:featuredmedia":[{"embeddable":true,"href":"https:\/\/lossburg-schoemberg.de\/index.php\/wp-json\/wp\/v2\/media\/971"}],"wp:attachment":[{"href":"https:\/\/lossburg-schoemberg.de\/index.php\/wp-json\/wp\/v2\/media?parent=968"}],"curies":[{"name":"wp","href":"https:\/\/api.w.org\/{rel}","templated":true}]}}