{"id":964,"date":"2012-07-31T18:23:52","date_gmt":"2012-07-31T16:23:52","guid":{"rendered":"http:\/\/beta.lossburg-schoemberg.de\/?page_id=964"},"modified":"2016-12-16T21:03:01","modified_gmt":"2016-12-16T20:03:01","slug":"august-begruessungspavillon-am-ortseingang","status":"publish","type":"page","link":"https:\/\/lossburg-schoemberg.de\/index.php\/rueckblick\/2007-2\/august-begruessungspavillon-am-ortseingang\/","title":{"rendered":"August: Begr\u00fc\u00dfungspavillon am Ortseingang"},"content":{"rendered":"<p>Am Sa. 12.August wird der erste (von zwei) Begr\u00fc\u00dfungnspavillons aufgebaut.<br \/>\nVon einigen freiwilligen Helfern aus Sch\u00f6mberg wird der von Jochen Ge\u00dfler gebaute Pavillon unter Leitung von Rolf Schatz aufgestelt.<br \/>\nDer Pavillon soll die Besucher von Sch\u00f6mberg begr\u00fc\u00dfen und informieren.<br \/>\nDie Informationstafeln innerhalb des Pavillons werden von Paul Klumpp gestaltet und sollen noch vor dem Besuch der Bewertungskommission angebracht werden.<\/p>\n<table border=\"0\" align=\"center\">\n<tbody>\n<tr>\n<td valign=\"middle\"><img loading=\"lazy\" decoding=\"async\" class=\"aligncenter wp-image-965\" title=\"Pavillon1\" src=\"http:\/\/beta.lossburg-schoemberg.de\/wp-content\/uploads\/2012\/07\/Pavillon1-358x640.jpg\" alt=\"\" width=\"215\" height=\"384\" srcset=\"https:\/\/lossburg-schoemberg.de\/wp-content\/uploads\/2012\/07\/Pavillon1-358x640.jpg 358w, https:\/\/lossburg-schoemberg.de\/wp-content\/uploads\/2012\/07\/Pavillon1.jpg 400w\" sizes=\"auto, (max-width: 215px) 100vw, 215px\" \/><\/td>\n<td valign=\"middle\"><a href=\"http:\/\/beta.lossburg-schoemberg.de\/wp-content\/uploads\/2012\/07\/Pavillon.jpg\"><img loading=\"lazy\" decoding=\"async\" class=\"aligncenter wp-image-966\" title=\"Pavillon\" src=\"http:\/\/beta.lossburg-schoemberg.de\/wp-content\/uploads\/2012\/07\/Pavillon.jpg\" alt=\"\" width=\"420\" height=\"385\" \/><\/a><\/td>\n<\/tr>\n<tr>\n<td style=\"text-align: center;\" valign=\"middle\">\n<address>Ortsvorsteher Kurt Winter in Aktion<\/address>\n<\/td>\n<td valign=\"middle\"><\/td>\n<\/tr>\n<\/tbody>\n<\/table>\n","protected":false},"excerpt":{"rendered":"<p>Am Sa. 12.August wird der erste (von zwei) Begr\u00fc\u00dfungnspavillons aufgebaut. Von einigen freiwilligen Helfern aus Sch\u00f6mberg wird der von Jochen Ge\u00dfler gebaute Pavillon unter Leitung von Rolf Schatz aufgestelt. Der Pavillon soll die Besucher von Sch\u00f6mberg begr\u00fc\u00dfen und informieren. Die Informationstafeln innerhalb des Pavillons werden von Paul Klumpp gestaltet und sollen noch vor dem Besuch &hellip; <\/p>\n<p><a class=\"more-link btn\" href=\"https:\/\/lossburg-schoemberg.de\/index.php\/rueckblick\/2007-2\/august-begruessungspavillon-am-ortseingang\/\">Weiterlesen<\/a><\/p>\n","protected":false},"author":1,"featured_media":965,"parent":44,"menu_order":15,"comment_status":"open","ping_status":"open","template":"","meta":{"footnotes":""},"class_list":["post-964","page","type-page","status-publish","has-post-thumbnail","hentry","nodate","item-wrap"],"_links":{"self":[{"href":"https:\/\/lossburg-schoemberg.de\/index.php\/wp-json\/wp\/v2\/pages\/964","targetHints":{"allow":["GET"]}}],"collection":[{"href":"https:\/\/lossburg-schoemberg.de\/index.php\/wp-json\/wp\/v2\/pages"}],"about":[{"href":"https:\/\/lossburg-schoemberg.de\/index.php\/wp-json\/wp\/v2\/types\/page"}],"author":[{"embeddable":true,"href":"https:\/\/lossburg-schoemberg.de\/index.php\/wp-json\/wp\/v2\/users\/1"}],"replies":[{"embeddable":true,"href":"https:\/\/lossburg-schoemberg.de\/index.php\/wp-json\/wp\/v2\/comments?post=964"}],"version-history":[{"count":3,"href":"https:\/\/lossburg-schoemberg.de\/index.php\/wp-json\/wp\/v2\/pages\/964\/revisions"}],"predecessor-version":[{"id":3462,"href":"https:\/\/lossburg-schoemberg.de\/index.php\/wp-json\/wp\/v2\/pages\/964\/revisions\/3462"}],"up":[{"embeddable":true,"href":"https:\/\/lossburg-schoemberg.de\/index.php\/wp-json\/wp\/v2\/pages\/44"}],"wp:featuredmedia":[{"embeddable":true,"href":"https:\/\/lossburg-schoemberg.de\/index.php\/wp-json\/wp\/v2\/media\/965"}],"wp:attachment":[{"href":"https:\/\/lossburg-schoemberg.de\/index.php\/wp-json\/wp\/v2\/media?parent=964"}],"curies":[{"name":"wp","href":"https:\/\/api.w.org\/{rel}","templated":true}]}}