{"id":948,"date":"2012-07-31T18:04:58","date_gmt":"2012-07-31T16:04:58","guid":{"rendered":"http:\/\/beta.lossburg-schoemberg.de\/?page_id=948"},"modified":"2016-12-16T21:01:21","modified_gmt":"2016-12-16T20:01:21","slug":"september-schoemberg-bekommt-silbermedaille","status":"publish","type":"page","link":"https:\/\/lossburg-schoemberg.de\/index.php\/rueckblick\/2007-2\/september-schoemberg-bekommt-silbermedaille\/","title":{"rendered":"September: Sch\u00f6mberg bekommt Silbermedaille"},"content":{"rendered":"<p style=\"text-align: center;\"><span style=\"font-size: large;\">Sch\u00f6mberg erreicht im 22. Bundeswettbewerb &#8222;Unser Dorf hat Zukunft&#8220; Eine Silbermedaille.\u00a0<\/span><\/p>\n<p style=\"text-align: left;\">Wir freuen uns sehr dar\u00fcber. Die Medaillen werden im Januar 2008 in Berlin innerhalb der &#8222;Internationalen Gr\u00fcnen Woche&#8220; \u00fcberreicht.<\/p>\n<p style=\"text-align: left;\">Schon einen Tag nach dem Besuch des letzten Dorfes gab die Bewertungskommission die Platzierungen bekannt.<\/p>\n<p style=\"text-align: left;\">Hier geht&#8217;s zu der Seite des Bundeslandwirtschaftsministeriums.\u00a0\u00a0<a href=\"http:\/\/www.dorfwettbewerb.bund.de\/\">www.Dorfwettbewerb.bund.de<\/a><\/p>\n","protected":false},"excerpt":{"rendered":"<p>Sch\u00f6mberg erreicht im 22. Bundeswettbewerb &#8222;Unser Dorf hat Zukunft&#8220; Eine Silbermedaille.\u00a0 Wir freuen uns sehr dar\u00fcber. Die Medaillen werden im Januar 2008 in Berlin innerhalb der &#8222;Internationalen Gr\u00fcnen Woche&#8220; \u00fcberreicht. Schon einen Tag nach dem Besuch des letzten Dorfes gab die Bewertungskommission die Platzierungen bekannt. Hier geht&#8217;s zu der Seite des Bundeslandwirtschaftsministeriums.\u00a0\u00a0www.Dorfwettbewerb.bund.de<\/p>\n","protected":false},"author":1,"featured_media":875,"parent":44,"menu_order":35,"comment_status":"open","ping_status":"open","template":"","meta":{"footnotes":""},"class_list":["post-948","page","type-page","status-publish","has-post-thumbnail","hentry","nodate","item-wrap"],"_links":{"self":[{"href":"https:\/\/lossburg-schoemberg.de\/index.php\/wp-json\/wp\/v2\/pages\/948","targetHints":{"allow":["GET"]}}],"collection":[{"href":"https:\/\/lossburg-schoemberg.de\/index.php\/wp-json\/wp\/v2\/pages"}],"about":[{"href":"https:\/\/lossburg-schoemberg.de\/index.php\/wp-json\/wp\/v2\/types\/page"}],"author":[{"embeddable":true,"href":"https:\/\/lossburg-schoemberg.de\/index.php\/wp-json\/wp\/v2\/users\/1"}],"replies":[{"embeddable":true,"href":"https:\/\/lossburg-schoemberg.de\/index.php\/wp-json\/wp\/v2\/comments?post=948"}],"version-history":[{"count":2,"href":"https:\/\/lossburg-schoemberg.de\/index.php\/wp-json\/wp\/v2\/pages\/948\/revisions"}],"predecessor-version":[{"id":3458,"href":"https:\/\/lossburg-schoemberg.de\/index.php\/wp-json\/wp\/v2\/pages\/948\/revisions\/3458"}],"up":[{"embeddable":true,"href":"https:\/\/lossburg-schoemberg.de\/index.php\/wp-json\/wp\/v2\/pages\/44"}],"wp:featuredmedia":[{"embeddable":true,"href":"https:\/\/lossburg-schoemberg.de\/index.php\/wp-json\/wp\/v2\/media\/875"}],"wp:attachment":[{"href":"https:\/\/lossburg-schoemberg.de\/index.php\/wp-json\/wp\/v2\/media?parent=948"}],"curies":[{"name":"wp","href":"https:\/\/api.w.org\/{rel}","templated":true}]}}