{"id":907,"date":"2012-07-31T17:31:23","date_gmt":"2012-07-31T15:31:23","guid":{"rendered":"http:\/\/beta.lossburg-schoemberg.de\/?page_id=907"},"modified":"2016-12-16T21:12:27","modified_gmt":"2016-12-16T20:12:27","slug":"mai-maiwanderung","status":"publish","type":"page","link":"https:\/\/lossburg-schoemberg.de\/index.php\/rueckblick\/2008-2\/mai-maiwanderung\/","title":{"rendered":"Mai: Maiwanderung"},"content":{"rendered":"<p>Viele Leute wanderten am 1. Mai; die Dorfgemeinschaft Sch\u00f6mberg hatte sich jedoch entschieden, die Maiwanderung auf den 4. Mai zu verschieben, damit die Sch\u00f6mberger, die am\u00a0\u00a0\u201eGottesdienst im Gr\u00fcnen\u201c zu Himmelfahrt dabei sein wollten, dies auch konnten, ohne die Mai- wanderung zu verpassen.<\/p>\n<p>Und so ging es dann am Sonntagmorgen kurz nach 9.00 Uhr los. \u2013 Aber nicht zu Fu\u00df! Zuerst fuhren wir mit dem Freizeitbus ein St\u00fcck nach \u201eVordersteinwald\u201c. Dort wurden dann die Bollerwagen und Wanderst\u00f6cke ausgepackt und los ging es durch den Wald. Unser Ziel hie\u00df \u201eKienberg\u201c. Dort angekommen, legten wir eine \u2013wohlverdiente- Rast ein und wer noch keine m\u00fcden Beine hatte konnte die \u00fcber 150 Stufen des Friedrichturmes z\u00e4hlen und den herrlichen Ausblick genie\u00dfen.<\/p>\n<p>Bald war es Zeit, der Wetterstation einen Besuch abzustatten. Herr L\u00f6w von der Wetterwarte erz\u00e4hlte uns Interessantes vom Wetter und wir sahen Instrumente zur Messung der Wetterdaten.<br \/>\nNachdem wir uns so weitergebildet hatten, ging es wieder bergab in Richtung Teuchelwald zum \u201eWaldcafe\u201c. In gem\u00fctlicher Runde bei genialem Sonnenschein und leckerem Eis konnte man es aushalten!<br \/>\nFrisch gest\u00e4rkt wanderten wir dann wieder zur\u00fcck nach Sch\u00f6mberg \u2013nicht ohne die ber\u00fchmte \u201eGro\u00dfvatertanne\u201c (der gr\u00f6\u00dfte Baum im Schwarzwald) zu bewundern.<\/p>\n<p>Als wir dann wieder in Sch\u00f6mberg ankamen, genossen wir im \u201eBesen\u201c noch das ein oder andere Glas Wein und lie\u00dfen den sch\u00f6nen Tag Revue passieren.<\/p>\n<p>An dieser Stelle nochmals ein ganz herzliches Dankesch\u00f6n unseren Wanderwarten Gerhard und Mario f\u00fcr die Planung dieser sehr sch\u00f6nen Tour!!<\/p>\n<table border=\"0\" align=\"center\">\n<tbody>\n<tr>\n<td><a href=\"http:\/\/beta.lossburg-schoemberg.de\/wp-content\/uploads\/2012\/07\/Maiwanderung2008Gr1.jpg\"><img loading=\"lazy\" decoding=\"async\" class=\"aligncenter wp-image-908\" title=\"Maiwanderung2008Gr1\" src=\"http:\/\/beta.lossburg-schoemberg.de\/wp-content\/uploads\/2012\/07\/Maiwanderung2008Gr1.jpg\" alt=\"\" width=\"307\" height=\"148\" \/><\/a><\/td>\n<td><a href=\"http:\/\/beta.lossburg-schoemberg.de\/wp-content\/uploads\/2012\/07\/Maiwanderung2008Kids.jpg\"><img loading=\"lazy\" decoding=\"async\" class=\"aligncenter wp-image-909\" title=\"Maiwanderung2008Kids\" src=\"http:\/\/beta.lossburg-schoemberg.de\/wp-content\/uploads\/2012\/07\/Maiwanderung2008Kids.jpg\" alt=\"\" width=\"307\" height=\"246\" \/><\/a><\/td>\n<\/tr>\n<\/tbody>\n<\/table>\n","protected":false},"excerpt":{"rendered":"<p>Viele Leute wanderten am 1. Mai; die Dorfgemeinschaft Sch\u00f6mberg hatte sich jedoch entschieden, die Maiwanderung auf den 4. Mai zu verschieben, damit die Sch\u00f6mberger, die am\u00a0\u00a0\u201eGottesdienst im Gr\u00fcnen\u201c zu Himmelfahrt dabei sein wollten, dies auch konnten, ohne die Mai- wanderung zu verpassen. Und so ging es dann am Sonntagmorgen kurz nach 9.00 Uhr los. \u2013 &hellip; <\/p>\n<p><a class=\"more-link btn\" href=\"https:\/\/lossburg-schoemberg.de\/index.php\/rueckblick\/2008-2\/mai-maiwanderung\/\">Weiterlesen<\/a><\/p>\n","protected":false},"author":1,"featured_media":908,"parent":42,"menu_order":25,"comment_status":"open","ping_status":"open","template":"","meta":{"footnotes":""},"class_list":["post-907","page","type-page","status-publish","has-post-thumbnail","hentry","nodate","item-wrap"],"_links":{"self":[{"href":"https:\/\/lossburg-schoemberg.de\/index.php\/wp-json\/wp\/v2\/pages\/907","targetHints":{"allow":["GET"]}}],"collection":[{"href":"https:\/\/lossburg-schoemberg.de\/index.php\/wp-json\/wp\/v2\/pages"}],"about":[{"href":"https:\/\/lossburg-schoemberg.de\/index.php\/wp-json\/wp\/v2\/types\/page"}],"author":[{"embeddable":true,"href":"https:\/\/lossburg-schoemberg.de\/index.php\/wp-json\/wp\/v2\/users\/1"}],"replies":[{"embeddable":true,"href":"https:\/\/lossburg-schoemberg.de\/index.php\/wp-json\/wp\/v2\/comments?post=907"}],"version-history":[{"count":1,"href":"https:\/\/lossburg-schoemberg.de\/index.php\/wp-json\/wp\/v2\/pages\/907\/revisions"}],"predecessor-version":[{"id":910,"href":"https:\/\/lossburg-schoemberg.de\/index.php\/wp-json\/wp\/v2\/pages\/907\/revisions\/910"}],"up":[{"embeddable":true,"href":"https:\/\/lossburg-schoemberg.de\/index.php\/wp-json\/wp\/v2\/pages\/42"}],"wp:featuredmedia":[{"embeddable":true,"href":"https:\/\/lossburg-schoemberg.de\/index.php\/wp-json\/wp\/v2\/media\/908"}],"wp:attachment":[{"href":"https:\/\/lossburg-schoemberg.de\/index.php\/wp-json\/wp\/v2\/media?parent=907"}],"curies":[{"name":"wp","href":"https:\/\/api.w.org\/{rel}","templated":true}]}}