{"id":904,"date":"2012-07-31T17:28:32","date_gmt":"2012-07-31T15:28:32","guid":{"rendered":"http:\/\/beta.lossburg-schoemberg.de\/?page_id=904"},"modified":"2016-12-16T21:12:57","modified_gmt":"2016-12-16T20:12:57","slug":"mai-verabschiedung-der-langjaehrigen-mesnerin-else-schatz","status":"publish","type":"page","link":"https:\/\/lossburg-schoemberg.de\/index.php\/rueckblick\/2008-2\/mai-verabschiedung-der-langjaehrigen-mesnerin-else-schatz\/","title":{"rendered":"Mai: Verabschiedung der langj\u00e4hrigen Mesnerin Else Schatz"},"content":{"rendered":"<p><span style=\"font-family: Arial; font-size: small;\"><a href=\"http:\/\/beta.lossburg-schoemberg.de\/wp-content\/uploads\/2012\/07\/KircheESchatz.jpg\"><img loading=\"lazy\" decoding=\"async\" class=\"alignright wp-image-905\" title=\"KircheESchatz\" src=\"http:\/\/beta.lossburg-schoemberg.de\/wp-content\/uploads\/2012\/07\/KircheESchatz.jpg\" alt=\"\" width=\"384\" height=\"333\" \/><\/a>Am Sonntag, den 25. Mai wurde in der Kirche in Sch\u00f6mberg in einem festlichen Gottesdienst Frau Else Schatz nach 33 1\/3 Jahren T\u00e4tigkeit aus dem Mesneramt an der Evangelischen Kirche Sch\u00f6mberg verabschiedet und ihre Nachfolgerin, Frau Helma Lamnik, in dieses Amt eingef\u00fchrt.<\/span><\/p>\n<p><span style=\"font-family: Arial; font-size: small;\">Die Kirchengemeinde und alle, die sich mit der Kirche verbunden f\u00fchlen, bedanken sich bei unserer Else f\u00fcr ihre langj\u00e4hrige T\u00e4tigkeit.<\/span><\/p>\n<p>&nbsp;<\/p>\n<p><span style=\"font-family: Arial; font-size: small;\">Bild rechts: Kirchengemeinderat Adolf Armbruster, bisherige Mesnerin Else Schatz, neue Mesnerin Helma Lamnik, Pfarrer Gottfried A. B\u00fchrer.<\/span><\/p>\n","protected":false},"excerpt":{"rendered":"<p>Am Sonntag, den 25. Mai wurde in der Kirche in Sch\u00f6mberg in einem festlichen Gottesdienst Frau Else Schatz nach 33 1\/3 Jahren T\u00e4tigkeit aus dem Mesneramt an der Evangelischen Kirche Sch\u00f6mberg verabschiedet und ihre Nachfolgerin, Frau Helma Lamnik, in dieses Amt eingef\u00fchrt. Die Kirchengemeinde und alle, die sich mit der Kirche verbunden f\u00fchlen, bedanken sich &hellip; <\/p>\n<p><a class=\"more-link btn\" href=\"https:\/\/lossburg-schoemberg.de\/index.php\/rueckblick\/2008-2\/mai-verabschiedung-der-langjaehrigen-mesnerin-else-schatz\/\">Weiterlesen<\/a><\/p>\n","protected":false},"author":1,"featured_media":905,"parent":42,"menu_order":30,"comment_status":"open","ping_status":"open","template":"","meta":{"footnotes":""},"class_list":["post-904","page","type-page","status-publish","has-post-thumbnail","hentry","nodate","item-wrap"],"_links":{"self":[{"href":"https:\/\/lossburg-schoemberg.de\/index.php\/wp-json\/wp\/v2\/pages\/904","targetHints":{"allow":["GET"]}}],"collection":[{"href":"https:\/\/lossburg-schoemberg.de\/index.php\/wp-json\/wp\/v2\/pages"}],"about":[{"href":"https:\/\/lossburg-schoemberg.de\/index.php\/wp-json\/wp\/v2\/types\/page"}],"author":[{"embeddable":true,"href":"https:\/\/lossburg-schoemberg.de\/index.php\/wp-json\/wp\/v2\/users\/1"}],"replies":[{"embeddable":true,"href":"https:\/\/lossburg-schoemberg.de\/index.php\/wp-json\/wp\/v2\/comments?post=904"}],"version-history":[{"count":2,"href":"https:\/\/lossburg-schoemberg.de\/index.php\/wp-json\/wp\/v2\/pages\/904\/revisions"}],"predecessor-version":[{"id":3471,"href":"https:\/\/lossburg-schoemberg.de\/index.php\/wp-json\/wp\/v2\/pages\/904\/revisions\/3471"}],"up":[{"embeddable":true,"href":"https:\/\/lossburg-schoemberg.de\/index.php\/wp-json\/wp\/v2\/pages\/42"}],"wp:featuredmedia":[{"embeddable":true,"href":"https:\/\/lossburg-schoemberg.de\/index.php\/wp-json\/wp\/v2\/media\/905"}],"wp:attachment":[{"href":"https:\/\/lossburg-schoemberg.de\/index.php\/wp-json\/wp\/v2\/media?parent=904"}],"curies":[{"name":"wp","href":"https:\/\/api.w.org\/{rel}","templated":true}]}}