{"id":895,"date":"2012-07-31T17:21:36","date_gmt":"2012-07-31T15:21:36","guid":{"rendered":"http:\/\/beta.lossburg-schoemberg.de\/?page_id=895"},"modified":"2016-12-16T21:13:56","modified_gmt":"2016-12-16T20:13:56","slug":"dezember-4-weihnachtsmarkt-auf-dem-hofbauernhof","status":"publish","type":"page","link":"https:\/\/lossburg-schoemberg.de\/index.php\/rueckblick\/2008-2\/dezember-4-weihnachtsmarkt-auf-dem-hofbauernhof\/","title":{"rendered":"Dezember: 4. Weihnachtsmarkt auf dem Hofbauernhof"},"content":{"rendered":"<p><a href=\"http:\/\/beta.lossburg-schoemberg.de\/wp-content\/uploads\/2012\/07\/Weihnachtsmarkt08.jpg\"><img loading=\"lazy\" decoding=\"async\" class=\"alignright wp-image-896\" title=\"Weihnachtsmarkt08\" src=\"http:\/\/beta.lossburg-schoemberg.de\/wp-content\/uploads\/2012\/07\/Weihnachtsmarkt08.jpg\" alt=\"\" width=\"249\" height=\"363\" \/><\/a>Zum Abschluss des Jahres fand auf dem\u00a0 Hofbauernhof in Sch\u00f6mberg ein liebevoll gestalteter b\u00e4uerlicher und kunsthandwerklicher Weihnachtsmarkt statt.<br \/>\nAus nah- und fern pr\u00e4sentierten 15 Aussteller weihnachtliche und kulinarische K\u00f6stlichkeiten.<\/p>\n<p><a href=\"http:\/\/beta.lossburg-schoemberg.de\/wp-content\/uploads\/2012\/07\/Weihmarkt08.jpg\"><img loading=\"lazy\" decoding=\"async\" class=\"alignleft wp-image-897\" title=\"Weihmarkt08\" src=\"http:\/\/beta.lossburg-schoemberg.de\/wp-content\/uploads\/2012\/07\/Weihmarkt08.jpg\" alt=\"\" width=\"346\" height=\"259\" \/><\/a><\/p>\n","protected":false},"excerpt":{"rendered":"<p>Zum Abschluss des Jahres fand auf dem\u00a0 Hofbauernhof in Sch\u00f6mberg ein liebevoll gestalteter b\u00e4uerlicher und kunsthandwerklicher Weihnachtsmarkt statt. Aus nah- und fern pr\u00e4sentierten 15 Aussteller weihnachtliche und kulinarische K\u00f6stlichkeiten.<\/p>\n","protected":false},"author":1,"featured_media":896,"parent":42,"menu_order":40,"comment_status":"open","ping_status":"open","template":"","meta":{"footnotes":""},"class_list":["post-895","page","type-page","status-publish","has-post-thumbnail","hentry","nodate","item-wrap"],"_links":{"self":[{"href":"https:\/\/lossburg-schoemberg.de\/index.php\/wp-json\/wp\/v2\/pages\/895","targetHints":{"allow":["GET"]}}],"collection":[{"href":"https:\/\/lossburg-schoemberg.de\/index.php\/wp-json\/wp\/v2\/pages"}],"about":[{"href":"https:\/\/lossburg-schoemberg.de\/index.php\/wp-json\/wp\/v2\/types\/page"}],"author":[{"embeddable":true,"href":"https:\/\/lossburg-schoemberg.de\/index.php\/wp-json\/wp\/v2\/users\/1"}],"replies":[{"embeddable":true,"href":"https:\/\/lossburg-schoemberg.de\/index.php\/wp-json\/wp\/v2\/comments?post=895"}],"version-history":[{"count":2,"href":"https:\/\/lossburg-schoemberg.de\/index.php\/wp-json\/wp\/v2\/pages\/895\/revisions"}],"predecessor-version":[{"id":3473,"href":"https:\/\/lossburg-schoemberg.de\/index.php\/wp-json\/wp\/v2\/pages\/895\/revisions\/3473"}],"up":[{"embeddable":true,"href":"https:\/\/lossburg-schoemberg.de\/index.php\/wp-json\/wp\/v2\/pages\/42"}],"wp:featuredmedia":[{"embeddable":true,"href":"https:\/\/lossburg-schoemberg.de\/index.php\/wp-json\/wp\/v2\/media\/896"}],"wp:attachment":[{"href":"https:\/\/lossburg-schoemberg.de\/index.php\/wp-json\/wp\/v2\/media?parent=895"}],"curies":[{"name":"wp","href":"https:\/\/api.w.org\/{rel}","templated":true}]}}