{"id":863,"date":"2012-07-31T16:36:54","date_gmt":"2012-07-31T14:36:54","guid":{"rendered":"http:\/\/beta.lossburg-schoemberg.de\/?page_id=863"},"modified":"2016-12-16T21:15:23","modified_gmt":"2016-12-16T20:15:23","slug":"februar-30-jahre-dorfgemeinschaft","status":"publish","type":"page","link":"https:\/\/lossburg-schoemberg.de\/index.php\/rueckblick\/2009-2\/februar-30-jahre-dorfgemeinschaft\/","title":{"rendered":"Februar: &#8222;30 Jahre Dorfgemeinschaft&#8220;"},"content":{"rendered":"<p><strong><a href=\"http:\/\/beta.lossburg-schoemberg.de\/wp-content\/uploads\/2012\/07\/Dorfgem30.jpg\"><img loading=\"lazy\" decoding=\"async\" class=\"alignright wp-image-864\" title=\"Dorfgem30\" src=\"http:\/\/beta.lossburg-schoemberg.de\/wp-content\/uploads\/2012\/07\/Dorfgem30.jpg\" alt=\"\" width=\"346\" height=\"248\" \/><\/a>Ende Februar wurde im B\u00fcrger- und G\u00e4stehaus gefeiert, denn am 15.02.1979, also vor 30 Jahren wurde die Dorfgemeinschaft Sch\u00f6mberg gegr\u00fcndet.<\/strong><\/p>\n<p>Viele Sch\u00f6mberger, aber auch viele G\u00e4ste waren hier um:<\/p>\n<p>&#8211; zu feiern<br \/>\n&#8211; toll vorbereitete Schautafeln anzusehen<br \/>\n&#8211; Bilder und Filme von vor 30 Jahren zu sehen<br \/>\n&#8211; und um viele alte Erinnerungen auszutauschen.<\/p>\n<p>Vielen Dank an die Macher und Helfer der gelungenen, fr\u00f6hlichen Feier.<\/p>\n","protected":false},"excerpt":{"rendered":"<p>Ende Februar wurde im B\u00fcrger- und G\u00e4stehaus gefeiert, denn am 15.02.1979, also vor 30 Jahren wurde die Dorfgemeinschaft Sch\u00f6mberg gegr\u00fcndet. Viele Sch\u00f6mberger, aber auch viele G\u00e4ste waren hier um: &#8211; zu feiern &#8211; toll vorbereitete Schautafeln anzusehen &#8211; Bilder und Filme von vor 30 Jahren zu sehen &#8211; und um viele alte Erinnerungen auszutauschen. Vielen &hellip; <\/p>\n<p><a class=\"more-link btn\" href=\"https:\/\/lossburg-schoemberg.de\/index.php\/rueckblick\/2009-2\/februar-30-jahre-dorfgemeinschaft\/\">Weiterlesen<\/a><\/p>\n","protected":false},"author":1,"featured_media":864,"parent":40,"menu_order":10,"comment_status":"open","ping_status":"open","template":"","meta":{"footnotes":""},"class_list":["post-863","page","type-page","status-publish","has-post-thumbnail","hentry","nodate","item-wrap"],"_links":{"self":[{"href":"https:\/\/lossburg-schoemberg.de\/index.php\/wp-json\/wp\/v2\/pages\/863","targetHints":{"allow":["GET"]}}],"collection":[{"href":"https:\/\/lossburg-schoemberg.de\/index.php\/wp-json\/wp\/v2\/pages"}],"about":[{"href":"https:\/\/lossburg-schoemberg.de\/index.php\/wp-json\/wp\/v2\/types\/page"}],"author":[{"embeddable":true,"href":"https:\/\/lossburg-schoemberg.de\/index.php\/wp-json\/wp\/v2\/users\/1"}],"replies":[{"embeddable":true,"href":"https:\/\/lossburg-schoemberg.de\/index.php\/wp-json\/wp\/v2\/comments?post=863"}],"version-history":[{"count":2,"href":"https:\/\/lossburg-schoemberg.de\/index.php\/wp-json\/wp\/v2\/pages\/863\/revisions"}],"predecessor-version":[{"id":3475,"href":"https:\/\/lossburg-schoemberg.de\/index.php\/wp-json\/wp\/v2\/pages\/863\/revisions\/3475"}],"up":[{"embeddable":true,"href":"https:\/\/lossburg-schoemberg.de\/index.php\/wp-json\/wp\/v2\/pages\/40"}],"wp:featuredmedia":[{"embeddable":true,"href":"https:\/\/lossburg-schoemberg.de\/index.php\/wp-json\/wp\/v2\/media\/864"}],"wp:attachment":[{"href":"https:\/\/lossburg-schoemberg.de\/index.php\/wp-json\/wp\/v2\/media?parent=863"}],"curies":[{"name":"wp","href":"https:\/\/api.w.org\/{rel}","templated":true}]}}