{"id":856,"date":"2012-07-31T16:34:28","date_gmt":"2012-07-31T14:34:28","guid":{"rendered":"http:\/\/beta.lossburg-schoemberg.de\/?page_id=856"},"modified":"2016-12-16T21:16:05","modified_gmt":"2016-12-16T20:16:05","slug":"april-maibaumstellen","status":"publish","type":"page","link":"https:\/\/lossburg-schoemberg.de\/index.php\/rueckblick\/2009-2\/april-maibaumstellen\/","title":{"rendered":"April: Maibaumstellen"},"content":{"rendered":"<p>Am Do. 30.04.06 wurde der Maibaum aufgestellt durch die Feuerwehr Sch\u00f6mberg. Der Kranz und die Girlande wurden von den Frauen der Sch\u00f6mberger Gymnastik-Gruppe gebunden.<br \/>\nDas Besondere: Das Reisig steht in voller Bl\u00fcte.<\/p>\n<table border=\"0\" align=\"center\">\n<tbody>\n<tr>\n<td><img loading=\"lazy\" decoding=\"async\" class=\"aligncenter wp-image-857\" title=\"Maibaum01\" src=\"http:\/\/beta.lossburg-schoemberg.de\/wp-content\/uploads\/2012\/07\/Maibaum01.jpg\" alt=\"\" width=\"307\" height=\"154\" srcset=\"https:\/\/lossburg-schoemberg.de\/wp-content\/uploads\/2012\/07\/Maibaum01.jpg 640w, https:\/\/lossburg-schoemberg.de\/wp-content\/uploads\/2012\/07\/Maibaum01-340x170.jpg 340w\" sizes=\"auto, (max-width: 307px) 100vw, 307px\" \/><\/td>\n<td><img loading=\"lazy\" decoding=\"async\" class=\"aligncenter wp-image-858\" title=\"Maibaum02\" src=\"http:\/\/beta.lossburg-schoemberg.de\/wp-content\/uploads\/2012\/07\/Maibaum02.jpg\" alt=\"\" width=\"307\" height=\"236\" \/><\/td>\n<\/tr>\n<tr>\n<td><a href=\"http:\/\/beta.lossburg-schoemberg.de\/wp-content\/uploads\/2012\/07\/Maibaum04.jpg\"><img loading=\"lazy\" decoding=\"async\" class=\"aligncenter wp-image-860\" title=\"Maibaum04\" src=\"http:\/\/beta.lossburg-schoemberg.de\/wp-content\/uploads\/2012\/07\/Maibaum04-531x640.jpg\" alt=\"\" width=\"319\" height=\"384\" srcset=\"https:\/\/lossburg-schoemberg.de\/wp-content\/uploads\/2012\/07\/Maibaum04-531x640.jpg 531w, https:\/\/lossburg-schoemberg.de\/wp-content\/uploads\/2012\/07\/Maibaum04.jpg 640w\" sizes=\"auto, (max-width: 319px) 100vw, 319px\" \/><\/a><\/td>\n<td><img loading=\"lazy\" decoding=\"async\" class=\"aligncenter wp-image-859\" title=\"Maibaum06\" src=\"http:\/\/beta.lossburg-schoemberg.de\/wp-content\/uploads\/2012\/07\/Maibaum06.jpg\" alt=\"\" width=\"307\" height=\"284\" \/><\/td>\n<\/tr>\n<tr>\n<td colspan=\"2\" rowspan=\"4\"><a href=\"http:\/\/beta.lossburg-schoemberg.de\/wp-content\/uploads\/2012\/07\/Maibaum05.jpg\"><img loading=\"lazy\" decoding=\"async\" class=\"aligncenter wp-image-861\" title=\"Maibaum05\" src=\"http:\/\/beta.lossburg-schoemberg.de\/wp-content\/uploads\/2012\/07\/Maibaum05-437x640.jpg\" alt=\"\" width=\"350\" height=\"512\" srcset=\"https:\/\/lossburg-schoemberg.de\/wp-content\/uploads\/2012\/07\/Maibaum05-437x640.jpg 437w, https:\/\/lossburg-schoemberg.de\/wp-content\/uploads\/2012\/07\/Maibaum05.jpg 640w\" sizes=\"auto, (max-width: 350px) 100vw, 350px\" \/><\/a><\/td>\n<\/tr>\n<\/tbody>\n<\/table>\n<p>&nbsp;<\/p>\n<p>&nbsp;<\/p>\n","protected":false},"excerpt":{"rendered":"<p>Am Do. 30.04.06 wurde der Maibaum aufgestellt durch die Feuerwehr Sch\u00f6mberg. Der Kranz und die Girlande wurden von den Frauen der Sch\u00f6mberger Gymnastik-Gruppe gebunden. Das Besondere: Das Reisig steht in voller Bl\u00fcte. &nbsp; &nbsp;<\/p>\n","protected":false},"author":1,"featured_media":858,"parent":40,"menu_order":15,"comment_status":"open","ping_status":"open","template":"","meta":{"footnotes":""},"class_list":["post-856","page","type-page","status-publish","has-post-thumbnail","hentry","nodate","item-wrap"],"_links":{"self":[{"href":"https:\/\/lossburg-schoemberg.de\/index.php\/wp-json\/wp\/v2\/pages\/856","targetHints":{"allow":["GET"]}}],"collection":[{"href":"https:\/\/lossburg-schoemberg.de\/index.php\/wp-json\/wp\/v2\/pages"}],"about":[{"href":"https:\/\/lossburg-schoemberg.de\/index.php\/wp-json\/wp\/v2\/types\/page"}],"author":[{"embeddable":true,"href":"https:\/\/lossburg-schoemberg.de\/index.php\/wp-json\/wp\/v2\/users\/1"}],"replies":[{"embeddable":true,"href":"https:\/\/lossburg-schoemberg.de\/index.php\/wp-json\/wp\/v2\/comments?post=856"}],"version-history":[{"count":3,"href":"https:\/\/lossburg-schoemberg.de\/index.php\/wp-json\/wp\/v2\/pages\/856\/revisions"}],"predecessor-version":[{"id":3477,"href":"https:\/\/lossburg-schoemberg.de\/index.php\/wp-json\/wp\/v2\/pages\/856\/revisions\/3477"}],"up":[{"embeddable":true,"href":"https:\/\/lossburg-schoemberg.de\/index.php\/wp-json\/wp\/v2\/pages\/40"}],"wp:featuredmedia":[{"embeddable":true,"href":"https:\/\/lossburg-schoemberg.de\/index.php\/wp-json\/wp\/v2\/media\/858"}],"wp:attachment":[{"href":"https:\/\/lossburg-schoemberg.de\/index.php\/wp-json\/wp\/v2\/media?parent=856"}],"curies":[{"name":"wp","href":"https:\/\/api.w.org\/{rel}","templated":true}]}}