{"id":848,"date":"2012-07-31T15:07:39","date_gmt":"2012-07-31T13:07:39","guid":{"rendered":"http:\/\/beta.lossburg-schoemberg.de\/?page_id=848"},"modified":"2016-12-16T21:17:09","modified_gmt":"2016-12-16T20:17:09","slug":"juni-sonnwendfeier","status":"publish","type":"page","link":"https:\/\/lossburg-schoemberg.de\/index.php\/rueckblick\/2009-2\/juni-sonnwendfeier\/","title":{"rendered":"Juni: Sonnwendfeier"},"content":{"rendered":"<p><a href=\"http:\/\/beta.lossburg-schoemberg.de\/wp-content\/uploads\/2012\/07\/Sonnwendfeier09.jpg\"><img loading=\"lazy\" decoding=\"async\" class=\"alignright wp-image-849\" title=\"Sonnwendfeier09\" src=\"http:\/\/beta.lossburg-schoemberg.de\/wp-content\/uploads\/2012\/07\/Sonnwendfeier09.jpg\" alt=\"\" width=\"358\" height=\"194\" \/><\/a>Am 20.06.09 wurde auf dem Spielplatz am oberen Wald die Sommersonnenwende gefeiert.<\/p>\n<p>Nach Einbruch der Dunkelheit wurde der gro\u00dfe Holzsto\u00df angez\u00fcndet.<\/p>\n<p>Die Sonnwendfeier wurde von der Dorfgemeinschaft Sch\u00f6mberg ausgerichtet.<\/p>\n","protected":false},"excerpt":{"rendered":"<p>Am 20.06.09 wurde auf dem Spielplatz am oberen Wald die Sommersonnenwende gefeiert. Nach Einbruch der Dunkelheit wurde der gro\u00dfe Holzsto\u00df angez\u00fcndet. Die Sonnwendfeier wurde von der Dorfgemeinschaft Sch\u00f6mberg ausgerichtet.<\/p>\n","protected":false},"author":1,"featured_media":849,"parent":40,"menu_order":25,"comment_status":"open","ping_status":"open","template":"","meta":{"footnotes":""},"class_list":["post-848","page","type-page","status-publish","has-post-thumbnail","hentry","nodate","item-wrap"],"_links":{"self":[{"href":"https:\/\/lossburg-schoemberg.de\/index.php\/wp-json\/wp\/v2\/pages\/848","targetHints":{"allow":["GET"]}}],"collection":[{"href":"https:\/\/lossburg-schoemberg.de\/index.php\/wp-json\/wp\/v2\/pages"}],"about":[{"href":"https:\/\/lossburg-schoemberg.de\/index.php\/wp-json\/wp\/v2\/types\/page"}],"author":[{"embeddable":true,"href":"https:\/\/lossburg-schoemberg.de\/index.php\/wp-json\/wp\/v2\/users\/1"}],"replies":[{"embeddable":true,"href":"https:\/\/lossburg-schoemberg.de\/index.php\/wp-json\/wp\/v2\/comments?post=848"}],"version-history":[{"count":3,"href":"https:\/\/lossburg-schoemberg.de\/index.php\/wp-json\/wp\/v2\/pages\/848\/revisions"}],"predecessor-version":[{"id":3479,"href":"https:\/\/lossburg-schoemberg.de\/index.php\/wp-json\/wp\/v2\/pages\/848\/revisions\/3479"}],"up":[{"embeddable":true,"href":"https:\/\/lossburg-schoemberg.de\/index.php\/wp-json\/wp\/v2\/pages\/40"}],"wp:featuredmedia":[{"embeddable":true,"href":"https:\/\/lossburg-schoemberg.de\/index.php\/wp-json\/wp\/v2\/media\/849"}],"wp:attachment":[{"href":"https:\/\/lossburg-schoemberg.de\/index.php\/wp-json\/wp\/v2\/media?parent=848"}],"curies":[{"name":"wp","href":"https:\/\/api.w.org\/{rel}","templated":true}]}}