{"id":836,"date":"2012-07-31T15:01:22","date_gmt":"2012-07-31T13:01:22","guid":{"rendered":"http:\/\/beta.lossburg-schoemberg.de\/?page_id=836"},"modified":"2016-12-16T21:18:11","modified_gmt":"2016-12-16T20:18:11","slug":"november-sportabzeichenuebergabe","status":"publish","type":"page","link":"https:\/\/lossburg-schoemberg.de\/index.php\/rueckblick\/2009-2\/november-sportabzeichenuebergabe\/","title":{"rendered":"November: Sportabzeichen\u00fcbergabe"},"content":{"rendered":"<table border=\"0\" align=\"center\">\n<tbody>\n<tr style=\"height: 340px;\">\n<td style=\"width: 300px; text-align: center;\"><img loading=\"lazy\" decoding=\"async\" class=\"aligncenter wp-image-837\" title=\"Anja\" src=\"http:\/\/beta.lossburg-schoemberg.de\/wp-content\/uploads\/2012\/07\/Anja-576x640.jpg\" alt=\"\" width=\"322\" height=\"358\" srcset=\"https:\/\/lossburg-schoemberg.de\/wp-content\/uploads\/2012\/07\/Anja-576x640.jpg 576w, https:\/\/lossburg-schoemberg.de\/wp-content\/uploads\/2012\/07\/Anja.jpg 640w\" sizes=\"auto, (max-width: 322px) 100vw, 322px\" \/><\/td>\n<td style=\"width: 300px; text-align: center;\">Anja Eberhard, die Leiterin der Sch\u00f6mberger Jugendsportgruppe Sch\u00f6mberg bei der \u00dcbergabe einer Urkunde an eine 11-j\u00e4hrige Sch\u00f6mbergerin.<\/td>\n<\/tr>\n<tr style=\"height: 340px;\">\n<td style=\"text-align: center;\"><img loading=\"lazy\" decoding=\"async\" class=\"aligncenter wp-image-838\" title=\"Anja_Beyer\" src=\"http:\/\/beta.lossburg-schoemberg.de\/wp-content\/uploads\/2012\/07\/Anja_Beyer.jpg\" alt=\"\" width=\"307\" height=\"241\" \/><\/td>\n<td style=\"width: 300px; text-align: center;\">Anja Eberhardt mit Uwe Beyer, Sportabzeichen Referent des Sportkreises Freudenstadt<\/td>\n<\/tr>\n<\/tbody>\n<\/table>\n","protected":false},"excerpt":{"rendered":"<p>Anja Eberhard, die Leiterin der Sch\u00f6mberger Jugendsportgruppe Sch\u00f6mberg bei der \u00dcbergabe einer Urkunde an eine 11-j\u00e4hrige Sch\u00f6mbergerin. Anja Eberhardt mit Uwe Beyer, Sportabzeichen Referent des Sportkreises Freudenstadt<\/p>\n","protected":false},"author":1,"featured_media":837,"parent":40,"menu_order":35,"comment_status":"open","ping_status":"open","template":"","meta":{"footnotes":""},"class_list":["post-836","page","type-page","status-publish","has-post-thumbnail","hentry","nodate","item-wrap"],"_links":{"self":[{"href":"https:\/\/lossburg-schoemberg.de\/index.php\/wp-json\/wp\/v2\/pages\/836","targetHints":{"allow":["GET"]}}],"collection":[{"href":"https:\/\/lossburg-schoemberg.de\/index.php\/wp-json\/wp\/v2\/pages"}],"about":[{"href":"https:\/\/lossburg-schoemberg.de\/index.php\/wp-json\/wp\/v2\/types\/page"}],"author":[{"embeddable":true,"href":"https:\/\/lossburg-schoemberg.de\/index.php\/wp-json\/wp\/v2\/users\/1"}],"replies":[{"embeddable":true,"href":"https:\/\/lossburg-schoemberg.de\/index.php\/wp-json\/wp\/v2\/comments?post=836"}],"version-history":[{"count":6,"href":"https:\/\/lossburg-schoemberg.de\/index.php\/wp-json\/wp\/v2\/pages\/836\/revisions"}],"predecessor-version":[{"id":844,"href":"https:\/\/lossburg-schoemberg.de\/index.php\/wp-json\/wp\/v2\/pages\/836\/revisions\/844"}],"up":[{"embeddable":true,"href":"https:\/\/lossburg-schoemberg.de\/index.php\/wp-json\/wp\/v2\/pages\/40"}],"wp:featuredmedia":[{"embeddable":true,"href":"https:\/\/lossburg-schoemberg.de\/index.php\/wp-json\/wp\/v2\/media\/837"}],"wp:attachment":[{"href":"https:\/\/lossburg-schoemberg.de\/index.php\/wp-json\/wp\/v2\/media?parent=836"}],"curies":[{"name":"wp","href":"https:\/\/api.w.org\/{rel}","templated":true}]}}