{"id":809,"date":"2012-07-31T14:51:35","date_gmt":"2012-07-31T12:51:35","guid":{"rendered":"http:\/\/beta.lossburg-schoemberg.de\/?page_id=809"},"modified":"2016-12-16T21:20:25","modified_gmt":"2016-12-16T20:20:25","slug":"winterimpressionen","status":"publish","type":"page","link":"https:\/\/lossburg-schoemberg.de\/index.php\/rueckblick\/2010-2\/winterimpressionen\/","title":{"rendered":"Winterimpressionen"},"content":{"rendered":"<p>Winterimpressionen 2010<\/p>\n<address style=\"text-align: center;\"><a href=\"http:\/\/beta.lossburg-schoemberg.de\/wp-content\/uploads\/2012\/07\/Brunnen_vor_Weinstube2.jpg\"><img loading=\"lazy\" decoding=\"async\" class=\"aligncenter size-medium wp-image-810\" title=\"Brunnen_vor_Weinstube2\" src=\"http:\/\/beta.lossburg-schoemberg.de\/wp-content\/uploads\/2012\/07\/Brunnen_vor_Weinstube2-640x480.jpg\" alt=\"\" width=\"640\" height=\"480\" srcset=\"https:\/\/lossburg-schoemberg.de\/wp-content\/uploads\/2012\/07\/Brunnen_vor_Weinstube2-640x480.jpg 640w, https:\/\/lossburg-schoemberg.de\/wp-content\/uploads\/2012\/07\/Brunnen_vor_Weinstube2.jpg 800w\" sizes=\"auto, (max-width: 640px) 100vw, 640px\" \/><\/a>Ziehbrunnen vor der Weinstube Foto: Sabine Winter<\/address>\n<address style=\"text-align: center;\"><a href=\"http:\/\/beta.lossburg-schoemberg.de\/wp-content\/uploads\/2012\/07\/Buergerhaus2.jpg\"><img loading=\"lazy\" decoding=\"async\" class=\"aligncenter size-medium wp-image-811\" title=\"Buergerhaus2\" src=\"http:\/\/beta.lossburg-schoemberg.de\/wp-content\/uploads\/2012\/07\/Buergerhaus2-640x480.jpg\" alt=\"\" width=\"640\" height=\"480\" srcset=\"https:\/\/lossburg-schoemberg.de\/wp-content\/uploads\/2012\/07\/Buergerhaus2-640x480.jpg 640w, https:\/\/lossburg-schoemberg.de\/wp-content\/uploads\/2012\/07\/Buergerhaus2.jpg 800w\" sizes=\"auto, (max-width: 640px) 100vw, 640px\" \/><\/a><\/address>\n<address style=\"text-align: center;\">B\u00fcrger- und G\u00e4stehaus Foto: Sabine Winter<\/address>\n<address style=\"text-align: center;\"><a href=\"http:\/\/beta.lossburg-schoemberg.de\/wp-content\/uploads\/2012\/07\/Buswartehaus2.jpg\"><img loading=\"lazy\" decoding=\"async\" class=\"aligncenter size-medium wp-image-812\" title=\"Buswartehaus2\" src=\"http:\/\/beta.lossburg-schoemberg.de\/wp-content\/uploads\/2012\/07\/Buswartehaus2-640x480.jpg\" alt=\"\" width=\"640\" height=\"480\" srcset=\"https:\/\/lossburg-schoemberg.de\/wp-content\/uploads\/2012\/07\/Buswartehaus2-640x480.jpg 640w, https:\/\/lossburg-schoemberg.de\/wp-content\/uploads\/2012\/07\/Buswartehaus2.jpg 800w\" sizes=\"auto, (max-width: 640px) 100vw, 640px\" \/><\/a><\/address>\n<address style=\"text-align: center;\">Buswarteh\u00e4uschen in der Ortsmitte Foto: Sabine Winter<\/address>\n<address style=\"text-align: center;\"><a href=\"http:\/\/beta.lossburg-schoemberg.de\/wp-content\/uploads\/2012\/07\/Schulfeld4.jpg\"><img loading=\"lazy\" decoding=\"async\" class=\"aligncenter size-medium wp-image-813\" title=\"Schulfeld4\" src=\"http:\/\/beta.lossburg-schoemberg.de\/wp-content\/uploads\/2012\/07\/Schulfeld4-640x480.jpg\" alt=\"\" width=\"640\" height=\"480\" srcset=\"https:\/\/lossburg-schoemberg.de\/wp-content\/uploads\/2012\/07\/Schulfeld4-640x480.jpg 640w, https:\/\/lossburg-schoemberg.de\/wp-content\/uploads\/2012\/07\/Schulfeld4.jpg 800w\" sizes=\"auto, (max-width: 640px) 100vw, 640px\" \/><\/a><\/address>\n<address style=\"text-align: center;\">Einfahrt zum Schulfeld Foto: Sabine Winter<\/address>\n<address style=\"text-align: center;\"><a href=\"http:\/\/beta.lossburg-schoemberg.de\/wp-content\/uploads\/2012\/07\/Schulfeld5.jpg\"><img loading=\"lazy\" decoding=\"async\" class=\"aligncenter size-medium wp-image-814\" title=\"Schulfeld5\" src=\"http:\/\/beta.lossburg-schoemberg.de\/wp-content\/uploads\/2012\/07\/Schulfeld5-640x480.jpg\" alt=\"\" width=\"640\" height=\"480\" srcset=\"https:\/\/lossburg-schoemberg.de\/wp-content\/uploads\/2012\/07\/Schulfeld5-640x480.jpg 640w, https:\/\/lossburg-schoemberg.de\/wp-content\/uploads\/2012\/07\/Schulfeld5.jpg 800w\" sizes=\"auto, (max-width: 640px) 100vw, 640px\" \/><\/a><\/address>\n<address style=\"text-align: center;\">Wohngebiet Schulfeld Foto: Sabine Winter<\/address>\n<address style=\"text-align: center;\"><a href=\"http:\/\/beta.lossburg-schoemberg.de\/wp-content\/uploads\/2012\/07\/Schulfeld6.jpg\"><img loading=\"lazy\" decoding=\"async\" class=\"aligncenter size-medium wp-image-815\" title=\"Schulfeld6\" src=\"http:\/\/beta.lossburg-schoemberg.de\/wp-content\/uploads\/2012\/07\/Schulfeld6-640x480.jpg\" alt=\"\" width=\"640\" height=\"480\" srcset=\"https:\/\/lossburg-schoemberg.de\/wp-content\/uploads\/2012\/07\/Schulfeld6-640x480.jpg 640w, https:\/\/lossburg-schoemberg.de\/wp-content\/uploads\/2012\/07\/Schulfeld6.jpg 800w\" sizes=\"auto, (max-width: 640px) 100vw, 640px\" \/><\/a><\/address>\n<address style=\"text-align: center;\">Vom Schulfeld Richtung Mesenwaldstra\u00dfe Foto: Sabine Winter<\/address>\n<address style=\"text-align: center;\"><a href=\"http:\/\/beta.lossburg-schoemberg.de\/wp-content\/uploads\/2012\/07\/Kreisverkehr2.jpg\"><img loading=\"lazy\" decoding=\"async\" class=\"aligncenter size-medium wp-image-816\" title=\"Kreisverkehr2\" src=\"http:\/\/beta.lossburg-schoemberg.de\/wp-content\/uploads\/2012\/07\/Kreisverkehr2-640x480.jpg\" alt=\"\" width=\"640\" height=\"480\" srcset=\"https:\/\/lossburg-schoemberg.de\/wp-content\/uploads\/2012\/07\/Kreisverkehr2-640x480.jpg 640w, https:\/\/lossburg-schoemberg.de\/wp-content\/uploads\/2012\/07\/Kreisverkehr2.jpg 800w\" sizes=\"auto, (max-width: 640px) 100vw, 640px\" \/><\/a><\/address>\n<address style=\"text-align: center;\">Gehweg mit Blick zum Kreisverkehr Foto: Sabine Winter<\/address>\n<address style=\"text-align: center;\"><a href=\"http:\/\/beta.lossburg-schoemberg.de\/wp-content\/uploads\/2012\/07\/Reinerzauerstr2.jpg\"><img loading=\"lazy\" decoding=\"async\" class=\"aligncenter size-medium wp-image-817\" title=\"Reinerzauerstr2\" src=\"http:\/\/beta.lossburg-schoemberg.de\/wp-content\/uploads\/2012\/07\/Reinerzauerstr2-640x480.jpg\" alt=\"\" width=\"640\" height=\"480\" srcset=\"https:\/\/lossburg-schoemberg.de\/wp-content\/uploads\/2012\/07\/Reinerzauerstr2-640x480.jpg 640w, https:\/\/lossburg-schoemberg.de\/wp-content\/uploads\/2012\/07\/Reinerzauerstr2.jpg 800w\" sizes=\"auto, (max-width: 640px) 100vw, 640px\" \/><\/a><\/address>\n<address style=\"text-align: center;\">Reinerzauerstra\u00dfe mit Hofbauernhof Foto: Sabine Winter<\/address>\n<address style=\"text-align: center;\"><a href=\"http:\/\/beta.lossburg-schoemberg.de\/wp-content\/uploads\/2012\/07\/Kirche2.jpg\"><img loading=\"lazy\" decoding=\"async\" class=\"aligncenter size-medium wp-image-818\" title=\"Kirche2\" src=\"http:\/\/beta.lossburg-schoemberg.de\/wp-content\/uploads\/2012\/07\/Kirche2-640x480.jpg\" alt=\"\" width=\"640\" height=\"480\" srcset=\"https:\/\/lossburg-schoemberg.de\/wp-content\/uploads\/2012\/07\/Kirche2-640x480.jpg 640w, https:\/\/lossburg-schoemberg.de\/wp-content\/uploads\/2012\/07\/Kirche2.jpg 800w\" sizes=\"auto, (max-width: 640px) 100vw, 640px\" \/><\/a><\/address>\n<address style=\"text-align: center;\">Kirche Foto: Sabine Winter<\/address>\n<address style=\"text-align: center;\"><a href=\"http:\/\/beta.lossburg-schoemberg.de\/wp-content\/uploads\/2012\/07\/Eiszapfen2.jpg\"><img loading=\"lazy\" decoding=\"async\" class=\"aligncenter size-medium wp-image-819\" title=\"Eiszapfen2\" src=\"http:\/\/beta.lossburg-schoemberg.de\/wp-content\/uploads\/2012\/07\/Eiszapfen2-640x480.jpg\" alt=\"\" width=\"640\" height=\"480\" srcset=\"https:\/\/lossburg-schoemberg.de\/wp-content\/uploads\/2012\/07\/Eiszapfen2-640x480.jpg 640w, https:\/\/lossburg-schoemberg.de\/wp-content\/uploads\/2012\/07\/Eiszapfen2.jpg 800w\" sizes=\"auto, (max-width: 640px) 100vw, 640px\" \/><\/a><\/address>\n<address style=\"text-align: center;\">Durch die Eiszapfen hindurch kann man die Kirche erkennen\u00a0Foto: Sabine Winter<\/address>\n<address style=\"text-align: center;\"><a href=\"http:\/\/beta.lossburg-schoemberg.de\/wp-content\/uploads\/2012\/07\/Waldrand2.jpg\"><img loading=\"lazy\" decoding=\"async\" class=\"aligncenter size-medium wp-image-820\" title=\"Waldrand2\" src=\"http:\/\/beta.lossburg-schoemberg.de\/wp-content\/uploads\/2012\/07\/Waldrand2-640x480.jpg\" alt=\"\" width=\"640\" height=\"480\" srcset=\"https:\/\/lossburg-schoemberg.de\/wp-content\/uploads\/2012\/07\/Waldrand2-640x480.jpg 640w, https:\/\/lossburg-schoemberg.de\/wp-content\/uploads\/2012\/07\/Waldrand2.jpg 800w\" sizes=\"auto, (max-width: 640px) 100vw, 640px\" \/><\/a><\/address>\n<address style=\"text-align: center;\">Idylle am Waldrand Foto: Sabine Winter<\/address>\n<address style=\"text-align: center;\"><a href=\"http:\/\/beta.lossburg-schoemberg.de\/wp-content\/uploads\/2012\/07\/Blumenhof2.jpg\"><img loading=\"lazy\" decoding=\"async\" class=\"aligncenter size-medium wp-image-821\" title=\"Blumenhof2\" src=\"http:\/\/beta.lossburg-schoemberg.de\/wp-content\/uploads\/2012\/07\/Blumenhof2-640x480.jpg\" alt=\"\" width=\"640\" height=\"480\" srcset=\"https:\/\/lossburg-schoemberg.de\/wp-content\/uploads\/2012\/07\/Blumenhof2-640x480.jpg 640w, https:\/\/lossburg-schoemberg.de\/wp-content\/uploads\/2012\/07\/Blumenhof2.jpg 800w\" sizes=\"auto, (max-width: 640px) 100vw, 640px\" \/><\/a><\/address>\n<address style=\"text-align: center;\">Blick vom &#8222;Spielplatz oberer Wald&#8220; \u00fcber die Blumenh\u00f6fe in Richtung Kinzigtal\u00a0Foto: Sabine Winter<\/address>\n<address style=\"text-align: center;\"><a href=\"http:\/\/beta.lossburg-schoemberg.de\/wp-content\/uploads\/2012\/07\/Wirth_Solreuthe.jpg\"><img loading=\"lazy\" decoding=\"async\" class=\"aligncenter size-medium wp-image-822\" title=\"Wirth_Solreuthe\" src=\"http:\/\/beta.lossburg-schoemberg.de\/wp-content\/uploads\/2012\/07\/Wirth_Solreuthe-640x426.jpg\" alt=\"\" width=\"640\" height=\"426\" srcset=\"https:\/\/lossburg-schoemberg.de\/wp-content\/uploads\/2012\/07\/Wirth_Solreuthe-640x426.jpg 640w, https:\/\/lossburg-schoemberg.de\/wp-content\/uploads\/2012\/07\/Wirth_Solreuthe.jpg 800w\" sizes=\"auto, (max-width: 640px) 100vw, 640px\" \/><\/a><\/address>\n<address style=\"text-align: center;\">Die Rodelbahn &#8222;Solreuthe&#8220; gleich am Ortseingang\u00a0Foto: M. Wirth<\/address>\n<address style=\"text-align: center;\"><a href=\"http:\/\/beta.lossburg-schoemberg.de\/wp-content\/uploads\/2012\/07\/Wirth_Mesenwaldstr.jpg\"><img loading=\"lazy\" decoding=\"async\" class=\"aligncenter size-medium wp-image-823\" title=\"Wirth_Mesenwaldstr\" src=\"http:\/\/beta.lossburg-schoemberg.de\/wp-content\/uploads\/2012\/07\/Wirth_Mesenwaldstr-640x426.jpg\" alt=\"\" width=\"640\" height=\"426\" srcset=\"https:\/\/lossburg-schoemberg.de\/wp-content\/uploads\/2012\/07\/Wirth_Mesenwaldstr-640x426.jpg 640w, https:\/\/lossburg-schoemberg.de\/wp-content\/uploads\/2012\/07\/Wirth_Mesenwaldstr.jpg 800w\" sizes=\"auto, (max-width: 640px) 100vw, 640px\" \/><\/a><\/address>\n<address style=\"text-align: center;\">Mesenwaldstra\u00dfe Foto: M. Wirth<\/address>\n","protected":false},"excerpt":{"rendered":"<p>Winterimpressionen 2010 Ziehbrunnen vor der Weinstube Foto: Sabine Winter B\u00fcrger- und G\u00e4stehaus Foto: Sabine Winter Buswarteh\u00e4uschen in der Ortsmitte Foto: Sabine Winter Einfahrt zum Schulfeld Foto: Sabine Winter Wohngebiet Schulfeld Foto: Sabine Winter Vom Schulfeld Richtung Mesenwaldstra\u00dfe Foto: Sabine Winter Gehweg mit Blick zum Kreisverkehr Foto: Sabine Winter Reinerzauerstra\u00dfe mit Hofbauernhof Foto: Sabine Winter Kirche &hellip; <\/p>\n<p><a class=\"more-link btn\" href=\"https:\/\/lossburg-schoemberg.de\/index.php\/rueckblick\/2010-2\/winterimpressionen\/\">Weiterlesen<\/a><\/p>\n","protected":false},"author":1,"featured_media":810,"parent":37,"menu_order":5,"comment_status":"open","ping_status":"open","template":"","meta":{"footnotes":""},"class_list":["post-809","page","type-page","status-publish","has-post-thumbnail","hentry","nodate","item-wrap"],"_links":{"self":[{"href":"https:\/\/lossburg-schoemberg.de\/index.php\/wp-json\/wp\/v2\/pages\/809","targetHints":{"allow":["GET"]}}],"collection":[{"href":"https:\/\/lossburg-schoemberg.de\/index.php\/wp-json\/wp\/v2\/pages"}],"about":[{"href":"https:\/\/lossburg-schoemberg.de\/index.php\/wp-json\/wp\/v2\/types\/page"}],"author":[{"embeddable":true,"href":"https:\/\/lossburg-schoemberg.de\/index.php\/wp-json\/wp\/v2\/users\/1"}],"replies":[{"embeddable":true,"href":"https:\/\/lossburg-schoemberg.de\/index.php\/wp-json\/wp\/v2\/comments?post=809"}],"version-history":[{"count":2,"href":"https:\/\/lossburg-schoemberg.de\/index.php\/wp-json\/wp\/v2\/pages\/809\/revisions"}],"predecessor-version":[{"id":3482,"href":"https:\/\/lossburg-schoemberg.de\/index.php\/wp-json\/wp\/v2\/pages\/809\/revisions\/3482"}],"up":[{"embeddable":true,"href":"https:\/\/lossburg-schoemberg.de\/index.php\/wp-json\/wp\/v2\/pages\/37"}],"wp:featuredmedia":[{"embeddable":true,"href":"https:\/\/lossburg-schoemberg.de\/index.php\/wp-json\/wp\/v2\/media\/810"}],"wp:attachment":[{"href":"https:\/\/lossburg-schoemberg.de\/index.php\/wp-json\/wp\/v2\/media?parent=809"}],"curies":[{"name":"wp","href":"https:\/\/api.w.org\/{rel}","templated":true}]}}