{"id":779,"date":"2012-07-31T14:13:44","date_gmt":"2012-07-31T12:13:44","guid":{"rendered":"http:\/\/beta.lossburg-schoemberg.de\/?page_id=779"},"modified":"2016-12-16T21:21:47","modified_gmt":"2016-12-16T20:21:47","slug":"juli-hoffest-auf-dem-hofbauernhof","status":"publish","type":"page","link":"https:\/\/lossburg-schoemberg.de\/index.php\/rueckblick\/2010-2\/juli-hoffest-auf-dem-hofbauernhof\/","title":{"rendered":"Juli: Hoffest auf dem Hofbauernhof"},"content":{"rendered":"<p>Bei sch\u00f6nstem Wetter fand das diesj\u00e4hrige Hoffest auf dem Hofbauernhof statt.<br \/>\nEs war ein sch\u00f6ner, farbiger, kinderfreundlicher Tag. Au\u00dfer einem Tag der offenen T\u00fcr gab es: Kistenklettern &#8211;\u00a0K\u00f6stlichkeiten aus Hofk\u00fcche und Backstube\u00a0&#8211; Strohh\u00fcpfburg &#8211; Kinderparcours &#8211; Kuhroulette &#8211; Hoff\u00fchrungen &#8211; Bauernolympiade &#8211; Baumklettern &#8211; Bastelst\u00e4nde &#8211; Infost\u00e4nde &#8211; Tombola\u00a0 und vieles mehr.<\/p>\n<table border=\"0\" align=\"center\">\n<tbody>\n<tr>\n<td style=\"text-align: center;\"><a href=\"http:\/\/beta.lossburg-schoemberg.de\/wp-content\/uploads\/2012\/07\/HoffestGaense.jpg\"><img loading=\"lazy\" decoding=\"async\" class=\"aligncenter wp-image-780\" title=\"HoffestGaense\" src=\"http:\/\/beta.lossburg-schoemberg.de\/wp-content\/uploads\/2012\/07\/HoffestGaense.jpg\" alt=\"\" width=\"323\" height=\"230\" \/><\/a><\/p>\n<address>Junge G\u00e4nse im Stall<\/address>\n<\/td>\n<td style=\"text-align: center;\"><a href=\"http:\/\/beta.lossburg-schoemberg.de\/wp-content\/uploads\/2012\/07\/HoffestStrohballen.jpg\"><img loading=\"lazy\" decoding=\"async\" class=\"aligncenter wp-image-782\" title=\"HoffestStrohballen\" src=\"http:\/\/beta.lossburg-schoemberg.de\/wp-content\/uploads\/2012\/07\/HoffestStrohballen.jpg\" alt=\"\" width=\"323\" height=\"230\" \/><\/a><\/p>\n<address>Klettern auf Strohballen\u00a0<\/address>\n<\/td>\n<\/tr>\n<tr>\n<td><a href=\"http:\/\/beta.lossburg-schoemberg.de\/wp-content\/uploads\/2012\/07\/HoffestRoland.jpg\"><img loading=\"lazy\" decoding=\"async\" class=\"aligncenter wp-image-783\" title=\"HoffestRoland\" src=\"http:\/\/beta.lossburg-schoemberg.de\/wp-content\/uploads\/2012\/07\/HoffestRoland.jpg\" alt=\"\" width=\"323\" height=\"170\" \/><\/a><\/td>\n<td><a href=\"http:\/\/beta.lossburg-schoemberg.de\/wp-content\/uploads\/2012\/07\/HoffestGruppe.jpg\"><img loading=\"lazy\" decoding=\"async\" class=\"aligncenter wp-image-784\" title=\"HoffestGruppe\" src=\"http:\/\/beta.lossburg-schoemberg.de\/wp-content\/uploads\/2012\/07\/HoffestGruppe.jpg\" alt=\"\" width=\"323\" height=\"170\" \/><\/a><\/td>\n<\/tr>\n<tr>\n<td style=\"text-align: center;\" colspan=\"2\">\n<address>Herr Roland L\u00fcbbertsmaier von den Hofbauern und Frau Christiane Saucke vom Freundeskreis Hofbauernhof e.v. bei der Begr\u00fc\u00dfung der G\u00e4ste des Hoffestes<\/address>\n<\/td>\n<\/tr>\n<\/tbody>\n<\/table>\n","protected":false},"excerpt":{"rendered":"<p>Bei sch\u00f6nstem Wetter fand das diesj\u00e4hrige Hoffest auf dem Hofbauernhof statt. Es war ein sch\u00f6ner, farbiger, kinderfreundlicher Tag. Au\u00dfer einem Tag der offenen T\u00fcr gab es: Kistenklettern &#8211;\u00a0K\u00f6stlichkeiten aus Hofk\u00fcche und Backstube\u00a0&#8211; Strohh\u00fcpfburg &#8211; Kinderparcours &#8211; Kuhroulette &#8211; Hoff\u00fchrungen &#8211; Bauernolympiade &#8211; Baumklettern &#8211; Bastelst\u00e4nde &#8211; Infost\u00e4nde &#8211; Tombola\u00a0 und vieles mehr. Junge G\u00e4nse im &hellip; <\/p>\n<p><a class=\"more-link btn\" href=\"https:\/\/lossburg-schoemberg.de\/index.php\/rueckblick\/2010-2\/juli-hoffest-auf-dem-hofbauernhof\/\">Weiterlesen<\/a><\/p>\n","protected":false},"author":1,"featured_media":782,"parent":37,"menu_order":20,"comment_status":"open","ping_status":"open","template":"","meta":{"footnotes":""},"class_list":["post-779","page","type-page","status-publish","has-post-thumbnail","hentry","nodate","item-wrap"],"_links":{"self":[{"href":"https:\/\/lossburg-schoemberg.de\/index.php\/wp-json\/wp\/v2\/pages\/779","targetHints":{"allow":["GET"]}}],"collection":[{"href":"https:\/\/lossburg-schoemberg.de\/index.php\/wp-json\/wp\/v2\/pages"}],"about":[{"href":"https:\/\/lossburg-schoemberg.de\/index.php\/wp-json\/wp\/v2\/types\/page"}],"author":[{"embeddable":true,"href":"https:\/\/lossburg-schoemberg.de\/index.php\/wp-json\/wp\/v2\/users\/1"}],"replies":[{"embeddable":true,"href":"https:\/\/lossburg-schoemberg.de\/index.php\/wp-json\/wp\/v2\/comments?post=779"}],"version-history":[{"count":2,"href":"https:\/\/lossburg-schoemberg.de\/index.php\/wp-json\/wp\/v2\/pages\/779\/revisions"}],"predecessor-version":[{"id":3485,"href":"https:\/\/lossburg-schoemberg.de\/index.php\/wp-json\/wp\/v2\/pages\/779\/revisions\/3485"}],"up":[{"embeddable":true,"href":"https:\/\/lossburg-schoemberg.de\/index.php\/wp-json\/wp\/v2\/pages\/37"}],"wp:featuredmedia":[{"embeddable":true,"href":"https:\/\/lossburg-schoemberg.de\/index.php\/wp-json\/wp\/v2\/media\/782"}],"wp:attachment":[{"href":"https:\/\/lossburg-schoemberg.de\/index.php\/wp-json\/wp\/v2\/media?parent=779"}],"curies":[{"name":"wp","href":"https:\/\/api.w.org\/{rel}","templated":true}]}}