{"id":771,"date":"2012-07-31T14:03:49","date_gmt":"2012-07-31T12:03:49","guid":{"rendered":"http:\/\/beta.lossburg-schoemberg.de\/?page_id=771"},"modified":"2016-12-16T21:22:44","modified_gmt":"2016-12-16T20:22:44","slug":"november-sendemast","status":"publish","type":"page","link":"https:\/\/lossburg-schoemberg.de\/index.php\/rueckblick\/2010-2\/november-sendemast\/","title":{"rendered":"November: Sendemast"},"content":{"rendered":"<p>F\u00fcr den digitalen Sprechfunk der Rettungsdienste in Baden-W\u00fcrttemberg wird in Sch\u00f6mberg ein Sendemast aufgestellt.<\/p>\n<p>Durch den Betrieb dieser Station sollen bisher nicht, oder schlecht versorgte Gebiete f\u00fcr Polizei, Feuerwehr und Rettungsdienste mit dem neu eingerichteten digitalen Funkdienst versorgt werden.<\/p>\n<p style=\"text-align: center;\"><a href=\"http:\/\/beta.lossburg-schoemberg.de\/wp-content\/uploads\/2012\/07\/Digitalfunk1.jpg\"><img loading=\"lazy\" decoding=\"async\" class=\"wp-image-772 aligncenter\" title=\"Digitalfunk1\" src=\"http:\/\/beta.lossburg-schoemberg.de\/wp-content\/uploads\/2012\/07\/Digitalfunk1-449x640.jpg\" alt=\"\" width=\"226\" height=\"322\" srcset=\"https:\/\/lossburg-schoemberg.de\/wp-content\/uploads\/2012\/07\/Digitalfunk1-449x640.jpg 449w, https:\/\/lossburg-schoemberg.de\/wp-content\/uploads\/2012\/07\/Digitalfunk1.jpg 549w\" sizes=\"auto, (max-width: 226px) 100vw, 226px\" \/><\/a><\/p>\n","protected":false},"excerpt":{"rendered":"<p>F\u00fcr den digitalen Sprechfunk der Rettungsdienste in Baden-W\u00fcrttemberg wird in Sch\u00f6mberg ein Sendemast aufgestellt. Durch den Betrieb dieser Station sollen bisher nicht, oder schlecht versorgte Gebiete f\u00fcr Polizei, Feuerwehr und Rettungsdienste mit dem neu eingerichteten digitalen Funkdienst versorgt werden.<\/p>\n","protected":false},"author":1,"featured_media":772,"parent":37,"menu_order":25,"comment_status":"open","ping_status":"open","template":"","meta":{"footnotes":""},"class_list":["post-771","page","type-page","status-publish","has-post-thumbnail","hentry","nodate","item-wrap"],"_links":{"self":[{"href":"https:\/\/lossburg-schoemberg.de\/index.php\/wp-json\/wp\/v2\/pages\/771","targetHints":{"allow":["GET"]}}],"collection":[{"href":"https:\/\/lossburg-schoemberg.de\/index.php\/wp-json\/wp\/v2\/pages"}],"about":[{"href":"https:\/\/lossburg-schoemberg.de\/index.php\/wp-json\/wp\/v2\/types\/page"}],"author":[{"embeddable":true,"href":"https:\/\/lossburg-schoemberg.de\/index.php\/wp-json\/wp\/v2\/users\/1"}],"replies":[{"embeddable":true,"href":"https:\/\/lossburg-schoemberg.de\/index.php\/wp-json\/wp\/v2\/comments?post=771"}],"version-history":[{"count":10,"href":"https:\/\/lossburg-schoemberg.de\/index.php\/wp-json\/wp\/v2\/pages\/771\/revisions"}],"predecessor-version":[{"id":3486,"href":"https:\/\/lossburg-schoemberg.de\/index.php\/wp-json\/wp\/v2\/pages\/771\/revisions\/3486"}],"up":[{"embeddable":true,"href":"https:\/\/lossburg-schoemberg.de\/index.php\/wp-json\/wp\/v2\/pages\/37"}],"wp:featuredmedia":[{"embeddable":true,"href":"https:\/\/lossburg-schoemberg.de\/index.php\/wp-json\/wp\/v2\/media\/772"}],"wp:attachment":[{"href":"https:\/\/lossburg-schoemberg.de\/index.php\/wp-json\/wp\/v2\/media?parent=771"}],"curies":[{"name":"wp","href":"https:\/\/api.w.org\/{rel}","templated":true}]}}