{"id":734,"date":"2012-07-31T13:32:45","date_gmt":"2012-07-31T11:32:45","guid":{"rendered":"http:\/\/beta.lossburg-schoemberg.de\/?page_id=734"},"modified":"2025-04-11T20:50:26","modified_gmt":"2025-04-11T18:50:26","slug":"ortschaftsrat","status":"publish","type":"page","link":"https:\/\/lossburg-schoemberg.de\/index.php\/ort\/ortschaftsrat\/","title":{"rendered":"Ortschaftsrat"},"content":{"rendered":"<table>\n<tbody>\n<tr>\n<td style=\"width: 50%; text-align: center;\">Zum 31.12.2022 ist unser langj\u00e4hriger Ortsvorsteher Kurt Winter altershalber ausgeschieden.<br \/>\nAm 20.01.2023 wurde Kurt Winter feierlich verabschiedet.<br \/>\nIn dieser Sitzung wurde Karl Pfau als Ortsvorsteher gew\u00e4hlt.<br \/>\nSein Stellvertreter ist<br \/>\nHartmut Eberhardt.<br \/>\nAuf den frei gewordenen Platz ist\u00a0 Annette Weidenbach nachger\u00fcckt.<\/td>\n<td style=\"text-align: left;\">\n<p><div id=\"attachment_4927\" style=\"width: 501px\" class=\"wp-caption aligncenter\"><a href=\"http:\/\/lossburg-schoemberg.de\/wp-content\/uploads\/2023\/01\/Verabschiedung-scaled.jpg\"><img loading=\"lazy\" decoding=\"async\" aria-describedby=\"caption-attachment-4927\" class=\" wp-image-4927\" src=\"http:\/\/lossburg-schoemberg.de\/wp-content\/uploads\/2023\/01\/Verabschiedung-1024x797.jpg\" alt=\"\" width=\"501\" height=\"390\" srcset=\"https:\/\/lossburg-schoemberg.de\/wp-content\/uploads\/2023\/01\/Verabschiedung-1024x797.jpg 1024w, https:\/\/lossburg-schoemberg.de\/wp-content\/uploads\/2023\/01\/Verabschiedung-300x233.jpg 300w, https:\/\/lossburg-schoemberg.de\/wp-content\/uploads\/2023\/01\/Verabschiedung-768x597.jpg 768w, https:\/\/lossburg-schoemberg.de\/wp-content\/uploads\/2023\/01\/Verabschiedung-1536x1195.jpg 1536w, https:\/\/lossburg-schoemberg.de\/wp-content\/uploads\/2023\/01\/Verabschiedung-2048x1593.jpg 2048w, https:\/\/lossburg-schoemberg.de\/wp-content\/uploads\/2023\/01\/Verabschiedung-847x659.jpg 847w\" sizes=\"auto, (max-width: 501px) 100vw, 501px\" \/><\/a><p id=\"caption-attachment-4927\" class=\"wp-caption-text\">Von links: B\u00fcrgermeister Christoph Enderle, Stellvertreter Hartmut Eberhardt, neuer Ortsvorsteher Karl Pfau, ehemaliger Ortsvorsteher Kurt Winter. Nachr\u00fcckerin Annette Weidenbach<\/p><\/div><\/td>\n<\/tr>\n<tr>\n<td style=\"width: 50%; text-align: center;\">Bei den Kommunalwahlen in 2019<br \/>\nhat sich die Zusammensetzung des Ortschaftsrates in Sch\u00f6mberg<br \/>\ngegen\u00fcber 2014 nicht ver\u00e4ndert.<\/td>\n<td style=\"text-align: left;\">\n<p><div id=\"attachment_2744\" style=\"width: 390px\" class=\"wp-caption alignleft\"><a href=\"http:\/\/lossburg-schoemberg.de\/wp-content\/uploads\/2012\/07\/ORat6.jpg\"><img loading=\"lazy\" decoding=\"async\" aria-describedby=\"caption-attachment-2744\" class=\"wp-image-2744\" src=\"http:\/\/lossburg-schoemberg.de\/wp-content\/uploads\/2012\/07\/ORat6.jpg\" alt=\"ORat6\" width=\"390\" height=\"293\" srcset=\"https:\/\/lossburg-schoemberg.de\/wp-content\/uploads\/2012\/07\/ORat6.jpg 5184w, https:\/\/lossburg-schoemberg.de\/wp-content\/uploads\/2012\/07\/ORat6-300x225.jpg 300w, https:\/\/lossburg-schoemberg.de\/wp-content\/uploads\/2012\/07\/ORat6-1024x768.jpg 1024w\" sizes=\"auto, (max-width: 390px) 100vw, 390px\" \/><\/a><p id=\"caption-attachment-2744\" class=\"wp-caption-text\">Hintere Reihe von links nach rechts: B\u00fcrgermeister Christoph Enderle, Hartmut Eberhardt, Stefan Liebrecht, Karl Pfau, Marco Eberhardt, Ortsvorsteher Kurt Winter Vorne sitzend: Ute Sawall, D\u00f6rte K\u00fcbler<\/p><\/div><\/td>\n<\/tr>\n<tr>\n<td style=\"width: 50%; text-align: center;\">Bei den im 5-Jahres Zeitraum stattfindenten Kommunalwahlen wurde der Ortschaftsrat neu gew\u00e4hlt.<br \/>\nDiesmal gab es erfreulicherweise mehr Bewerber als Pl\u00e4tze.<br \/>\nIm Bild rechts die gew\u00e4hlten Vertreter f\u00fcr die Ortschaft Sch\u00f6mberg<br \/>\nf\u00fcr die Zeit ab September 2014.<\/td>\n<td style=\"text-align: left;\"><a href=\"http:\/\/lossburg-schoemberg.de\/wp-content\/uploads\/2024\/01\/DSC00490-scaled.jpg\"><img loading=\"lazy\" decoding=\"async\" class=\"aligncenter size-large wp-image-5091\" src=\"http:\/\/lossburg-schoemberg.de\/wp-content\/uploads\/2024\/01\/DSC00490-1024x768.jpg\" alt=\"\" width=\"847\" height=\"635\" srcset=\"https:\/\/lossburg-schoemberg.de\/wp-content\/uploads\/2024\/01\/DSC00490-1024x768.jpg 1024w, https:\/\/lossburg-schoemberg.de\/wp-content\/uploads\/2024\/01\/DSC00490-300x225.jpg 300w, https:\/\/lossburg-schoemberg.de\/wp-content\/uploads\/2024\/01\/DSC00490-768x576.jpg 768w, https:\/\/lossburg-schoemberg.de\/wp-content\/uploads\/2024\/01\/DSC00490-1536x1152.jpg 1536w, https:\/\/lossburg-schoemberg.de\/wp-content\/uploads\/2024\/01\/DSC00490-2048x1536.jpg 2048w, https:\/\/lossburg-schoemberg.de\/wp-content\/uploads\/2024\/01\/DSC00490-847x635.jpg 847w\" sizes=\"auto, (max-width: 847px) 100vw, 847px\" \/><\/a><\/td>\n<\/tr>\n<tr>\n<td style=\"width: 50%; text-align: center;\"><img loading=\"lazy\" decoding=\"async\" class=\"aligncenter\" src=\"http:\/\/beta.lossburg-schoemberg.de\/wp-content\/uploads\/2012\/07\/OR_2009-300x225.jpg\" alt=\"OR_2009\" width=\"300\" height=\"225\" \/><\/p>\n<address>Ortschaftsrat seit 2009 (v.l.n.r.):<\/p>\n<p style=\"text-align: center;\">Kurt Winter,\u00a0Karl Pfau,\u00a0Hartmut Eberhardt,\u00a0Hartmut Ge\u00dfler,\u00a0Joachim Schurer, Marco Eberhardt ,Adolf Armbruster,\u00a0B\u00fcrgermeister\u00a0Thilo Schreiber<\/p>\n<p style=\"text-align: center;\">\n<\/address>\n<\/td>\n<td style=\"text-align: left;\"><span style=\"text-align: start;\" data-mce-mark=\"1\">Bei den Kommunalwahlen 2009 wurde der Ortschaftsrat neu gew\u00e4hlt.Er wird die n\u00e4chsten 5 Jahre im Amt sein, dabei sich f\u00fcr das Wohl und die Zukunft der Ortschaft Sch\u00f6mberg mit der zugeh\u00f6rigen Weilern k\u00fcmmern.<\/span><\/td>\n<\/tr>\n<tr>\n<td>Die vergangene Amtsperiode des Ortschaftsrates war haupts\u00e4chlich gepr\u00e4gt von den Dorfwettbewerben&#8220;Unser Dorf hat Zukunft, unser Dorf soll sch\u00f6ner werden&#8220;In 2005 beim Kreiswettbewerb,in 2006 beim Regional und beim Landeswettbewerb,in 2007 beim Bundeswettbewerb.Es wurden:<\/p>\n<ul>\n<li>alle \u00f6ffentlichen Geb\u00e4ude saniert<\/li>\n<li>Dorfwappen angelegt<\/li>\n<li>Begr\u00fc\u00dfungsschilder aufgestellt<\/li>\n<li>usw.<\/li>\n<li>mit viel ehrenamtlichen Engagement der Sch\u00f6mberger<\/li>\n<\/ul>\n<\/td>\n<td style=\"text-align: center;\">\u00a0<a href=\"http:\/\/beta.lossburg-schoemberg.de\/wp-content\/uploads\/2012\/07\/Ortschrat.jpg\"><img loading=\"lazy\" decoding=\"async\" class=\"aligncenter size-full wp-image-1486\" src=\"http:\/\/beta.lossburg-schoemberg.de\/wp-content\/uploads\/2012\/07\/Ortschrat.jpg\" alt=\"Ortschrat\" width=\"300\" height=\"178\" \/><\/a><\/p>\n<address>Der fr\u00fchere Ortschaftsrat von 2004 (v.l.n.r.):<br \/>\nKurt Winter,\u00a0Karl Pfau,\u00a0Wilhelm Walter,\u00a0Adolf Armbruster,\u00a0Hartmut Ge\u00dfler,\u00a0Joachim Schurer,\u00a0Arnulf Eberhardt<\/address>\n<\/td>\n<\/tr>\n<\/tbody>\n<\/table>\n<p>&nbsp;<\/p>\n","protected":false},"excerpt":{"rendered":"<p>Zum 31.12.2022 ist unser langj\u00e4hriger Ortsvorsteher Kurt Winter altershalber ausgeschieden. Am 20.01.2023 wurde Kurt Winter feierlich verabschiedet. In dieser Sitzung wurde Karl Pfau als Ortsvorsteher gew\u00e4hlt. Sein Stellvertreter ist Hartmut Eberhardt. Auf den frei gewordenen Platz ist\u00a0 Annette Weidenbach nachger\u00fcckt. Bei den Kommunalwahlen in 2019 hat sich die Zusammensetzung des Ortschaftsrates in Sch\u00f6mberg gegen\u00fcber 2014 &hellip; <\/p>\n<p><a class=\"more-link btn\" href=\"https:\/\/lossburg-schoemberg.de\/index.php\/ort\/ortschaftsrat\/\">Weiterlesen<\/a><\/p>\n","protected":false},"author":1,"featured_media":0,"parent":7,"menu_order":11,"comment_status":"open","ping_status":"closed","template":"","meta":{"footnotes":""},"class_list":["post-734","page","type-page","status-publish","hentry","nodate","item-wrap"],"_links":{"self":[{"href":"https:\/\/lossburg-schoemberg.de\/index.php\/wp-json\/wp\/v2\/pages\/734","targetHints":{"allow":["GET"]}}],"collection":[{"href":"https:\/\/lossburg-schoemberg.de\/index.php\/wp-json\/wp\/v2\/pages"}],"about":[{"href":"https:\/\/lossburg-schoemberg.de\/index.php\/wp-json\/wp\/v2\/types\/page"}],"author":[{"embeddable":true,"href":"https:\/\/lossburg-schoemberg.de\/index.php\/wp-json\/wp\/v2\/users\/1"}],"replies":[{"embeddable":true,"href":"https:\/\/lossburg-schoemberg.de\/index.php\/wp-json\/wp\/v2\/comments?post=734"}],"version-history":[{"count":19,"href":"https:\/\/lossburg-schoemberg.de\/index.php\/wp-json\/wp\/v2\/pages\/734\/revisions"}],"predecessor-version":[{"id":5347,"href":"https:\/\/lossburg-schoemberg.de\/index.php\/wp-json\/wp\/v2\/pages\/734\/revisions\/5347"}],"up":[{"embeddable":true,"href":"https:\/\/lossburg-schoemberg.de\/index.php\/wp-json\/wp\/v2\/pages\/7"}],"wp:attachment":[{"href":"https:\/\/lossburg-schoemberg.de\/index.php\/wp-json\/wp\/v2\/media?parent=734"}],"curies":[{"name":"wp","href":"https:\/\/api.w.org\/{rel}","templated":true}]}}