{"id":659,"date":"2012-07-18T15:31:47","date_gmt":"2012-07-18T13:31:47","guid":{"rendered":"http:\/\/beta.lossburg-schoemberg.de\/?page_id=659"},"modified":"2016-12-16T21:25:19","modified_gmt":"2016-12-16T20:25:19","slug":"mai-buchuebergabe-schoemberg-gestern-und-heute","status":"publish","type":"page","link":"https:\/\/lossburg-schoemberg.de\/index.php\/rueckblick\/2011-2\/mai-buchuebergabe-schoemberg-gestern-und-heute\/","title":{"rendered":"Mai: Buch\u00fcbergabe &#8222;Sch\u00f6mberg gestern und heute&#8220;"},"content":{"rendered":"<p><a href=\"http:\/\/beta.lossburg-schoemberg.de\/wp-content\/uploads\/2012\/07\/Bild1950.jpg\"><img loading=\"lazy\" decoding=\"async\" class=\"alignright wp-image-660\" title=\"Bild1950\" src=\"http:\/\/beta.lossburg-schoemberg.de\/wp-content\/uploads\/2012\/07\/Bild1950.jpg\" alt=\"\" width=\"384\" height=\"235\" \/><\/a><\/p>\n<p>Im festlichen Rahmen wurde im B\u00fcrger- und G\u00e4stehaus in Sch\u00f6mberg das neue Buch zur Sch\u00f6mberger Heimatgeschichte vorgestellt und der Ortschaft Sch\u00f6mberg \u00fcbergeben.<\/p>\n<p>Der Museumsverein Lossburg e.V. mit den Autoren Oswald Heinzelmann und Werner Joppeck haben Beitr\u00e4ge zur Sch\u00f6mberger Heimatgeschichte und zur Reformationsgeschichte des Klosters Alpirsbach gesammelt und in einem 100-seitigen Buch niedergeschrieben.<\/p>\n","protected":false},"excerpt":{"rendered":"<p>Im festlichen Rahmen wurde im B\u00fcrger- und G\u00e4stehaus in Sch\u00f6mberg das neue Buch zur Sch\u00f6mberger Heimatgeschichte vorgestellt und der Ortschaft Sch\u00f6mberg \u00fcbergeben. Der Museumsverein Lossburg e.V. mit den Autoren Oswald Heinzelmann und Werner Joppeck haben Beitr\u00e4ge zur Sch\u00f6mberger Heimatgeschichte und zur Reformationsgeschichte des Klosters Alpirsbach gesammelt und in einem 100-seitigen Buch niedergeschrieben.<\/p>\n","protected":false},"author":1,"featured_media":660,"parent":35,"menu_order":15,"comment_status":"open","ping_status":"open","template":"","meta":{"footnotes":""},"class_list":["post-659","page","type-page","status-publish","has-post-thumbnail","hentry","nodate","item-wrap"],"_links":{"self":[{"href":"https:\/\/lossburg-schoemberg.de\/index.php\/wp-json\/wp\/v2\/pages\/659","targetHints":{"allow":["GET"]}}],"collection":[{"href":"https:\/\/lossburg-schoemberg.de\/index.php\/wp-json\/wp\/v2\/pages"}],"about":[{"href":"https:\/\/lossburg-schoemberg.de\/index.php\/wp-json\/wp\/v2\/types\/page"}],"author":[{"embeddable":true,"href":"https:\/\/lossburg-schoemberg.de\/index.php\/wp-json\/wp\/v2\/users\/1"}],"replies":[{"embeddable":true,"href":"https:\/\/lossburg-schoemberg.de\/index.php\/wp-json\/wp\/v2\/comments?post=659"}],"version-history":[{"count":3,"href":"https:\/\/lossburg-schoemberg.de\/index.php\/wp-json\/wp\/v2\/pages\/659\/revisions"}],"predecessor-version":[{"id":3491,"href":"https:\/\/lossburg-schoemberg.de\/index.php\/wp-json\/wp\/v2\/pages\/659\/revisions\/3491"}],"up":[{"embeddable":true,"href":"https:\/\/lossburg-schoemberg.de\/index.php\/wp-json\/wp\/v2\/pages\/35"}],"wp:featuredmedia":[{"embeddable":true,"href":"https:\/\/lossburg-schoemberg.de\/index.php\/wp-json\/wp\/v2\/media\/660"}],"wp:attachment":[{"href":"https:\/\/lossburg-schoemberg.de\/index.php\/wp-json\/wp\/v2\/media?parent=659"}],"curies":[{"name":"wp","href":"https:\/\/api.w.org\/{rel}","templated":true}]}}