{"id":653,"date":"2012-07-18T15:27:50","date_gmt":"2012-07-18T13:27:50","guid":{"rendered":"http:\/\/beta.lossburg-schoemberg.de\/?page_id=653"},"modified":"2016-12-16T21:25:52","modified_gmt":"2016-12-16T20:25:52","slug":"juli-hoffest-auf-dem-hofbauernhof","status":"publish","type":"page","link":"https:\/\/lossburg-schoemberg.de\/index.php\/rueckblick\/2011-2\/juli-hoffest-auf-dem-hofbauernhof\/","title":{"rendered":"Juli: Hoffest auf dem Hofbauernhof"},"content":{"rendered":"<p><img loading=\"lazy\" decoding=\"async\" class=\"alignright wp-image-656\" title=\"Hoffest11\" src=\"http:\/\/beta.lossburg-schoemberg.de\/wp-content\/uploads\/2012\/07\/Hoffest11.jpg\" alt=\"\" width=\"422\" height=\"337\" \/>Bei regnerischem Wetter bot der Hofbauernhof, wie jedes Jahr, ein buntes, vielf\u00e4ltiges Hoffest.<\/p>\n<p>Es gab viel zu sehen, zu spielen, zu probieren, zu h\u00f6ren, zu trinken, zu essen und zu tanzen.<br \/>\nAuch das H\u00fchnermobil wurde eingeweiht.<br \/>\nDort werden ab Mitte August H\u00fchner einziehen, um Eier zu produzieren. Die Idee des H\u00fchnermobils ist die Umsetzbarkeit, so dass die H\u00fchner ca. alle 2 Wochen auf eine frische Fl\u00e4che im Gr\u00fcnen laufen\u00a0k\u00f6nnen.<\/p>\n<p><img loading=\"lazy\" decoding=\"async\" class=\"alignleft size-full wp-image-657\" title=\"Huehnermobil\" src=\"http:\/\/beta.lossburg-schoemberg.de\/wp-content\/uploads\/2012\/07\/Huehnermobil.jpg\" alt=\"\" width=\"200\" height=\"150\" \/><\/p>\n","protected":false},"excerpt":{"rendered":"<p>Bei regnerischem Wetter bot der Hofbauernhof, wie jedes Jahr, ein buntes, vielf\u00e4ltiges Hoffest. Es gab viel zu sehen, zu spielen, zu probieren, zu h\u00f6ren, zu trinken, zu essen und zu tanzen. Auch das H\u00fchnermobil wurde eingeweiht. Dort werden ab Mitte August H\u00fchner einziehen, um Eier zu produzieren. Die Idee des H\u00fchnermobils ist die Umsetzbarkeit, so &hellip; <\/p>\n<p><a class=\"more-link btn\" href=\"https:\/\/lossburg-schoemberg.de\/index.php\/rueckblick\/2011-2\/juli-hoffest-auf-dem-hofbauernhof\/\">Weiterlesen<\/a><\/p>\n","protected":false},"author":1,"featured_media":656,"parent":35,"menu_order":20,"comment_status":"open","ping_status":"open","template":"","meta":{"footnotes":""},"class_list":["post-653","page","type-page","status-publish","has-post-thumbnail","hentry","nodate","item-wrap"],"_links":{"self":[{"href":"https:\/\/lossburg-schoemberg.de\/index.php\/wp-json\/wp\/v2\/pages\/653","targetHints":{"allow":["GET"]}}],"collection":[{"href":"https:\/\/lossburg-schoemberg.de\/index.php\/wp-json\/wp\/v2\/pages"}],"about":[{"href":"https:\/\/lossburg-schoemberg.de\/index.php\/wp-json\/wp\/v2\/types\/page"}],"author":[{"embeddable":true,"href":"https:\/\/lossburg-schoemberg.de\/index.php\/wp-json\/wp\/v2\/users\/1"}],"replies":[{"embeddable":true,"href":"https:\/\/lossburg-schoemberg.de\/index.php\/wp-json\/wp\/v2\/comments?post=653"}],"version-history":[{"count":5,"href":"https:\/\/lossburg-schoemberg.de\/index.php\/wp-json\/wp\/v2\/pages\/653\/revisions"}],"predecessor-version":[{"id":3492,"href":"https:\/\/lossburg-schoemberg.de\/index.php\/wp-json\/wp\/v2\/pages\/653\/revisions\/3492"}],"up":[{"embeddable":true,"href":"https:\/\/lossburg-schoemberg.de\/index.php\/wp-json\/wp\/v2\/pages\/35"}],"wp:featuredmedia":[{"embeddable":true,"href":"https:\/\/lossburg-schoemberg.de\/index.php\/wp-json\/wp\/v2\/media\/656"}],"wp:attachment":[{"href":"https:\/\/lossburg-schoemberg.de\/index.php\/wp-json\/wp\/v2\/media?parent=653"}],"curies":[{"name":"wp","href":"https:\/\/api.w.org\/{rel}","templated":true}]}}