{"id":641,"date":"2012-07-18T15:18:05","date_gmt":"2012-07-18T13:18:05","guid":{"rendered":"http:\/\/beta.lossburg-schoemberg.de\/?page_id=641"},"modified":"2016-12-16T21:26:44","modified_gmt":"2016-12-16T20:26:44","slug":"oktober-herbstausflug-der-dorfgemeinschaft","status":"publish","type":"page","link":"https:\/\/lossburg-schoemberg.de\/index.php\/rueckblick\/2011-2\/oktober-herbstausflug-der-dorfgemeinschaft\/","title":{"rendered":"Oktober: Herbstausflug der Dorfgemeinschaft"},"content":{"rendered":"<p><a style=\"color: #074d7c; cursor: pointer;\" href=\"http:\/\/beta.lossburg-schoemberg.de\/wp-content\/uploads\/2012\/07\/Herbstausflug1.jpg\"><img loading=\"lazy\" decoding=\"async\" class=\"alignright wp-image-642\" title=\"Herbstausflug1\" src=\"http:\/\/beta.lossburg-schoemberg.de\/wp-content\/uploads\/2012\/07\/Herbstausflug1.jpg\" alt=\"\" width=\"385\" height=\"268\" \/><\/a><\/p>\n<div>Ein gelungener Ausflug\u2026<\/div>\n<div>Am ersten Samstag im Oktober fand unser traditioneller Herbstausflug statt. In diesem Jahr f\u00fchrte uns die Route nach Karlsruhe ins \u201eStaatliche Museum f\u00fcr Naturkunde\u201c. Wir sahen kleine Tiere (Insekten, Fische, Kaimane\u2026) und gro\u00dfe Tiere (Eisb\u00e4ren, Wale\u2026). Ebenso konnten wir uns \u00fcber die Vielfalt unserer heimischen B\u00e4ume und Str\u00e4ucher kundig machen.<br \/>\nNachdem wir alles bestaunt und zum Teil auch ausprobiert hatten, ging es weiter in Richtung Pfalz. In Silz konnten wir im Wild- und Wanderpark einen Teil der Tiere, die wir in<\/div>\n<div>Karlsruhe schon genau unter die Lupe genommen hatten, in natura bewundern.<\/div>\n<div>Neben Polarf\u00fcchsen, W\u00f6lfen\u00a0und Pferden waren die<\/div>\n<p><img loading=\"lazy\" decoding=\"async\" class=\"alignright wp-image-644\" title=\"Herbstausflug2\" src=\"http:\/\/beta.lossburg-schoemberg.de\/wp-content\/uploads\/2012\/07\/Herbstausflug2.jpg\" alt=\"\" width=\"184\" height=\"180\" \/><img loading=\"lazy\" decoding=\"async\" class=\"alignright wp-image-643\" title=\"Herbstausflug3\" src=\"http:\/\/beta.lossburg-schoemberg.de\/wp-content\/uploads\/2012\/07\/Herbstausflug3.jpg\" alt=\"\" width=\"184\" height=\"180\" \/><\/p>\n<div>Rehe, die uns auf\u00a0unserer\u00a0Wanderung durch den Park\u00a0\u00a0begleiteten und\u00a0die wir streicheln konnten, eine Attraktion f\u00fcr Gro\u00dfe und Kleine. Auch das F\u00fcttern der\u00a0Wildschweine war ein Erlebnis. Aber nicht nur die Tiere hatten Hunger; auch wir kamen bei Mittagessen und Eis nicht zu.<\/div>\n<div>\n<div>\n<div>Wir bedanken uns ganz herzlich bei Mario K\u00f6hn und bei unserem Busfahrer Andy f\u00fcr den gelungenen Ausflug.kurz.\u00a0Den Abschluss unseres tollen Ausfluges verbrachten wir in einer gem\u00fctlichen Strau\u00dfenwirtschaft in B\u00fchlertal. Dort lie\u00dfen wir den sch\u00f6nen Tag bei einem Viertele (oder zwei\u2026) Revue passieren bevor wir dann Heimreise antraten.<\/div>\n<div>\n<div><\/div>\n<p>&nbsp;<\/p>\n<div><\/div>\n<\/div>\n<\/div>\n<\/div>\n","protected":false},"excerpt":{"rendered":"<p>Ein gelungener Ausflug\u2026 Am ersten Samstag im Oktober fand unser traditioneller Herbstausflug statt. In diesem Jahr f\u00fchrte uns die Route nach Karlsruhe ins \u201eStaatliche Museum f\u00fcr Naturkunde\u201c. Wir sahen kleine Tiere (Insekten, Fische, Kaimane\u2026) und gro\u00dfe Tiere (Eisb\u00e4ren, Wale\u2026). Ebenso konnten wir uns \u00fcber die Vielfalt unserer heimischen B\u00e4ume und Str\u00e4ucher kundig machen. Nachdem wir &hellip; <\/p>\n<p><a class=\"more-link btn\" href=\"https:\/\/lossburg-schoemberg.de\/index.php\/rueckblick\/2011-2\/oktober-herbstausflug-der-dorfgemeinschaft\/\">Weiterlesen<\/a><\/p>\n","protected":false},"author":1,"featured_media":0,"parent":35,"menu_order":25,"comment_status":"open","ping_status":"open","template":"","meta":{"footnotes":""},"class_list":["post-641","page","type-page","status-publish","hentry","nodate","item-wrap"],"_links":{"self":[{"href":"https:\/\/lossburg-schoemberg.de\/index.php\/wp-json\/wp\/v2\/pages\/641","targetHints":{"allow":["GET"]}}],"collection":[{"href":"https:\/\/lossburg-schoemberg.de\/index.php\/wp-json\/wp\/v2\/pages"}],"about":[{"href":"https:\/\/lossburg-schoemberg.de\/index.php\/wp-json\/wp\/v2\/types\/page"}],"author":[{"embeddable":true,"href":"https:\/\/lossburg-schoemberg.de\/index.php\/wp-json\/wp\/v2\/users\/1"}],"replies":[{"embeddable":true,"href":"https:\/\/lossburg-schoemberg.de\/index.php\/wp-json\/wp\/v2\/comments?post=641"}],"version-history":[{"count":8,"href":"https:\/\/lossburg-schoemberg.de\/index.php\/wp-json\/wp\/v2\/pages\/641\/revisions"}],"predecessor-version":[{"id":652,"href":"https:\/\/lossburg-schoemberg.de\/index.php\/wp-json\/wp\/v2\/pages\/641\/revisions\/652"}],"up":[{"embeddable":true,"href":"https:\/\/lossburg-schoemberg.de\/index.php\/wp-json\/wp\/v2\/pages\/35"}],"wp:attachment":[{"href":"https:\/\/lossburg-schoemberg.de\/index.php\/wp-json\/wp\/v2\/media?parent=641"}],"curies":[{"name":"wp","href":"https:\/\/api.w.org\/{rel}","templated":true}]}}