{"id":635,"date":"2012-07-18T15:11:15","date_gmt":"2012-07-18T13:11:15","guid":{"rendered":"http:\/\/beta.lossburg-schoemberg.de\/?page_id=635"},"modified":"2016-12-16T21:27:18","modified_gmt":"2016-12-16T20:27:18","slug":"oktober-altennachmittag-der-zuber-stiftung","status":"publish","type":"page","link":"https:\/\/lossburg-schoemberg.de\/index.php\/rueckblick\/2011-2\/oktober-altennachmittag-der-zuber-stiftung\/","title":{"rendered":"Oktober: Altennachmittag der Zuber-Stiftung"},"content":{"rendered":"<p><a href=\"http:\/\/beta.lossburg-schoemberg.de\/wp-content\/uploads\/2012\/07\/Zuber1.jpg\"><img loading=\"lazy\" decoding=\"async\" class=\"alignright wp-image-638\" title=\"Zuber1\" src=\"http:\/\/beta.lossburg-schoemberg.de\/wp-content\/uploads\/2012\/07\/Zuber1.jpg\" alt=\"\" width=\"384\" height=\"169\" \/><\/a><a style=\"color: #074d7c; cursor: pointer;\" href=\"http:\/\/beta.lossburg-schoemberg.de\/wp-content\/uploads\/2012\/07\/Zuber4.jpg\"><img loading=\"lazy\" decoding=\"async\" class=\"alignright wp-image-637\" title=\"Zuber4\" src=\"http:\/\/beta.lossburg-schoemberg.de\/wp-content\/uploads\/2012\/07\/Zuber4.jpg\" alt=\"\" width=\"384\" height=\"123\" \/><\/a><a href=\"http:\/\/beta.lossburg-schoemberg.de\/wp-content\/uploads\/2012\/07\/Zuber2.jpg\"><img loading=\"lazy\" decoding=\"async\" class=\"alignright wp-image-636\" title=\"Zuber2\" src=\"http:\/\/beta.lossburg-schoemberg.de\/wp-content\/uploads\/2012\/07\/Zuber2.jpg\" alt=\"\" width=\"384\" height=\"280\" \/><\/a><\/p>\n<p>Einen interessanten Nachmittag konnten die Sch\u00f6m-berger und Reinerzauer Senioren zusammen mit dem Stiftungsrat der Hugo F. Zuber Stiftung im Sch\u00f6m-berger B\u00fcrger- und G\u00e4stehaus verbringen.<br \/>\nDank der Hugo F. Zuber Stiftung die im Jahre 1990 ins Leben gerufen wurde k\u00f6nnen sich die Senioren j\u00e4hrlich zu einem gem\u00fctlichen Nachmittag treffen.<\/p>\n<p>In einem vollen Haus konnte Ortsvorsteher Kurt Winter die Senioren und den gesamten Stiftungsrat der Hugo F. Zuber Stiftung begr\u00fc\u00dfen. Auch Pfarrer i.R. Friedrich Hartmann fand die passenden Gru\u00dfworte und betonte die Bedeutung f\u00fcr die Gemeinschaft die durch die Stiftung m\u00f6glich wird.<\/p>\n<p>Ortschaftsrat Karl Pfau zeigte in einer Beamer-pr\u00e4sentation in einer Gegen\u00fcberstellung alte und neue Bilder von Geb\u00e4uden, Stra\u00dfen, Pl\u00e4tzen und Personen von Sch\u00f6mberg. Viele konnten sich zur\u00fcckerinnern bei den Ansichten wie es fr\u00fcher war.<\/p>\n<p>In einer beeindruckenden Schauvorf\u00fchrung zeigte die Polizeidirektion Freudenstadt die Arbeit mit Polizei-hunden. In vielen sehr interessanten Vorf\u00fchrungen wurden polizeiliche Situationen gezeigt. Vom gehorsam des Hundes \u00fcber die Rauschgiftsuche, \u00fcber Verfolgungs- und Schutz\u00fcbungen bis zum schlagartigen Kampfunf\u00e4hig machen eines Angreifers.<br \/>\nVielen Dank an die Polizisten f\u00fcr die spannenden Vorf\u00fchrungen.<\/p>\n<p>Die Senioren beschlossen den Nachmittag mit einem guten Abendessen.<\/p>\n","protected":false},"excerpt":{"rendered":"<p>Einen interessanten Nachmittag konnten die Sch\u00f6m-berger und Reinerzauer Senioren zusammen mit dem Stiftungsrat der Hugo F. Zuber Stiftung im Sch\u00f6m-berger B\u00fcrger- und G\u00e4stehaus verbringen. Dank der Hugo F. Zuber Stiftung die im Jahre 1990 ins Leben gerufen wurde k\u00f6nnen sich die Senioren j\u00e4hrlich zu einem gem\u00fctlichen Nachmittag treffen. In einem vollen Haus konnte Ortsvorsteher Kurt &hellip; <\/p>\n<p><a class=\"more-link btn\" href=\"https:\/\/lossburg-schoemberg.de\/index.php\/rueckblick\/2011-2\/oktober-altennachmittag-der-zuber-stiftung\/\">Weiterlesen<\/a><\/p>\n","protected":false},"author":1,"featured_media":636,"parent":35,"menu_order":30,"comment_status":"open","ping_status":"open","template":"","meta":{"footnotes":""},"class_list":["post-635","page","type-page","status-publish","has-post-thumbnail","hentry","nodate","item-wrap"],"_links":{"self":[{"href":"https:\/\/lossburg-schoemberg.de\/index.php\/wp-json\/wp\/v2\/pages\/635","targetHints":{"allow":["GET"]}}],"collection":[{"href":"https:\/\/lossburg-schoemberg.de\/index.php\/wp-json\/wp\/v2\/pages"}],"about":[{"href":"https:\/\/lossburg-schoemberg.de\/index.php\/wp-json\/wp\/v2\/types\/page"}],"author":[{"embeddable":true,"href":"https:\/\/lossburg-schoemberg.de\/index.php\/wp-json\/wp\/v2\/users\/1"}],"replies":[{"embeddable":true,"href":"https:\/\/lossburg-schoemberg.de\/index.php\/wp-json\/wp\/v2\/comments?post=635"}],"version-history":[{"count":3,"href":"https:\/\/lossburg-schoemberg.de\/index.php\/wp-json\/wp\/v2\/pages\/635\/revisions"}],"predecessor-version":[{"id":3493,"href":"https:\/\/lossburg-schoemberg.de\/index.php\/wp-json\/wp\/v2\/pages\/635\/revisions\/3493"}],"up":[{"embeddable":true,"href":"https:\/\/lossburg-schoemberg.de\/index.php\/wp-json\/wp\/v2\/pages\/35"}],"wp:featuredmedia":[{"embeddable":true,"href":"https:\/\/lossburg-schoemberg.de\/index.php\/wp-json\/wp\/v2\/media\/636"}],"wp:attachment":[{"href":"https:\/\/lossburg-schoemberg.de\/index.php\/wp-json\/wp\/v2\/media?parent=635"}],"curies":[{"name":"wp","href":"https:\/\/api.w.org\/{rel}","templated":true}]}}