{"id":630,"date":"2012-07-18T15:06:45","date_gmt":"2012-07-18T13:06:45","guid":{"rendered":"http:\/\/beta.lossburg-schoemberg.de\/?page_id=630"},"modified":"2016-12-16T21:27:45","modified_gmt":"2016-12-16T20:27:45","slug":"november-kinderkino","status":"publish","type":"page","link":"https:\/\/lossburg-schoemberg.de\/index.php\/rueckblick\/2011-2\/november-kinderkino\/","title":{"rendered":"November: Kinderkino"},"content":{"rendered":"<p><a href=\"http:\/\/beta.lossburg-schoemberg.de\/wp-content\/uploads\/2012\/07\/Kinderkino11.jpg\"><img loading=\"lazy\" decoding=\"async\" class=\"alignright wp-image-631\" title=\"Kinderkino11\" src=\"http:\/\/beta.lossburg-schoemberg.de\/wp-content\/uploads\/2012\/07\/Kinderkino11.jpg\" alt=\"\" width=\"350\" height=\"263\" \/><\/a><a href=\"http:\/\/beta.lossburg-schoemberg.de\/wp-content\/uploads\/2012\/07\/Kinderkino2.jpg\"><img loading=\"lazy\" decoding=\"async\" class=\"alignright wp-image-632\" title=\"Kinderkino2\" src=\"http:\/\/beta.lossburg-schoemberg.de\/wp-content\/uploads\/2012\/07\/Kinderkino2.jpg\" alt=\"\" width=\"350\" height=\"98\" \/><\/a>Inzwischen ist es schon fast Tradition auf dem Sch\u00f6mberg:<br \/>\nDas Kinderkino!!<br \/>\nSo trafen wir uns am letzten Samstag im Oktober wieder einmal zum gem\u00fctlichen Film gucken und anschlie\u00dfendem Pizzaessen.<\/p>\n<p>Die Kinder kamen (zum Teil mit Sitzs\u00e4cken, Kissen und Decken ausger\u00fcstet) in den im B\u00fcrger- und G\u00e4stehaus vorbereiteten &#8222;Kinosaal&#8220; und machten es sich richtig bequem. Der Film &#8222;Emil und die Detektive&#8220; in einer Neuverfilmung nach Erich K\u00e4stner war spannend und lustig zugleich.<br \/>\nNachdem der Gauner von Emil und seinen Freunden dingfest gemacht worden war, hatten unsere Sch\u00f6mberger Kinder m\u00e4chtigen Hunger.<br \/>\nDas Timing war perfekt: Die Pizza wurde gerade geliefert, als die letzten sich einen Platz im gro\u00dfen Raum, der als &#8222;Vesperstube&#8220; diente, gesucht hatten.<br \/>\nSo lie\u00dfen es sich alle schmecken bei Spezi und Pizza.<\/p>\n<p>Es war f\u00fcr die Kinder (und das Kino-Team) eine gelungene Vorstellung!<\/p>\n","protected":false},"excerpt":{"rendered":"<p>Inzwischen ist es schon fast Tradition auf dem Sch\u00f6mberg: Das Kinderkino!! So trafen wir uns am letzten Samstag im Oktober wieder einmal zum gem\u00fctlichen Film gucken und anschlie\u00dfendem Pizzaessen. Die Kinder kamen (zum Teil mit Sitzs\u00e4cken, Kissen und Decken ausger\u00fcstet) in den im B\u00fcrger- und G\u00e4stehaus vorbereiteten &#8222;Kinosaal&#8220; und machten es sich richtig bequem. Der &hellip; <\/p>\n<p><a class=\"more-link btn\" href=\"https:\/\/lossburg-schoemberg.de\/index.php\/rueckblick\/2011-2\/november-kinderkino\/\">Weiterlesen<\/a><\/p>\n","protected":false},"author":1,"featured_media":631,"parent":35,"menu_order":35,"comment_status":"open","ping_status":"open","template":"","meta":{"footnotes":""},"class_list":["post-630","page","type-page","status-publish","has-post-thumbnail","hentry","nodate","item-wrap"],"_links":{"self":[{"href":"https:\/\/lossburg-schoemberg.de\/index.php\/wp-json\/wp\/v2\/pages\/630","targetHints":{"allow":["GET"]}}],"collection":[{"href":"https:\/\/lossburg-schoemberg.de\/index.php\/wp-json\/wp\/v2\/pages"}],"about":[{"href":"https:\/\/lossburg-schoemberg.de\/index.php\/wp-json\/wp\/v2\/types\/page"}],"author":[{"embeddable":true,"href":"https:\/\/lossburg-schoemberg.de\/index.php\/wp-json\/wp\/v2\/users\/1"}],"replies":[{"embeddable":true,"href":"https:\/\/lossburg-schoemberg.de\/index.php\/wp-json\/wp\/v2\/comments?post=630"}],"version-history":[{"count":3,"href":"https:\/\/lossburg-schoemberg.de\/index.php\/wp-json\/wp\/v2\/pages\/630\/revisions"}],"predecessor-version":[{"id":3494,"href":"https:\/\/lossburg-schoemberg.de\/index.php\/wp-json\/wp\/v2\/pages\/630\/revisions\/3494"}],"up":[{"embeddable":true,"href":"https:\/\/lossburg-schoemberg.de\/index.php\/wp-json\/wp\/v2\/pages\/35"}],"wp:featuredmedia":[{"embeddable":true,"href":"https:\/\/lossburg-schoemberg.de\/index.php\/wp-json\/wp\/v2\/media\/631"}],"wp:attachment":[{"href":"https:\/\/lossburg-schoemberg.de\/index.php\/wp-json\/wp\/v2\/media?parent=630"}],"curies":[{"name":"wp","href":"https:\/\/api.w.org\/{rel}","templated":true}]}}