{"id":624,"date":"2012-07-18T15:02:20","date_gmt":"2012-07-18T13:02:20","guid":{"rendered":"http:\/\/beta.lossburg-schoemberg.de\/?page_id=624"},"modified":"2016-12-16T21:28:10","modified_gmt":"2016-12-16T20:28:10","slug":"dezember-bilder-und-krippenausstellung","status":"publish","type":"page","link":"https:\/\/lossburg-schoemberg.de\/index.php\/rueckblick\/2011-2\/dezember-bilder-und-krippenausstellung\/","title":{"rendered":"Dezember: Bilder- und Krippenausstellung"},"content":{"rendered":"<p>Am 18.11.2011\u00a0 wurde die Ausstellung des K\u00fcnstlers und Malers Paul Klumpp und des Weihnachtskrippen-bauers Alfred Ummer im Sch\u00f6mberger B\u00fcrger- und G\u00e4stehaus feierlich er\u00f6ffnet. Zahlreiche G\u00e4ste bewunderten die Kunstwerke der beiden Hobbyk\u00fcnstler.<\/p>\n<p>Paul Klumpp hat eigens f\u00fcr die Sch\u00f6mberger Ausstellung Motive von hier gemalt. Die Detailtreue der uns allgemein bekannten Geb\u00e4ude war faszinierend.<\/p>\n<p>Zum aktuell heftig diskutierten Thema &#8222;Nationalpark&#8220; hat er einen geschm\u00fcckten, broncierten, abgestorbenen Tannengipfel ausgestellt.<\/p>\n<p>Auch Alfred Ummer hat weihnachtliche Krippen mit einer unglaublichen Liebe zum Detail gezeigt.<\/p>\n<p>Die G\u00e4ste waren sich einig, dass so eine Ausstellung im n\u00e4chsten Jahr unbedingt wiederholt werden muss.<br \/>\nIm Anschluss wurde noch zu einem Imbiss geladen und eifrig \u00fcber die Exponate diskutiert.<\/p>\n<p style=\"text-align: center;\"><a href=\"http:\/\/beta.lossburg-schoemberg.de\/wp-content\/uploads\/2012\/07\/KunstKrippen11.jpg\"><img loading=\"lazy\" decoding=\"async\" class=\"aligncenter wp-image-625\" title=\"KunstKrippen11\" src=\"http:\/\/beta.lossburg-schoemberg.de\/wp-content\/uploads\/2012\/07\/KunstKrippen11.jpg\" alt=\"\" width=\"448\" height=\"390\" \/><\/a><\/p>\n","protected":false},"excerpt":{"rendered":"<p>Am 18.11.2011\u00a0 wurde die Ausstellung des K\u00fcnstlers und Malers Paul Klumpp und des Weihnachtskrippen-bauers Alfred Ummer im Sch\u00f6mberger B\u00fcrger- und G\u00e4stehaus feierlich er\u00f6ffnet. Zahlreiche G\u00e4ste bewunderten die Kunstwerke der beiden Hobbyk\u00fcnstler. Paul Klumpp hat eigens f\u00fcr die Sch\u00f6mberger Ausstellung Motive von hier gemalt. Die Detailtreue der uns allgemein bekannten Geb\u00e4ude war faszinierend. Zum aktuell heftig &hellip; <\/p>\n<p><a class=\"more-link btn\" href=\"https:\/\/lossburg-schoemberg.de\/index.php\/rueckblick\/2011-2\/dezember-bilder-und-krippenausstellung\/\">Weiterlesen<\/a><\/p>\n","protected":false},"author":1,"featured_media":625,"parent":35,"menu_order":40,"comment_status":"open","ping_status":"open","template":"","meta":{"footnotes":""},"class_list":["post-624","page","type-page","status-publish","has-post-thumbnail","hentry","nodate","item-wrap"],"_links":{"self":[{"href":"https:\/\/lossburg-schoemberg.de\/index.php\/wp-json\/wp\/v2\/pages\/624","targetHints":{"allow":["GET"]}}],"collection":[{"href":"https:\/\/lossburg-schoemberg.de\/index.php\/wp-json\/wp\/v2\/pages"}],"about":[{"href":"https:\/\/lossburg-schoemberg.de\/index.php\/wp-json\/wp\/v2\/types\/page"}],"author":[{"embeddable":true,"href":"https:\/\/lossburg-schoemberg.de\/index.php\/wp-json\/wp\/v2\/users\/1"}],"replies":[{"embeddable":true,"href":"https:\/\/lossburg-schoemberg.de\/index.php\/wp-json\/wp\/v2\/comments?post=624"}],"version-history":[{"count":3,"href":"https:\/\/lossburg-schoemberg.de\/index.php\/wp-json\/wp\/v2\/pages\/624\/revisions"}],"predecessor-version":[{"id":627,"href":"https:\/\/lossburg-schoemberg.de\/index.php\/wp-json\/wp\/v2\/pages\/624\/revisions\/627"}],"up":[{"embeddable":true,"href":"https:\/\/lossburg-schoemberg.de\/index.php\/wp-json\/wp\/v2\/pages\/35"}],"wp:featuredmedia":[{"embeddable":true,"href":"https:\/\/lossburg-schoemberg.de\/index.php\/wp-json\/wp\/v2\/media\/625"}],"wp:attachment":[{"href":"https:\/\/lossburg-schoemberg.de\/index.php\/wp-json\/wp\/v2\/media?parent=624"}],"curies":[{"name":"wp","href":"https:\/\/api.w.org\/{rel}","templated":true}]}}