{"id":616,"date":"2012-07-18T14:56:45","date_gmt":"2012-07-18T12:56:45","guid":{"rendered":"http:\/\/beta.lossburg-schoemberg.de\/?page_id=616"},"modified":"2016-12-16T21:28:43","modified_gmt":"2016-12-16T20:28:43","slug":"dezember-schoemberger-advents-und-buergerfeier","status":"publish","type":"page","link":"https:\/\/lossburg-schoemberg.de\/index.php\/rueckblick\/2011-2\/dezember-schoemberger-advents-und-buergerfeier\/","title":{"rendered":"Dezember: Sch\u00f6mberger Advents- und B\u00fcrgerfeier"},"content":{"rendered":"<p>Im B\u00fcrger- und G\u00e4stehaus fand diesmal eine besondere adventliche Feier mit Besuch des Nikolauses statt an der<br \/>\nca. 100 Sch\u00f6mbergerinnen und Sch\u00f6mberger teilnahmen. Unter anderem traten Alphornbl\u00e4ser vom Kniebis auf.<a style=\"color: #074d7c; cursor: pointer;\" href=\"http:\/\/beta.lossburg-schoemberg.de\/wp-content\/uploads\/2012\/07\/Nikolaus11b.jpg\"><img loading=\"lazy\" decoding=\"async\" class=\"alignleft wp-image-617\" title=\"Nikolaus11b\" src=\"http:\/\/beta.lossburg-schoemberg.de\/wp-content\/uploads\/2012\/07\/Nikolaus11b-351x640.jpg\" alt=\"\" width=\"180\" height=\"336\" \/><\/a><a href=\"http:\/\/beta.lossburg-schoemberg.de\/wp-content\/uploads\/2012\/07\/Nikolaus11a.jpg\"><img loading=\"lazy\" decoding=\"async\" class=\"alignleft wp-image-618\" title=\"Nikolaus11a\" src=\"http:\/\/beta.lossburg-schoemberg.de\/wp-content\/uploads\/2012\/07\/Nikolaus11a.jpg\" alt=\"\" width=\"454\" height=\"336\" \/><\/a><\/p>\n","protected":false},"excerpt":{"rendered":"<p>Im B\u00fcrger- und G\u00e4stehaus fand diesmal eine besondere adventliche Feier mit Besuch des Nikolauses statt an der ca. 100 Sch\u00f6mbergerinnen und Sch\u00f6mberger teilnahmen. Unter anderem traten Alphornbl\u00e4ser vom Kniebis auf.<\/p>\n","protected":false},"author":1,"featured_media":617,"parent":35,"menu_order":45,"comment_status":"open","ping_status":"open","template":"","meta":{"footnotes":""},"class_list":["post-616","page","type-page","status-publish","has-post-thumbnail","hentry","nodate","item-wrap"],"_links":{"self":[{"href":"https:\/\/lossburg-schoemberg.de\/index.php\/wp-json\/wp\/v2\/pages\/616","targetHints":{"allow":["GET"]}}],"collection":[{"href":"https:\/\/lossburg-schoemberg.de\/index.php\/wp-json\/wp\/v2\/pages"}],"about":[{"href":"https:\/\/lossburg-schoemberg.de\/index.php\/wp-json\/wp\/v2\/types\/page"}],"author":[{"embeddable":true,"href":"https:\/\/lossburg-schoemberg.de\/index.php\/wp-json\/wp\/v2\/users\/1"}],"replies":[{"embeddable":true,"href":"https:\/\/lossburg-schoemberg.de\/index.php\/wp-json\/wp\/v2\/comments?post=616"}],"version-history":[{"count":7,"href":"https:\/\/lossburg-schoemberg.de\/index.php\/wp-json\/wp\/v2\/pages\/616\/revisions"}],"predecessor-version":[{"id":3495,"href":"https:\/\/lossburg-schoemberg.de\/index.php\/wp-json\/wp\/v2\/pages\/616\/revisions\/3495"}],"up":[{"embeddable":true,"href":"https:\/\/lossburg-schoemberg.de\/index.php\/wp-json\/wp\/v2\/pages\/35"}],"wp:featuredmedia":[{"embeddable":true,"href":"https:\/\/lossburg-schoemberg.de\/index.php\/wp-json\/wp\/v2\/media\/617"}],"wp:attachment":[{"href":"https:\/\/lossburg-schoemberg.de\/index.php\/wp-json\/wp\/v2\/media?parent=616"}],"curies":[{"name":"wp","href":"https:\/\/api.w.org\/{rel}","templated":true}]}}