{"id":612,"date":"2012-07-18T14:53:33","date_gmt":"2012-07-18T12:53:33","guid":{"rendered":"http:\/\/beta.lossburg-schoemberg.de\/?page_id=612"},"modified":"2016-12-16T21:29:18","modified_gmt":"2016-12-16T20:29:18","slug":"dezember-weihnachtsmarkt-auf-dem-hofbauernhof","status":"publish","type":"page","link":"https:\/\/lossburg-schoemberg.de\/index.php\/rueckblick\/2011-2\/dezember-weihnachtsmarkt-auf-dem-hofbauernhof\/","title":{"rendered":"Dezember: Weihnachtsmarkt auf dem Hofbauernhof"},"content":{"rendered":"<p>Am dritten Adventssontag haben sich auch dieses Jahr wieder ca. 35 Bauern und Kunsthandwerker auf dem Hofbauernhofs eingefunden um ihre Produkte auszustellen. Es ist der sechste Hofbauernhof-Weihnachtsmarkt in Folge!<br \/>\nMan konnte eine Vielzahl von sch\u00f6nen Dingen bestaunen, z.B. im Kupferkessel gebrannten Mandeln,\u00a0 gebrannte Aprikosenkerne, Lederverarbeitung, Goldschmiede-Arbeiten, Kr\u00e4uteressige, handgemachte Seifen, Holzschmuck sowie Holzspielzeug, Textilien aus Wolle und Seide, Schuhe, Puppen, Weihnachtsschmuck in allen Facetten und nat\u00fcrlich viele \u00f6kologische K\u00f6stlichkeiten!<\/p>\n<p>Auf dem Heuboden \u00fcber dem Kuhstall gab es auch dieses dieses Jahr wieder eine Weihnachtsgeschichte f\u00fcr Kinder.<\/p>\n<p>Ein rundum bestens organisierter Weihnachtsmarkt.<\/p>\n<p style=\"text-align: center;\"><a href=\"http:\/\/beta.lossburg-schoemberg.de\/wp-content\/uploads\/2012\/07\/Hof11.jpg\"><img loading=\"lazy\" decoding=\"async\" class=\" wp-image-613 aligncenter\" title=\"Hof11\" src=\"http:\/\/beta.lossburg-schoemberg.de\/wp-content\/uploads\/2012\/07\/Hof11.jpg\" alt=\"\" width=\"350\" height=\"438\" \/><\/a><\/p>\n","protected":false},"excerpt":{"rendered":"<p>Am dritten Adventssontag haben sich auch dieses Jahr wieder ca. 35 Bauern und Kunsthandwerker auf dem Hofbauernhofs eingefunden um ihre Produkte auszustellen. Es ist der sechste Hofbauernhof-Weihnachtsmarkt in Folge! Man konnte eine Vielzahl von sch\u00f6nen Dingen bestaunen, z.B. im Kupferkessel gebrannten Mandeln,\u00a0 gebrannte Aprikosenkerne, Lederverarbeitung, Goldschmiede-Arbeiten, Kr\u00e4uteressige, handgemachte Seifen, Holzschmuck sowie Holzspielzeug, Textilien aus Wolle &hellip; <\/p>\n<p><a class=\"more-link btn\" href=\"https:\/\/lossburg-schoemberg.de\/index.php\/rueckblick\/2011-2\/dezember-weihnachtsmarkt-auf-dem-hofbauernhof\/\">Weiterlesen<\/a><\/p>\n","protected":false},"author":1,"featured_media":613,"parent":35,"menu_order":50,"comment_status":"open","ping_status":"open","template":"","meta":{"footnotes":""},"class_list":["post-612","page","type-page","status-publish","has-post-thumbnail","hentry","nodate","item-wrap"],"_links":{"self":[{"href":"https:\/\/lossburg-schoemberg.de\/index.php\/wp-json\/wp\/v2\/pages\/612","targetHints":{"allow":["GET"]}}],"collection":[{"href":"https:\/\/lossburg-schoemberg.de\/index.php\/wp-json\/wp\/v2\/pages"}],"about":[{"href":"https:\/\/lossburg-schoemberg.de\/index.php\/wp-json\/wp\/v2\/types\/page"}],"author":[{"embeddable":true,"href":"https:\/\/lossburg-schoemberg.de\/index.php\/wp-json\/wp\/v2\/users\/1"}],"replies":[{"embeddable":true,"href":"https:\/\/lossburg-schoemberg.de\/index.php\/wp-json\/wp\/v2\/comments?post=612"}],"version-history":[{"count":1,"href":"https:\/\/lossburg-schoemberg.de\/index.php\/wp-json\/wp\/v2\/pages\/612\/revisions"}],"predecessor-version":[{"id":3496,"href":"https:\/\/lossburg-schoemberg.de\/index.php\/wp-json\/wp\/v2\/pages\/612\/revisions\/3496"}],"up":[{"embeddable":true,"href":"https:\/\/lossburg-schoemberg.de\/index.php\/wp-json\/wp\/v2\/pages\/35"}],"wp:featuredmedia":[{"embeddable":true,"href":"https:\/\/lossburg-schoemberg.de\/index.php\/wp-json\/wp\/v2\/media\/613"}],"wp:attachment":[{"href":"https:\/\/lossburg-schoemberg.de\/index.php\/wp-json\/wp\/v2\/media?parent=612"}],"curies":[{"name":"wp","href":"https:\/\/api.w.org\/{rel}","templated":true}]}}