{"id":5514,"date":"2026-05-13T09:49:47","date_gmt":"2026-05-13T07:49:47","guid":{"rendered":"https:\/\/lossburg-schoemberg.de\/?page_id=5514"},"modified":"2026-05-13T09:49:47","modified_gmt":"2026-05-13T07:49:47","slug":"gottesdienst-an-himmelfahrt","status":"publish","type":"page","link":"https:\/\/lossburg-schoemberg.de\/index.php\/aktuelles\/gottesdienst-an-himmelfahrt\/","title":{"rendered":"Gottesdienst an Himmelfahrt"},"content":{"rendered":"<p><strong>Distriktgottesdienst am 14.05.26 um 10:30 Uhr<\/strong><\/p>\n<p><strong><span style=\"color: #ff0000;\">Wegen kaltem Wetter verlegt in die Sch\u00f6mberger Kirche<\/span><\/strong><\/p>\n<p><span style=\"color: #000000;\">Herzliche Einladung zum Gottesdienst auf dem Sch\u00f6mberg in der Sch\u00f6mberger Kirche.<br \/>\nDie Posaunench\u00f6re werden den Gottesdienst mitgestalten.<br \/>\nPfarrerin Stierlen und Pfarrer Motopoh aus Kamerun wird im Gottesdienst dabei sein.<\/span><\/p>\n<p>Im Anschluss werden in der Pausenhalle des B\u00fcrgerhauses Getr\u00e4nke, Kaffee und Kuchen angeboten.<br \/>\nMan kann im (warmen) B\u00fcrgerhaus Platz nehmen.<\/p>\n<p><a href=\"http:\/\/lossburg-schoemberg.de\/wp-content\/uploads\/2026\/05\/Distrikt.jpg\"><img loading=\"lazy\" decoding=\"async\" class=\"aligncenter size-full wp-image-5515\" src=\"http:\/\/lossburg-schoemberg.de\/wp-content\/uploads\/2026\/05\/Distrikt.jpg\" alt=\"\" width=\"390\" height=\"276\" srcset=\"https:\/\/lossburg-schoemberg.de\/wp-content\/uploads\/2026\/05\/Distrikt.jpg 390w, https:\/\/lossburg-schoemberg.de\/wp-content\/uploads\/2026\/05\/Distrikt-300x212.jpg 300w\" sizes=\"auto, (max-width: 390px) 100vw, 390px\" \/><\/a><\/p>\n","protected":false},"excerpt":{"rendered":"<p>Distriktgottesdienst am 14.05.26 um 10:30 Uhr Wegen kaltem Wetter verlegt in die Sch\u00f6mberger Kirche Herzliche Einladung zum Gottesdienst auf dem Sch\u00f6mberg in der Sch\u00f6mberger Kirche. Die Posaunench\u00f6re werden den Gottesdienst mitgestalten. Pfarrerin Stierlen und Pfarrer Motopoh aus Kamerun wird im Gottesdienst dabei sein. Im Anschluss werden in der Pausenhalle des B\u00fcrgerhauses Getr\u00e4nke, Kaffee und Kuchen &hellip; <\/p>\n<p><a class=\"more-link btn\" href=\"https:\/\/lossburg-schoemberg.de\/index.php\/aktuelles\/gottesdienst-an-himmelfahrt\/\">Weiterlesen<\/a><\/p>\n","protected":false},"author":1,"featured_media":487,"parent":171,"menu_order":26,"comment_status":"closed","ping_status":"closed","template":"","meta":{"footnotes":""},"class_list":["post-5514","page","type-page","status-publish","has-post-thumbnail","hentry","nodate","item-wrap"],"_links":{"self":[{"href":"https:\/\/lossburg-schoemberg.de\/index.php\/wp-json\/wp\/v2\/pages\/5514","targetHints":{"allow":["GET"]}}],"collection":[{"href":"https:\/\/lossburg-schoemberg.de\/index.php\/wp-json\/wp\/v2\/pages"}],"about":[{"href":"https:\/\/lossburg-schoemberg.de\/index.php\/wp-json\/wp\/v2\/types\/page"}],"author":[{"embeddable":true,"href":"https:\/\/lossburg-schoemberg.de\/index.php\/wp-json\/wp\/v2\/users\/1"}],"replies":[{"embeddable":true,"href":"https:\/\/lossburg-schoemberg.de\/index.php\/wp-json\/wp\/v2\/comments?post=5514"}],"version-history":[{"count":1,"href":"https:\/\/lossburg-schoemberg.de\/index.php\/wp-json\/wp\/v2\/pages\/5514\/revisions"}],"predecessor-version":[{"id":5516,"href":"https:\/\/lossburg-schoemberg.de\/index.php\/wp-json\/wp\/v2\/pages\/5514\/revisions\/5516"}],"up":[{"embeddable":true,"href":"https:\/\/lossburg-schoemberg.de\/index.php\/wp-json\/wp\/v2\/pages\/171"}],"wp:featuredmedia":[{"embeddable":true,"href":"https:\/\/lossburg-schoemberg.de\/index.php\/wp-json\/wp\/v2\/media\/487"}],"wp:attachment":[{"href":"https:\/\/lossburg-schoemberg.de\/index.php\/wp-json\/wp\/v2\/media?parent=5514"}],"curies":[{"name":"wp","href":"https:\/\/api.w.org\/{rel}","templated":true}]}}