{"id":5512,"date":"2026-05-09T22:10:10","date_gmt":"2026-05-09T20:10:10","guid":{"rendered":"https:\/\/lossburg-schoemberg.de\/?page_id=5512"},"modified":"2026-05-09T22:10:10","modified_gmt":"2026-05-09T20:10:10","slug":"10-jahre-blockhuette-schoemberg","status":"publish","type":"page","link":"https:\/\/lossburg-schoemberg.de\/index.php\/aktuelles\/10-jahre-blockhuette-schoemberg\/","title":{"rendered":"10 Jahre Blockh\u00fctte Sch\u00f6mberg"},"content":{"rendered":"<p><strong>Samstag 27.06. um 14 Uhr: 10 Jahre Blockh\u00fctte<\/strong><br \/>\nIm Jahr 2016 wurde unsere Blockh\u00fctte fertiggestellt. Sie ist, zusammen mit dem Spiel- und Grillplatz, ein Ort f\u00fcr Schulungen wie z.B. Waldp\u00e4dagogik, Forstwirtschaft, Feuerwehr, Kirche, aber auch ein Ort des Zusammenkommens, des Austauschs und der Gemeinschaft.<br \/>\nEingeladen sind alle, Jung und Alt, besonders auch die Freunde und G\u00f6nner der Blockh\u00fctte Sch\u00f6mberg<\/p>\n<p><strong>Programm:<\/strong><\/p>\n<ul>\n<li>Er\u00f6ffnung und Begr\u00fc\u00dfung <strong>Karl Pfau\u00a0<\/strong><\/li>\n<li>Festrede <strong>Kurt Winter<\/strong><\/li>\n<li>Gru\u00dfworte<strong> Christoph Enderle<\/strong><\/li>\n<li>Darstellung der Historie durch <strong>Karl Pfau\u00a0<\/strong><\/li>\n<li>Unterhaltende Spiele rund um die H\u00fctte <strong>Uli Armbruster<br \/>\n&#8211;\u00a0<\/strong>H\u00fcpfburg f\u00fcr Kinder<br \/>\n&#8211; Bierkrugschieben<br \/>\n&#8211; Zielwerfen mit Basketball<br \/>\n&#8211; Torwandschie\u00dfen<\/li>\n<\/ul>\n<p>&nbsp;<\/p>\n<p>F\u00fcr Speis und Trank ist gesorgt.<\/p>\n<p>Im Namen des Ortschaftsrates, des Bauteams und aller Sponsoren<\/p>\n","protected":false},"excerpt":{"rendered":"<p>Samstag 27.06. um 14 Uhr: 10 Jahre Blockh\u00fctte Im Jahr 2016 wurde unsere Blockh\u00fctte fertiggestellt. Sie ist, zusammen mit dem Spiel- und Grillplatz, ein Ort f\u00fcr Schulungen wie z.B. Waldp\u00e4dagogik, Forstwirtschaft, Feuerwehr, Kirche, aber auch ein Ort des Zusammenkommens, des Austauschs und der Gemeinschaft. Eingeladen sind alle, Jung und Alt, besonders auch die Freunde und &hellip; <\/p>\n<p><a class=\"more-link btn\" href=\"https:\/\/lossburg-schoemberg.de\/index.php\/aktuelles\/10-jahre-blockhuette-schoemberg\/\">Weiterlesen<\/a><\/p>\n","protected":false},"author":1,"featured_media":4294,"parent":171,"menu_order":28,"comment_status":"closed","ping_status":"closed","template":"","meta":{"footnotes":""},"class_list":["post-5512","page","type-page","status-publish","has-post-thumbnail","hentry","nodate","item-wrap"],"_links":{"self":[{"href":"https:\/\/lossburg-schoemberg.de\/index.php\/wp-json\/wp\/v2\/pages\/5512","targetHints":{"allow":["GET"]}}],"collection":[{"href":"https:\/\/lossburg-schoemberg.de\/index.php\/wp-json\/wp\/v2\/pages"}],"about":[{"href":"https:\/\/lossburg-schoemberg.de\/index.php\/wp-json\/wp\/v2\/types\/page"}],"author":[{"embeddable":true,"href":"https:\/\/lossburg-schoemberg.de\/index.php\/wp-json\/wp\/v2\/users\/1"}],"replies":[{"embeddable":true,"href":"https:\/\/lossburg-schoemberg.de\/index.php\/wp-json\/wp\/v2\/comments?post=5512"}],"version-history":[{"count":1,"href":"https:\/\/lossburg-schoemberg.de\/index.php\/wp-json\/wp\/v2\/pages\/5512\/revisions"}],"predecessor-version":[{"id":5513,"href":"https:\/\/lossburg-schoemberg.de\/index.php\/wp-json\/wp\/v2\/pages\/5512\/revisions\/5513"}],"up":[{"embeddable":true,"href":"https:\/\/lossburg-schoemberg.de\/index.php\/wp-json\/wp\/v2\/pages\/171"}],"wp:featuredmedia":[{"embeddable":true,"href":"https:\/\/lossburg-schoemberg.de\/index.php\/wp-json\/wp\/v2\/media\/4294"}],"wp:attachment":[{"href":"https:\/\/lossburg-schoemberg.de\/index.php\/wp-json\/wp\/v2\/media?parent=5512"}],"curies":[{"name":"wp","href":"https:\/\/api.w.org\/{rel}","templated":true}]}}