{"id":5507,"date":"2026-03-21T17:07:35","date_gmt":"2026-03-21T16:07:35","guid":{"rendered":"https:\/\/lossburg-schoemberg.de\/?page_id=5507"},"modified":"2026-03-22T18:33:07","modified_gmt":"2026-03-22T17:33:07","slug":"dorfgemeinschaft-schoemberg-wahlen-2026","status":"publish","type":"page","link":"https:\/\/lossburg-schoemberg.de\/index.php\/einrichtungen\/dorfgemeinschaft\/dorfgemeinschaft-schoemberg-wahlen-2026\/","title":{"rendered":"Dorfgemeinschaft Sch\u00f6mberg Wahlen 2026"},"content":{"rendered":"<p>Bei der Hauptversammlung im M\u00e4rz 2026 wurden einige Posten neu besetzt, hier der \u00dcberblick:<\/p>\n<p>1. Vorsitzender\u00a0 Marco Eberhardt<br \/>\n2. Vorsitzender\u00a0 Stephan Liebrecht<\/p>\n<p>Kassier\u00a0 Stephan Liebrecht<br \/>\nStellv. Kassier\u00a0 Ute Sawall<\/p>\n<p>Kassenpr\u00fcfer\u00a0 Uli Armbruster und Karl Pfau<\/p>\n<p>Schriftf\u00fchrer\u00a0 Diana Armbruster<br \/>\nStellv. Schriftf\u00fchrer\u00a0 Nicole Liebrecht<\/p>\n<p>Pressewart\u00a0 Stephan Liebrecht<\/p>\n<p>Wanderwart\u00a0 NN<\/p>\n<p>Ausschuss\u00a0 Karl Pfau, Simone Grp\u00df, Marco Eberhardt, Stephan Liebrecht, Mario K\u00f6hn<\/p>\n<p>&nbsp;<\/p>\n","protected":false},"excerpt":{"rendered":"<p>Bei der Hauptversammlung im M\u00e4rz 2026 wurden einige Posten neu besetzt, hier der \u00dcberblick: 1. Vorsitzender\u00a0 Marco Eberhardt 2. Vorsitzender\u00a0 Stephan Liebrecht Kassier\u00a0 Stephan Liebrecht Stellv. Kassier\u00a0 Ute Sawall Kassenpr\u00fcfer\u00a0 Uli Armbruster und Karl Pfau Schriftf\u00fchrer\u00a0 Diana Armbruster Stellv. Schriftf\u00fchrer\u00a0 Nicole Liebrecht Pressewart\u00a0 Stephan Liebrecht Wanderwart\u00a0 NN Ausschuss\u00a0 Karl Pfau, Simone Grp\u00df, Marco Eberhardt, Stephan &hellip; <\/p>\n<p><a class=\"more-link btn\" href=\"https:\/\/lossburg-schoemberg.de\/index.php\/einrichtungen\/dorfgemeinschaft\/dorfgemeinschaft-schoemberg-wahlen-2026\/\">Weiterlesen<\/a><\/p>\n","protected":false},"author":1,"featured_media":930,"parent":352,"menu_order":23,"comment_status":"closed","ping_status":"closed","template":"","meta":{"footnotes":""},"class_list":["post-5507","page","type-page","status-publish","has-post-thumbnail","hentry","nodate","item-wrap"],"_links":{"self":[{"href":"https:\/\/lossburg-schoemberg.de\/index.php\/wp-json\/wp\/v2\/pages\/5507","targetHints":{"allow":["GET"]}}],"collection":[{"href":"https:\/\/lossburg-schoemberg.de\/index.php\/wp-json\/wp\/v2\/pages"}],"about":[{"href":"https:\/\/lossburg-schoemberg.de\/index.php\/wp-json\/wp\/v2\/types\/page"}],"author":[{"embeddable":true,"href":"https:\/\/lossburg-schoemberg.de\/index.php\/wp-json\/wp\/v2\/users\/1"}],"replies":[{"embeddable":true,"href":"https:\/\/lossburg-schoemberg.de\/index.php\/wp-json\/wp\/v2\/comments?post=5507"}],"version-history":[{"count":1,"href":"https:\/\/lossburg-schoemberg.de\/index.php\/wp-json\/wp\/v2\/pages\/5507\/revisions"}],"predecessor-version":[{"id":5508,"href":"https:\/\/lossburg-schoemberg.de\/index.php\/wp-json\/wp\/v2\/pages\/5507\/revisions\/5508"}],"up":[{"embeddable":true,"href":"https:\/\/lossburg-schoemberg.de\/index.php\/wp-json\/wp\/v2\/pages\/352"}],"wp:featuredmedia":[{"embeddable":true,"href":"https:\/\/lossburg-schoemberg.de\/index.php\/wp-json\/wp\/v2\/media\/930"}],"wp:attachment":[{"href":"https:\/\/lossburg-schoemberg.de\/index.php\/wp-json\/wp\/v2\/media?parent=5507"}],"curies":[{"name":"wp","href":"https:\/\/api.w.org\/{rel}","templated":true}]}}