{"id":5499,"date":"2026-02-19T17:44:13","date_gmt":"2026-02-19T16:44:13","guid":{"rendered":"https:\/\/lossburg-schoemberg.de\/?page_id=5499"},"modified":"2026-03-22T20:03:39","modified_gmt":"2026-03-22T19:03:39","slug":"termine-2026","status":"publish","type":"page","link":"https:\/\/lossburg-schoemberg.de\/index.php\/aktuelles\/termine-2026\/","title":{"rendered":"Termine 2026"},"content":{"rendered":"<p><strong>Termine der Ortschaft Sch\u00f6mberg<\/strong><\/p>\n<p>Samstag 18. April:\u00a0 Dorfputzete. Treffpunkt: 09:00 Rathaus Sch\u00f6mberg<br \/>\nDabei rechen wir auch das Beach Volleyball Feld ab<\/p>\n<p>Samstag 25. April um 14:00 Uhr. Girlanden binden in der Pausenhalle.<br \/>\nHelfer sind gene gesehen, auch Leute die bisher nicht mitgeholfen haben.<\/p>\n<p>Donnerstag 30. April um 18:30 Uhr: Maibaumaufstellen von der Feuerwehr<br \/>\nDanach Bewirtung in der Pausenhalle<\/p>\n<p>Samstag 20.06. ab 18 Uhr: Sonnwendfeier am Spielplatz oberer Wald, ausgerichtet von der Feuerwehr Abteilung Sch\u00f6mberg<\/p>\n<p>Samstag 07. November: B\u00fcrgernachmittag im B\u00fcrgerhaus. F\u00fcr alle Sch\u00f6mberger. Beginn 14:30 Uhr<\/p>\n<p>Donnerstag 31.12. Sylvesterfeier in der Blockh\u00fctte. Beginn 20:00 Uhr<\/p>\n<p><strong>Termine der Dorfgemeinschaft Sch\u00f6mberg<\/strong><\/p>\n<p>Donnerstag 19. M\u00e4rz: Jahreshauptversammlung der Dorfgemeinschaft. B\u00fcrgerhaus, Beginn 19 Uhr<\/p>\n<p>Samstag 11. April: Helferfest in der Blockh\u00fctte. Da kommt eine separate Einladung an die Helfer<\/p>\n<p>Freitag 01. Mai: Maiwanderung. Treffpunkt: 09:30 Uhr am Rathaus Sch\u00f6mberg<br \/>\nzu Fu\u00df zur Haselmaush\u00fctte, Lohm\u00fchle, B\u00fcchenberg, Zauberland, evtl. Eiswagen dort, \u00d6denwald, Einkehr Tannenstube, Ausklang in Sch\u00f6mberg.<\/p>\n<p>Samstag 08. August: Backhausfest am Backh\u00e4usle<\/p>\n<p>Samstag 10. Oktober: Herbstausflug zum SWR nach Baden-Baden<br \/>\nAbfahrt am Rathaus Sch\u00f6mberg um 08:45 Uhr, auf der Hinfahrt Rast an der Schwarzenbach-Talsperre, Mittagessen in der Edelfuchs-Lodge im B\u00fchlertal. F\u00fchrung in der SWR Studios von 14 bis 16 Uhr<\/p>\n","protected":false},"excerpt":{"rendered":"<p>Termine der Ortschaft Sch\u00f6mberg Samstag 18. April:\u00a0 Dorfputzete. Treffpunkt: 09:00 Rathaus Sch\u00f6mberg Dabei rechen wir auch das Beach Volleyball Feld ab Samstag 25. April um 14:00 Uhr. Girlanden binden in der Pausenhalle. Helfer sind gene gesehen, auch Leute die bisher nicht mitgeholfen haben. Donnerstag 30. April um 18:30 Uhr: Maibaumaufstellen von der Feuerwehr Danach Bewirtung &hellip; <\/p>\n<p><a class=\"more-link btn\" href=\"https:\/\/lossburg-schoemberg.de\/index.php\/aktuelles\/termine-2026\/\">Weiterlesen<\/a><\/p>\n","protected":false},"author":1,"featured_media":1124,"parent":171,"menu_order":30,"comment_status":"closed","ping_status":"closed","template":"","meta":{"footnotes":""},"class_list":["post-5499","page","type-page","status-publish","has-post-thumbnail","hentry","nodate","item-wrap"],"_links":{"self":[{"href":"https:\/\/lossburg-schoemberg.de\/index.php\/wp-json\/wp\/v2\/pages\/5499","targetHints":{"allow":["GET"]}}],"collection":[{"href":"https:\/\/lossburg-schoemberg.de\/index.php\/wp-json\/wp\/v2\/pages"}],"about":[{"href":"https:\/\/lossburg-schoemberg.de\/index.php\/wp-json\/wp\/v2\/types\/page"}],"author":[{"embeddable":true,"href":"https:\/\/lossburg-schoemberg.de\/index.php\/wp-json\/wp\/v2\/users\/1"}],"replies":[{"embeddable":true,"href":"https:\/\/lossburg-schoemberg.de\/index.php\/wp-json\/wp\/v2\/comments?post=5499"}],"version-history":[{"count":4,"href":"https:\/\/lossburg-schoemberg.de\/index.php\/wp-json\/wp\/v2\/pages\/5499\/revisions"}],"predecessor-version":[{"id":5509,"href":"https:\/\/lossburg-schoemberg.de\/index.php\/wp-json\/wp\/v2\/pages\/5499\/revisions\/5509"}],"up":[{"embeddable":true,"href":"https:\/\/lossburg-schoemberg.de\/index.php\/wp-json\/wp\/v2\/pages\/171"}],"wp:featuredmedia":[{"embeddable":true,"href":"https:\/\/lossburg-schoemberg.de\/index.php\/wp-json\/wp\/v2\/media\/1124"}],"wp:attachment":[{"href":"https:\/\/lossburg-schoemberg.de\/index.php\/wp-json\/wp\/v2\/media?parent=5499"}],"curies":[{"name":"wp","href":"https:\/\/api.w.org\/{rel}","templated":true}]}}