{"id":5494,"date":"2026-02-14T11:33:36","date_gmt":"2026-02-14T10:33:36","guid":{"rendered":"https:\/\/lossburg-schoemberg.de\/?page_id=5494"},"modified":"2026-02-14T11:48:05","modified_gmt":"2026-02-14T10:48:05","slug":"abteilungsversammlung-2026","status":"publish","type":"page","link":"https:\/\/lossburg-schoemberg.de\/index.php\/einrichtungen\/feuerwehr\/abteilungsversammlung-2025\/abteilungsversammlung-2026\/","title":{"rendered":"Abteilungsversammlung 2026"},"content":{"rendered":"<p><strong><u>Abteilungsversammlung der Feuerwehr Sch\u00f6mberg<\/u><\/strong><\/p>\n<p>Die aktiven Mitglieder der Freiwilligen Feuerwehr Abteilung Sch\u00f6mberg kamen am 30. Januar 2026 zur Abteilungsversammlung im B\u00fcrger- und G\u00e4stehaus zusammen.<\/p>\n<p>Abteilungskommandant Uli Armbruster er\u00f6ffnete die Versammlung und hie\u00df alle Anwesenden herzlich willkommen. Besonders begr\u00fc\u00dfen konnte er hierbei die stellvertretende Ortsvorsteherin Frau Diana Armbruster und Gesamtkommandant Herr Andreas Eberhardt.<br \/>\n(Ortsvorsteher Karl Pfau war entschuldigt, er war bei einer Veranstaltung in Lo\u00dfburg.)<\/p>\n<p>Danach folgte sein Bericht \u00fcber das zur\u00fcckliegenden Jahr 2025:<\/p>\n<p>Einleitend teilte Armbruster mit, dass aktuell 17 Feuerwehrm\u00e4nner im aktiven Dienst der Abteilung Sch\u00f6mberg stehen, der Kommandant betonte, dass Sch\u00f6mberg eine schlagkr\u00e4ftige Truppe darstellt.<\/p>\n<p>Am 21. Februar 2025 fand die letzte Abteilungsversammlung statt.<\/p>\n<p>Das Jahr 2025 war, in Bezug auf die vier Eins\u00e4tze gesehen, ein recht ereignisreiches Jahr. Bei den vier abzuarbeitenden Eins\u00e4tzen waren zwei schwere Verkehrsunf\u00e4lle dabei.<\/p>\n<p>Zus\u00e4tzlich zum geleisteten Einsatz kamen \u00fcber das Jahr 2025 verteilet 20 \u00dcbungen hinzu, die auf der Gemarkungen Sch\u00f6mberg, Vordersteinwald und \u00d6denwald abgehalten wurden. Traditionell wurde mit der Abteilung Sterneck eine Gemeinschafts\u00fcbung auf dem Sch\u00f6mberg abgearbeitet. Au\u00dferdem war die Abteilung Sch\u00f6mberg bei der Haupt\u00fcbung der Gesamtwehr in Betzweiler-W\u00e4lde mit dabei.<\/p>\n<p>Bei der Abteilungsversammlung wurden die Kameraden Ren\u00e9 Kern, Pascal Brendel und Jannik Pohl zum Feuerwehrmann bef\u00f6rdert. Philipp Dieterle durften wir zur Bef\u00f6rderung zum L\u00f6schmeister gratulieren.<\/p>\n<p>Der gesellige Teil kam ebenfalls nicht zu kurz. Zum Mostfest im Herbst durften wir zahlreiche G\u00e4ste willkommen hei\u00dfen, wof\u00fcr wir uns nochmals bedanken wollen. Hinzu kamen noch Ereignisse von Kameraden wie Geburtstagsfeiern, eine Fackelwanderung und sonstige Feierlichkeiten und Aktivit\u00e4ten.<\/p>\n<p>Zum Schluss dankte Armbruster den Kameraden der Abteilung f\u00fcr Ihre geleistete Arbeit und hofft weiterhin darauf, dass alle immer wohlbehalten von \u00dcbungen und Eins\u00e4tzen zur\u00fcckkehren. Einen besonderen Dank sprach er seinem Stellvertreter Christian Sawall und der Feuerwehr F\u00fchrung in Lo\u00dfburg aus.<\/p>\n<p>Nach dem Bericht des Abteilungskommandanten folgte ein Gru\u00dfwort der stellvertretenden Ortsvorsteherin. Diana Armbruster bedankte sich ebenfalls bei allen Kameraden f\u00fcr ihren Dienst in der Gemeinde aber auch ganz besonders an der Ortschaft Sch\u00f6mberg. F\u00fcr sie sei es sehr wichtig eine so zuverl\u00e4ssige und schlagkr\u00e4ftige Mannschaft im Ortsteil Sch\u00f6mberg zu haben, dar\u00fcber ist sie und letztlich auch die B\u00fcrger Sch\u00f6mbergs sehr froh.<\/p>\n<p>Im Anschluss sprach Gesamtkommandant Andreas Eberhardt sein Gru\u00dfwort. Er bedankte sich f\u00fcr die geleistete Arbeit im abgelaufenen Jahr. Er berichtet zudem von einigen Themen und Neuerungen, die es im neuen Jahr zu bewerkstelligen gilt. Zum Beispiel die Neubeschaffung Ger\u00e4tewagen Gefahrgut, die Fertigstellung des Feuerwehrhauses in Wittendorf, Beschaffung Ersatzfahrzeug f\u00fcr LF16 in Lo\u00dfburg und der finale Ausbau des Digitalfunks. Abschlie\u00dfend dankte der Gesamtkommandant dem Abteilungskommandant Uli Armbruster f\u00fcr seine geleistete Arbeit und f\u00fcr die der Kameraden.<\/p>\n<p>Als letzter offizieller Punkt auf der Tagesordnung standen noch Verabschiedungen.<br \/>\nBedingt durch ein Wohnorts Wechsel wurde der Kamerad Kai Heinzelmann, der 13 Jahre im aktiven Feuerwehrdienst t\u00e4tig war, verabschiedet. Zuletzt war er im Ausschuss und als Maschinist in der Abteilung Sch\u00f6mberg t\u00e4tig. Kommandant Uli Armbruster und Andreas Eberhardt sowie die Kameraden der Abteilung Sch\u00f6mberg bedankten sich f\u00fcr die vielen Jahre Feuerwehrdienst.<\/p>\n<p>Bei gem\u00fctlichem Beisammensein und gutem Essen lie\u00df man den Abend ausklingen.<\/p>\n<p>Abteilung Sch\u00f6mberg<br \/>\nPhilipp Dieterle (Schriftf\u00fchrer)<\/p>\n<div id=\"attachment_5490\" style=\"width: 847px\" class=\"wp-caption aligncenter\"><a href=\"http:\/\/lossburg-schoemberg.de\/wp-content\/uploads\/2026\/01\/IMG_8978-scaled.jpeg\"><img loading=\"lazy\" decoding=\"async\" aria-describedby=\"caption-attachment-5490\" class=\"wp-image-5490 size-large\" src=\"http:\/\/lossburg-schoemberg.de\/wp-content\/uploads\/2026\/01\/IMG_8978-1024x717.jpeg\" alt=\"\" width=\"847\" height=\"593\" srcset=\"https:\/\/lossburg-schoemberg.de\/wp-content\/uploads\/2026\/01\/IMG_8978-1024x717.jpeg 1024w, https:\/\/lossburg-schoemberg.de\/wp-content\/uploads\/2026\/01\/IMG_8978-300x210.jpeg 300w, https:\/\/lossburg-schoemberg.de\/wp-content\/uploads\/2026\/01\/IMG_8978-768x537.jpeg 768w, https:\/\/lossburg-schoemberg.de\/wp-content\/uploads\/2026\/01\/IMG_8978-1536x1075.jpeg 1536w, https:\/\/lossburg-schoemberg.de\/wp-content\/uploads\/2026\/01\/IMG_8978-2048x1433.jpeg 2048w, https:\/\/lossburg-schoemberg.de\/wp-content\/uploads\/2026\/01\/IMG_8978-847x593.jpeg 847w\" sizes=\"auto, (max-width: 847px) 100vw, 847px\" \/><\/a><p id=\"caption-attachment-5490\" class=\"wp-caption-text\">Von links: Christian Sawall stellv. Kommandant, Diana Armbruster stellv. des Ortsvorstehers, Sven Dieterle neu in den Ausschuss gew\u00e4hlt, Kai Heinzelmann verabschiedet, Pascal Brendel bef\u00f6rdert zum Feuerwehrmann, Ren\u00e9 Kern bef\u00f6rdert zum Feuerwehrmann, Jannik Pohl bef\u00f6rdert zum Feuerwehrmann, Philipp Dieterle bef\u00f6rdert zum L\u00f6schmeister, Uli Armbruster Kommandant Abteilung Sch\u00f6mberg, Andreas Eberhardt Gesamtkommandant Lo\u00dfburg<\/p><\/div>\n<div id=\"attachment_5489\" style=\"width: 847px\" class=\"wp-caption aligncenter\"><a href=\"http:\/\/lossburg-schoemberg.de\/wp-content\/uploads\/2026\/01\/IMG_8977-scaled.jpeg\"><img loading=\"lazy\" decoding=\"async\" aria-describedby=\"caption-attachment-5489\" class=\"wp-image-5489 size-large\" src=\"http:\/\/lossburg-schoemberg.de\/wp-content\/uploads\/2026\/01\/IMG_8977-874x1024.jpeg\" alt=\"\" width=\"847\" height=\"992\" srcset=\"https:\/\/lossburg-schoemberg.de\/wp-content\/uploads\/2026\/01\/IMG_8977-874x1024.jpeg 874w, https:\/\/lossburg-schoemberg.de\/wp-content\/uploads\/2026\/01\/IMG_8977-256x300.jpeg 256w, https:\/\/lossburg-schoemberg.de\/wp-content\/uploads\/2026\/01\/IMG_8977-768x900.jpeg 768w, https:\/\/lossburg-schoemberg.de\/wp-content\/uploads\/2026\/01\/IMG_8977-1311x1536.jpeg 1311w, https:\/\/lossburg-schoemberg.de\/wp-content\/uploads\/2026\/01\/IMG_8977-1748x2048.jpeg 1748w, https:\/\/lossburg-schoemberg.de\/wp-content\/uploads\/2026\/01\/IMG_8977-847x993.jpeg 847w\" sizes=\"auto, (max-width: 847px) 100vw, 847px\" \/><\/a><p id=\"caption-attachment-5489\" class=\"wp-caption-text\">Nach 13 Jahren im aktiven Feuerwehrdienst wurde wegen Wegzug Kai Heinzelmann verabschiedet.<\/p><\/div>\n","protected":false},"excerpt":{"rendered":"<p>Abteilungsversammlung der Feuerwehr Sch\u00f6mberg Die aktiven Mitglieder der Freiwilligen Feuerwehr Abteilung Sch\u00f6mberg kamen am 30. Januar 2026 zur Abteilungsversammlung im B\u00fcrger- und G\u00e4stehaus zusammen. Abteilungskommandant Uli Armbruster er\u00f6ffnete die Versammlung und hie\u00df alle Anwesenden herzlich willkommen. Besonders begr\u00fc\u00dfen konnte er hierbei die stellvertretende Ortsvorsteherin Frau Diana Armbruster und Gesamtkommandant Herr Andreas Eberhardt. (Ortsvorsteher Karl Pfau &hellip; <\/p>\n<p><a class=\"more-link btn\" href=\"https:\/\/lossburg-schoemberg.de\/index.php\/einrichtungen\/feuerwehr\/abteilungsversammlung-2025\/abteilungsversammlung-2026\/\">Weiterlesen<\/a><\/p>\n","protected":false},"author":1,"featured_media":1676,"parent":5265,"menu_order":10,"comment_status":"closed","ping_status":"closed","template":"","meta":{"footnotes":""},"class_list":["post-5494","page","type-page","status-publish","has-post-thumbnail","hentry","nodate","item-wrap"],"_links":{"self":[{"href":"https:\/\/lossburg-schoemberg.de\/index.php\/wp-json\/wp\/v2\/pages\/5494","targetHints":{"allow":["GET"]}}],"collection":[{"href":"https:\/\/lossburg-schoemberg.de\/index.php\/wp-json\/wp\/v2\/pages"}],"about":[{"href":"https:\/\/lossburg-schoemberg.de\/index.php\/wp-json\/wp\/v2\/types\/page"}],"author":[{"embeddable":true,"href":"https:\/\/lossburg-schoemberg.de\/index.php\/wp-json\/wp\/v2\/users\/1"}],"replies":[{"embeddable":true,"href":"https:\/\/lossburg-schoemberg.de\/index.php\/wp-json\/wp\/v2\/comments?post=5494"}],"version-history":[{"count":3,"href":"https:\/\/lossburg-schoemberg.de\/index.php\/wp-json\/wp\/v2\/pages\/5494\/revisions"}],"predecessor-version":[{"id":5498,"href":"https:\/\/lossburg-schoemberg.de\/index.php\/wp-json\/wp\/v2\/pages\/5494\/revisions\/5498"}],"up":[{"embeddable":true,"href":"https:\/\/lossburg-schoemberg.de\/index.php\/wp-json\/wp\/v2\/pages\/5265"}],"wp:featuredmedia":[{"embeddable":true,"href":"https:\/\/lossburg-schoemberg.de\/index.php\/wp-json\/wp\/v2\/media\/1676"}],"wp:attachment":[{"href":"https:\/\/lossburg-schoemberg.de\/index.php\/wp-json\/wp\/v2\/media?parent=5494"}],"curies":[{"name":"wp","href":"https:\/\/api.w.org\/{rel}","templated":true}]}}