{"id":5488,"date":"2026-01-31T12:16:10","date_gmt":"2026-01-31T11:16:10","guid":{"rendered":"https:\/\/lossburg-schoemberg.de\/?page_id=5488"},"modified":"2026-01-31T12:26:35","modified_gmt":"2026-01-31T11:26:35","slug":"befoerderungen-bei-der-feuerwehr","status":"publish","type":"page","link":"https:\/\/lossburg-schoemberg.de\/index.php\/einrichtungen\/feuerwehr\/befoerderungen-bei-der-feuerwehr\/","title":{"rendered":"Bef\u00f6rderungen bei der Feuerwehr"},"content":{"rendered":"<div id=\"attachment_5490\" style=\"width: 847px\" class=\"wp-caption aligncenter\"><a href=\"http:\/\/lossburg-schoemberg.de\/wp-content\/uploads\/2026\/01\/IMG_8978-scaled.jpeg\"><img loading=\"lazy\" decoding=\"async\" aria-describedby=\"caption-attachment-5490\" class=\"wp-image-5490 size-large\" src=\"http:\/\/lossburg-schoemberg.de\/wp-content\/uploads\/2026\/01\/IMG_8978-1024x717.jpeg\" alt=\"\" width=\"847\" height=\"593\" srcset=\"https:\/\/lossburg-schoemberg.de\/wp-content\/uploads\/2026\/01\/IMG_8978-1024x717.jpeg 1024w, https:\/\/lossburg-schoemberg.de\/wp-content\/uploads\/2026\/01\/IMG_8978-300x210.jpeg 300w, https:\/\/lossburg-schoemberg.de\/wp-content\/uploads\/2026\/01\/IMG_8978-768x537.jpeg 768w, https:\/\/lossburg-schoemberg.de\/wp-content\/uploads\/2026\/01\/IMG_8978-1536x1075.jpeg 1536w, https:\/\/lossburg-schoemberg.de\/wp-content\/uploads\/2026\/01\/IMG_8978-2048x1433.jpeg 2048w, https:\/\/lossburg-schoemberg.de\/wp-content\/uploads\/2026\/01\/IMG_8978-847x593.jpeg 847w\" sizes=\"auto, (max-width: 847px) 100vw, 847px\" \/><\/a><p id=\"caption-attachment-5490\" class=\"wp-caption-text\">Von links: Christian Sawall stellv. Kommandant, Diana Armbruster stellv. des Ortsvorstehers, Sven Dieterle neu in den Ausschuss gew\u00e4hlt, Kai Heinzelmann verabschiedet, Pascal Brendel bef\u00f6rdert zum Feuerwehrmann, Ren\u00e9 Kern bef\u00f6rdert zum Feuerwehrmann, Jannik Pohl bef\u00f6rdert zum Feuerwehrmann, Philipp Dieterle bef\u00f6rdert zum L\u00f6schmeister, Uli Armbruster Kommandant Abteilung Sch\u00f6mberg, Andreas Eberhardt Gesamtkommandant Lo\u00dfburg<\/p><\/div>\n<p>&nbsp;<\/p>\n","protected":false},"excerpt":{"rendered":"<p>&nbsp;<\/p>\n","protected":false},"author":1,"featured_media":5490,"parent":350,"menu_order":34,"comment_status":"closed","ping_status":"closed","template":"","meta":{"footnotes":""},"class_list":["post-5488","page","type-page","status-publish","has-post-thumbnail","hentry","nodate","item-wrap"],"_links":{"self":[{"href":"https:\/\/lossburg-schoemberg.de\/index.php\/wp-json\/wp\/v2\/pages\/5488","targetHints":{"allow":["GET"]}}],"collection":[{"href":"https:\/\/lossburg-schoemberg.de\/index.php\/wp-json\/wp\/v2\/pages"}],"about":[{"href":"https:\/\/lossburg-schoemberg.de\/index.php\/wp-json\/wp\/v2\/types\/page"}],"author":[{"embeddable":true,"href":"https:\/\/lossburg-schoemberg.de\/index.php\/wp-json\/wp\/v2\/users\/1"}],"replies":[{"embeddable":true,"href":"https:\/\/lossburg-schoemberg.de\/index.php\/wp-json\/wp\/v2\/comments?post=5488"}],"version-history":[{"count":1,"href":"https:\/\/lossburg-schoemberg.de\/index.php\/wp-json\/wp\/v2\/pages\/5488\/revisions"}],"predecessor-version":[{"id":5491,"href":"https:\/\/lossburg-schoemberg.de\/index.php\/wp-json\/wp\/v2\/pages\/5488\/revisions\/5491"}],"up":[{"embeddable":true,"href":"https:\/\/lossburg-schoemberg.de\/index.php\/wp-json\/wp\/v2\/pages\/350"}],"wp:featuredmedia":[{"embeddable":true,"href":"https:\/\/lossburg-schoemberg.de\/index.php\/wp-json\/wp\/v2\/media\/5490"}],"wp:attachment":[{"href":"https:\/\/lossburg-schoemberg.de\/index.php\/wp-json\/wp\/v2\/media?parent=5488"}],"curies":[{"name":"wp","href":"https:\/\/api.w.org\/{rel}","templated":true}]}}