{"id":5459,"date":"2025-10-22T15:36:00","date_gmt":"2025-10-22T13:36:00","guid":{"rendered":"https:\/\/lossburg-schoemberg.de\/?page_id=5459"},"modified":"2025-10-23T15:21:16","modified_gmt":"2025-10-23T13:21:16","slug":"2020-3","status":"publish","type":"page","link":"https:\/\/lossburg-schoemberg.de\/index.php\/ort\/geschichte\/2020-3\/","title":{"rendered":"2020 &#8211; 2025"},"content":{"rendered":"<table style=\"width: 100%; height: 1680px;\" border=\"0\">\n<tbody>\n<tr style=\"height: 1265px;\">\n<td style=\"height: 1265px;\" valign=\"top\"><strong>\u00a02020<\/strong><\/td>\n<td style=\"height: 1265px;\">\n<ul>\n<li>Anfang des Jahres begann Corona<br \/>\nAlle gesellschaftlichen Veranstaltung wurden abgesagt.<br \/>\n&#8211; Keine Veranstaltung in der Blockh\u00fctte oder im B\u00fcrgerhaus, kein Maibaum aufgestellt, kein Dorfnachmittag, kein Backhausfest.<br \/>\n&#8211; Auch in der Kirche nur wenige Gottesdienste unter sehr strengen Auflagen.<\/li>\n<li>Das Jahr beginnt mit einem tollen Winter. Stabile Schneelage von Januar bis Ende M\u00e4rz.<\/li>\n<\/ul>\n<p><a href=\"http:\/\/lossburg-schoemberg.de\/wp-content\/uploads\/2021\/01\/IMG_2565.jpeg\"><img loading=\"lazy\" decoding=\"async\" class=\"aligncenter size-large wp-image-4505\" src=\"http:\/\/lossburg-schoemberg.de\/wp-content\/uploads\/2021\/01\/IMG_2565-1024x768.jpeg\" alt=\"\" width=\"847\" height=\"635\" srcset=\"https:\/\/lossburg-schoemberg.de\/wp-content\/uploads\/2021\/01\/IMG_2565-1024x768.jpeg 1024w, https:\/\/lossburg-schoemberg.de\/wp-content\/uploads\/2021\/01\/IMG_2565-300x225.jpeg 300w, https:\/\/lossburg-schoemberg.de\/wp-content\/uploads\/2021\/01\/IMG_2565-768x576.jpeg 768w, https:\/\/lossburg-schoemberg.de\/wp-content\/uploads\/2021\/01\/IMG_2565-1536x1152.jpeg 1536w, https:\/\/lossburg-schoemberg.de\/wp-content\/uploads\/2021\/01\/IMG_2565.jpeg 2048w\" sizes=\"auto, (max-width: 847px) 100vw, 847px\" \/><\/a><br \/>\n<a href=\"http:\/\/lossburg-schoemberg.de\/wp-content\/uploads\/2021\/01\/IMG_2561.jpeg\"><img loading=\"lazy\" decoding=\"async\" class=\"aligncenter size-large wp-image-4504\" src=\"http:\/\/lossburg-schoemberg.de\/wp-content\/uploads\/2021\/01\/IMG_2561-1024x768.jpeg\" alt=\"\" width=\"847\" height=\"635\" srcset=\"https:\/\/lossburg-schoemberg.de\/wp-content\/uploads\/2021\/01\/IMG_2561-1024x768.jpeg 1024w, https:\/\/lossburg-schoemberg.de\/wp-content\/uploads\/2021\/01\/IMG_2561-300x225.jpeg 300w, https:\/\/lossburg-schoemberg.de\/wp-content\/uploads\/2021\/01\/IMG_2561-768x576.jpeg 768w, https:\/\/lossburg-schoemberg.de\/wp-content\/uploads\/2021\/01\/IMG_2561-1536x1152.jpeg 1536w, https:\/\/lossburg-schoemberg.de\/wp-content\/uploads\/2021\/01\/IMG_2561.jpeg 2048w\" sizes=\"auto, (max-width: 847px) 100vw, 847px\" \/><\/a><\/td>\n<\/tr>\n<tr style=\"height: 165px;\">\n<td style=\"height: 165px;\" valign=\"top\"><strong>\u00a02021<\/strong><\/td>\n<td style=\"height: 165px;\">\n<ul>\n<li>Corona dauert immer an, es wurden so gut wie alle Veranstaltungen abgesagt. Unter anderem konnten nicht stattfinden \u2013 B\u00fcrgernachmittag \u2013 Maibaumaufstellen \u2013 Maiwanderung \u2013 Gottesdienst im Gr\u00fcnen \u2013 Sonnwendfeier \u2013 Bachhausfest \u2013 Herbstwanderung \u2013 Nikolausfeier<\/li>\n<li>Eine Vorbereitungsgruppe plant intensiv das Fest zur 800 Jahr Feier in Sch\u00f6mberg, das im Jahr 2022 begangen wird<\/li>\n<li>Eine Webseite wurde geschaffen zur 800 Jahr Feier.\u00a0 <a href=\"http:\/\/800jahre.lossburg-schoemberg.de\" target=\"_blank\" rel=\"noopener\">http:\/\/800jahre.lossburg-schoemberg.de<\/a><\/li>\n<li>Mit Beginn des Kirchenjahres wurde die Kirchengemeinde Sch\u00f6mberg-Reinerzau aufgel\u00f6st und in die neue Kirchengemeinde Lo\u00dfburg-Sch\u00f6mberg \u00fcberf\u00fchrt<br \/>\nAm Pfingstsonntag 2021 hat unser Pfarrer Martin Frank seinen letzten planm\u00e4\u00dfigen Gottesdienst gehalten.<br \/>\nEr geht in Ruhestand.<br \/>\nWir sind dankbar f\u00fcr die Zeit in der er hier war.<br \/>\nEs hat sich sehr viel bewegt in dieser Zeit, das gr\u00f6\u00dfte Projekt war die Sanierung der Kirche das sehr gut gelungen ist. Ein weiterer Gewinn sind die aufw\u00e4ndig recherchierten Tafeln mit der Geschichte der Sch\u00f6mberger Kirche als dauerhafte Erinnerung an die Zeit Martin Frank\u00b4s.Auch der Sch\u00f6mberger Kirchenchor, den es seit ca. 1920 gab, hatte seinen letzten Auftritt.<\/li>\n<\/ul>\n<p><a href=\"http:\/\/lossburg-schoemberg.de\/wp-content\/uploads\/2021\/05\/Pfingsgottesdienst-1-scaled.jpg\"><img loading=\"lazy\" decoding=\"async\" class=\"aligncenter size-large wp-image-4608\" src=\"http:\/\/lossburg-schoemberg.de\/wp-content\/uploads\/2021\/05\/Pfingsgottesdienst-1-1024x598.jpg\" alt=\"\" width=\"847\" height=\"495\" srcset=\"https:\/\/lossburg-schoemberg.de\/wp-content\/uploads\/2021\/05\/Pfingsgottesdienst-1-1024x598.jpg 1024w, https:\/\/lossburg-schoemberg.de\/wp-content\/uploads\/2021\/05\/Pfingsgottesdienst-1-300x175.jpg 300w, https:\/\/lossburg-schoemberg.de\/wp-content\/uploads\/2021\/05\/Pfingsgottesdienst-1-768x449.jpg 768w, https:\/\/lossburg-schoemberg.de\/wp-content\/uploads\/2021\/05\/Pfingsgottesdienst-1-1536x897.jpg 1536w, https:\/\/lossburg-schoemberg.de\/wp-content\/uploads\/2021\/05\/Pfingsgottesdienst-1-2048x1196.jpg 2048w\" sizes=\"auto, (max-width: 847px) 100vw, 847px\" \/><\/a><\/td>\n<\/tr>\n<tr style=\"height: 50px;\">\n<td style=\"height: 50px;\" valign=\"top\"><strong>\u00a02022<\/strong><\/td>\n<td style=\"height: 50px;\">\n<ul>\n<li>Der H\u00f6hepunkt im Jahr 2022 war die 800 Jahr Feier Sch\u00f6mberg<\/li>\n<li>Andreas \u00dcberschaer hat 2 B\u00fccher geschrieben die ab dem Festwochenende erworben werden konnten. Man kann die B\u00fccher an den \u00d6ffnungszeiten der Ortschaftsverwaltung Sch\u00f6mberg dort immer noch kaufen.<br \/>\n&#8211; <strong>Die Namen in Sch\u00f6mberg<\/strong><br \/>\n&#8211; <strong>Die \u00dcberschaers in Sch\u00f6mberg<\/strong>\u00dcber 3 Tage waren Veranstaltungen<\/li>\n<li>Freitag 08.07.2022 Er\u00f6ffnungsveranstaltung in der Blockh\u00fctte<\/li>\n<li>Samstag 09.08. Festvortrag mit Kreisarchivarin Dr. Karoline Adler \u00fcber die Geschichte und die Gepflogenheiten in fr\u00fcheren Zeiten<\/li>\n<li>Sonntag 10.08. Festgottesdienst in der Kirche mit dem fr\u00fcheren Pfarrer Gottfried A. B\u00fchrer und dem im Amt stehenden Pfarrer Martin Frank<br \/>\nFestumzug mit 18 Gruppen mit Sprecherturm am Kreisverkehr bei dem jede Gruppe vorgestellt wurde<\/li>\n<\/ul>\n<p><a href=\"http:\/\/lossburg-schoemberg.de\/wp-content\/uploads\/2025\/10\/Umzug1-scaled.jpg\"><img loading=\"lazy\" decoding=\"async\" class=\"aligncenter size-large wp-image-5470\" src=\"http:\/\/lossburg-schoemberg.de\/wp-content\/uploads\/2025\/10\/Umzug1-1024x516.jpg\" alt=\"\" width=\"847\" height=\"427\" srcset=\"https:\/\/lossburg-schoemberg.de\/wp-content\/uploads\/2025\/10\/Umzug1-1024x516.jpg 1024w, https:\/\/lossburg-schoemberg.de\/wp-content\/uploads\/2025\/10\/Umzug1-300x151.jpg 300w, https:\/\/lossburg-schoemberg.de\/wp-content\/uploads\/2025\/10\/Umzug1-768x387.jpg 768w, https:\/\/lossburg-schoemberg.de\/wp-content\/uploads\/2025\/10\/Umzug1-1536x774.jpg 1536w, https:\/\/lossburg-schoemberg.de\/wp-content\/uploads\/2025\/10\/Umzug1-2048x1033.jpg 2048w, https:\/\/lossburg-schoemberg.de\/wp-content\/uploads\/2025\/10\/Umzug1-847x427.jpg 847w\" sizes=\"auto, (max-width: 847px) 100vw, 847px\" \/><\/a><\/td>\n<\/tr>\n<tr style=\"height: 50px;\">\n<td style=\"height: 50px;\" valign=\"top\">\u00a0<strong>2023<\/strong><\/td>\n<td style=\"height: 50px;\">\n<ul>\n<li>\u00a0Zum 31.12.2022 hat der bisherige Ortsvorsteher von Sch\u00f6mberg, Kurt Winter nach 38 Jahren Dienst sein Amt altershalber beendet.<br \/>\nIm Januar 2023 wurde er feierlich verabschiedet.<\/li>\n<li>Als Nachfolger wurde Karl Pfau gew\u00e4hlt und als Nachr\u00fcckerin in den Ortschaftsrat wurde Annette Weidenbach eingesetzt<\/li>\n<\/ul>\n<p><div id=\"attachment_4927\" style=\"width: 847px\" class=\"wp-caption aligncenter\"><a href=\"http:\/\/lossburg-schoemberg.de\/wp-content\/uploads\/2023\/01\/Verabschiedung-scaled.jpg\"><img loading=\"lazy\" decoding=\"async\" aria-describedby=\"caption-attachment-4927\" class=\"size-large wp-image-4927\" src=\"http:\/\/lossburg-schoemberg.de\/wp-content\/uploads\/2023\/01\/Verabschiedung-1024x797.jpg\" alt=\"\" width=\"847\" height=\"659\" srcset=\"https:\/\/lossburg-schoemberg.de\/wp-content\/uploads\/2023\/01\/Verabschiedung-1024x797.jpg 1024w, https:\/\/lossburg-schoemberg.de\/wp-content\/uploads\/2023\/01\/Verabschiedung-300x233.jpg 300w, https:\/\/lossburg-schoemberg.de\/wp-content\/uploads\/2023\/01\/Verabschiedung-768x597.jpg 768w, https:\/\/lossburg-schoemberg.de\/wp-content\/uploads\/2023\/01\/Verabschiedung-1536x1195.jpg 1536w, https:\/\/lossburg-schoemberg.de\/wp-content\/uploads\/2023\/01\/Verabschiedung-2048x1593.jpg 2048w, https:\/\/lossburg-schoemberg.de\/wp-content\/uploads\/2023\/01\/Verabschiedung-847x659.jpg 847w\" sizes=\"auto, (max-width: 847px) 100vw, 847px\" \/><\/a><p id=\"caption-attachment-4927\" class=\"wp-caption-text\">Von links: B\u00fcrgermeister Christoph Enderle, Stellvertreter Hartmut Eberhardt, neuer Ortsvorsteher Karl Pfau, ehemaliger Ortsvorsteher Kurt Winter. Nachr\u00fcckerin Annette Weidenbach<\/p><\/div><\/td>\n<\/tr>\n<tr style=\"height: 50px;\">\n<td style=\"height: 50px;\" valign=\"top\">\u00a0<strong>2024<\/strong><\/td>\n<td style=\"height: 50px;\">\n<ul>\n<li>\u00a0F\u00fcr die Flurbereinigung die seit 2017 vorangetrieben wird mit Vorstand und einigen Informationsveranstaltungen gab es einen wichtigen Schritt mit der \u00dcbergabe des F\u00f6rderbescheides f\u00fcr die erste Tranche.<br \/>\nFrau Staatssekret\u00e4rin Sabine Kurtz aus dem Ministerium f\u00fcr l\u00e4ndlichen Raum und Verbraucherschutz \u00fcbergab an der Vorstand der Teilnehmergemeinschaft den F\u00f6rderbescheid \u00fcber 612.994,50 Euro<\/li>\n<\/ul>\n<p><div id=\"attachment_5211\" style=\"width: 847px\" class=\"wp-caption aligncenter\"><a href=\"http:\/\/lossburg-schoemberg.de\/wp-content\/uploads\/2024\/09\/Uebergabe2.jpg\"><img loading=\"lazy\" decoding=\"async\" aria-describedby=\"caption-attachment-5211\" class=\"wp-image-5211 size-large\" src=\"http:\/\/lossburg-schoemberg.de\/wp-content\/uploads\/2024\/09\/Uebergabe2-1024x724.jpg\" alt=\"\" width=\"847\" height=\"599\" srcset=\"https:\/\/lossburg-schoemberg.de\/wp-content\/uploads\/2024\/09\/Uebergabe2-1024x724.jpg 1024w, https:\/\/lossburg-schoemberg.de\/wp-content\/uploads\/2024\/09\/Uebergabe2-300x212.jpg 300w, https:\/\/lossburg-schoemberg.de\/wp-content\/uploads\/2024\/09\/Uebergabe2-768x543.jpg 768w, https:\/\/lossburg-schoemberg.de\/wp-content\/uploads\/2024\/09\/Uebergabe2-1536x1085.jpg 1536w, https:\/\/lossburg-schoemberg.de\/wp-content\/uploads\/2024\/09\/Uebergabe2-847x599.jpg 847w, https:\/\/lossburg-schoemberg.de\/wp-content\/uploads\/2024\/09\/Uebergabe2.jpg 1592w\" sizes=\"auto, (max-width: 847px) 100vw, 847px\" \/><\/a><p id=\"caption-attachment-5211\" class=\"wp-caption-text\">Im Bild von links: Erster Landesbeamter Reinhard Geiser, B\u00fcrgermeister Christoph Enderle, Amtsleiter der Flurneuordnungsstelle Andreas Oeynhausen, Landtagsabgeordnete Kathrin Schindele, 1. Vorstand Ernst-Ewald Armbruster, Staatssekret\u00e4rin Sabine Kurtz, Ortsvorsteher Karl Pfau, Sachgebietsleiterin im Verfahren Birgit Seitz<\/p><\/div><\/td>\n<\/tr>\n<tr style=\"height: 50px;\">\n<td style=\"height: 50px;\" valign=\"top\">\u00a0\u00a0<strong>2025<\/strong><\/td>\n<td style=\"height: 50px;\">\n<ul>\n<li>\u00a0F\u00fcr die erste Tranche der Flurbereinigung konnte der Spatenstich begangen werden.<br \/>\nDer Festakt fand bei der Blockh\u00fctte Sch\u00f6mberg statt mit prominetem Besuch, denn am selben Tag wurde die Landesgartenschau Freudenstadt-Baiersbronn er\u00f6ffnet.<\/li>\n<\/ul>\n<p><div id=\"attachment_5474\" style=\"width: 847px\" class=\"wp-caption aligncenter\"><a href=\"http:\/\/lossburg-schoemberg.de\/wp-content\/uploads\/2025\/10\/Spatenstich-scaled.jpg\"><img loading=\"lazy\" decoding=\"async\" aria-describedby=\"caption-attachment-5474\" class=\"wp-image-5474 size-large\" src=\"http:\/\/lossburg-schoemberg.de\/wp-content\/uploads\/2025\/10\/Spatenstich-1024x652.jpg\" alt=\"\" width=\"847\" height=\"539\" srcset=\"https:\/\/lossburg-schoemberg.de\/wp-content\/uploads\/2025\/10\/Spatenstich-1024x652.jpg 1024w, https:\/\/lossburg-schoemberg.de\/wp-content\/uploads\/2025\/10\/Spatenstich-300x191.jpg 300w, https:\/\/lossburg-schoemberg.de\/wp-content\/uploads\/2025\/10\/Spatenstich-768x489.jpg 768w, https:\/\/lossburg-schoemberg.de\/wp-content\/uploads\/2025\/10\/Spatenstich-1536x978.jpg 1536w, https:\/\/lossburg-schoemberg.de\/wp-content\/uploads\/2025\/10\/Spatenstich-2048x1304.jpg 2048w, https:\/\/lossburg-schoemberg.de\/wp-content\/uploads\/2025\/10\/Spatenstich-847x539.jpg 847w\" sizes=\"auto, (max-width: 847px) 100vw, 847px\" \/><\/a><p id=\"caption-attachment-5474\" class=\"wp-caption-text\">Von links hintere Reihe: Vorstandsmitglied D\u00f6rte K\u00fcbler, Sachgebietsleiterin Birgit Seitz, Amtsleiter der Flurneuordnungsstelle Andreas Oeynhausen, Bauamtsleiter Jochen Ge\u00dfler, Stellv. Vorstand Uli Armbruster.\u00a0 Vordere Reihe: Erster Landesbeamter Reinhard Geiser, B\u00fcrgermeister Christoph Enderle,\u00a0 Minister f\u00fcr L\u00e4ndlichen Raum, Ern\u00e4hrung und Verbraucherschutz Peter Haug, Ortsvorsteher Karl Pfau, sein Vorg\u00e4nger der fr\u00fchere Ortsvorsteher Kurt Winter, VTG Sachbearbeiter Bernhard Gr\u00e4be, Vorstandsmitglied Hartmut Eberhardt, Vorstandsmitglied Marco Eberhardt, Revierf\u00f6rster Martin Schmalz<\/p><\/div><\/td>\n<\/tr>\n<tr style=\"height: 50px;\">\n<td style=\"height: 50px;\" valign=\"top\"><\/td>\n<td style=\"height: 50px;\"><\/td>\n<\/tr>\n<\/tbody>\n<\/table>\n","protected":false},"excerpt":{"rendered":"<p>\u00a02020 Anfang des Jahres begann Corona Alle gesellschaftlichen Veranstaltung wurden abgesagt. &#8211; Keine Veranstaltung in der Blockh\u00fctte oder im B\u00fcrgerhaus, kein Maibaum aufgestellt, kein Dorfnachmittag, kein Backhausfest. &#8211; Auch in der Kirche nur wenige Gottesdienste unter sehr strengen Auflagen. Das Jahr beginnt mit einem tollen Winter. Stabile Schneelage von Januar bis Ende M\u00e4rz. \u00a02021 Corona &hellip; <\/p>\n<p><a class=\"more-link btn\" href=\"https:\/\/lossburg-schoemberg.de\/index.php\/ort\/geschichte\/2020-3\/\">Weiterlesen<\/a><\/p>\n","protected":false},"author":1,"featured_media":0,"parent":23,"menu_order":6,"comment_status":"closed","ping_status":"closed","template":"","meta":{"footnotes":""},"class_list":["post-5459","page","type-page","status-publish","hentry","nodate","item-wrap"],"_links":{"self":[{"href":"https:\/\/lossburg-schoemberg.de\/index.php\/wp-json\/wp\/v2\/pages\/5459","targetHints":{"allow":["GET"]}}],"collection":[{"href":"https:\/\/lossburg-schoemberg.de\/index.php\/wp-json\/wp\/v2\/pages"}],"about":[{"href":"https:\/\/lossburg-schoemberg.de\/index.php\/wp-json\/wp\/v2\/types\/page"}],"author":[{"embeddable":true,"href":"https:\/\/lossburg-schoemberg.de\/index.php\/wp-json\/wp\/v2\/users\/1"}],"replies":[{"embeddable":true,"href":"https:\/\/lossburg-schoemberg.de\/index.php\/wp-json\/wp\/v2\/comments?post=5459"}],"version-history":[{"count":13,"href":"https:\/\/lossburg-schoemberg.de\/index.php\/wp-json\/wp\/v2\/pages\/5459\/revisions"}],"predecessor-version":[{"id":5475,"href":"https:\/\/lossburg-schoemberg.de\/index.php\/wp-json\/wp\/v2\/pages\/5459\/revisions\/5475"}],"up":[{"embeddable":true,"href":"https:\/\/lossburg-schoemberg.de\/index.php\/wp-json\/wp\/v2\/pages\/23"}],"wp:attachment":[{"href":"https:\/\/lossburg-schoemberg.de\/index.php\/wp-json\/wp\/v2\/media?parent=5459"}],"curies":[{"name":"wp","href":"https:\/\/api.w.org\/{rel}","templated":true}]}}