{"id":5402,"date":"2025-09-08T17:31:07","date_gmt":"2025-09-08T15:31:07","guid":{"rendered":"https:\/\/lossburg-schoemberg.de\/?page_id=5402"},"modified":"2025-09-08T17:41:34","modified_gmt":"2025-09-08T15:41:34","slug":"literaturtage-der-vhs","status":"publish","type":"page","link":"https:\/\/lossburg-schoemberg.de\/index.php\/aktuelles\/literaturtage-der-vhs\/","title":{"rendered":"Literaturtage der VHS"},"content":{"rendered":"<p>Am Dienstag 09.09.2025 ist eine Lesung in der Blockh\u00fctte oberer Wald, Sch\u00f6mberg.<br \/>\n&#8222;Brand&#8220; mit Henning Ziebritzki<\/p>\n<p>Es sind noch Pl\u00e4tze frei. Hier der <a href=\"https:\/\/vhs-kreisfds.de\/Literaturtage-Lesung-Henning-Ziebritzki\" target=\"_blank\" rel=\"noopener\">Link zu der Veranstaltung<\/a><\/p>\n","protected":false},"excerpt":{"rendered":"<p>Am Dienstag 09.09.2025 ist eine Lesung in der Blockh\u00fctte oberer Wald, Sch\u00f6mberg. &#8222;Brand&#8220; mit Henning Ziebritzki Es sind noch Pl\u00e4tze frei. Hier der Link zu der Veranstaltung<\/p>\n","protected":false},"author":1,"featured_media":5403,"parent":171,"menu_order":34,"comment_status":"closed","ping_status":"closed","template":"","meta":{"footnotes":""},"class_list":["post-5402","page","type-page","status-publish","has-post-thumbnail","hentry","nodate","item-wrap"],"_links":{"self":[{"href":"https:\/\/lossburg-schoemberg.de\/index.php\/wp-json\/wp\/v2\/pages\/5402","targetHints":{"allow":["GET"]}}],"collection":[{"href":"https:\/\/lossburg-schoemberg.de\/index.php\/wp-json\/wp\/v2\/pages"}],"about":[{"href":"https:\/\/lossburg-schoemberg.de\/index.php\/wp-json\/wp\/v2\/types\/page"}],"author":[{"embeddable":true,"href":"https:\/\/lossburg-schoemberg.de\/index.php\/wp-json\/wp\/v2\/users\/1"}],"replies":[{"embeddable":true,"href":"https:\/\/lossburg-schoemberg.de\/index.php\/wp-json\/wp\/v2\/comments?post=5402"}],"version-history":[{"count":2,"href":"https:\/\/lossburg-schoemberg.de\/index.php\/wp-json\/wp\/v2\/pages\/5402\/revisions"}],"predecessor-version":[{"id":5406,"href":"https:\/\/lossburg-schoemberg.de\/index.php\/wp-json\/wp\/v2\/pages\/5402\/revisions\/5406"}],"up":[{"embeddable":true,"href":"https:\/\/lossburg-schoemberg.de\/index.php\/wp-json\/wp\/v2\/pages\/171"}],"wp:featuredmedia":[{"embeddable":true,"href":"https:\/\/lossburg-schoemberg.de\/index.php\/wp-json\/wp\/v2\/media\/5403"}],"wp:attachment":[{"href":"https:\/\/lossburg-schoemberg.de\/index.php\/wp-json\/wp\/v2\/media?parent=5402"}],"curies":[{"name":"wp","href":"https:\/\/api.w.org\/{rel}","templated":true}]}}