{"id":5392,"date":"2025-07-31T22:50:57","date_gmt":"2025-07-31T20:50:57","guid":{"rendered":"https:\/\/lossburg-schoemberg.de\/?page_id=5392"},"modified":"2025-07-31T23:07:34","modified_gmt":"2025-07-31T21:07:34","slug":"backhausfest-2025","status":"publish","type":"page","link":"https:\/\/lossburg-schoemberg.de\/index.php\/aktuelles\/backhausfest-2025\/","title":{"rendered":"Backhausfest 2025"},"content":{"rendered":"<p>Backhausfest Sch\u00f6mberg in der Reinerzauer Stra\u00dfe, ausgerichtet von der Dorfgemeinschaft Sch\u00f6mberg.<\/p>\n<p>Am <strong>Samstag 09. August 2025 ab 17 Uhr<\/strong> freuen wir uns auf Ihren Besuch.<\/p>\n<p>Neben verschiedenen Flammkuchen gibt es auch Curryw\u00fcrste und Bowle.<\/p>\n<p><a href=\"http:\/\/lossburg-schoemberg.de\/wp-content\/uploads\/2025\/07\/Backhaus_9.pdf\" target=\"_blank\" rel=\"noopener\">Backhaus_9<\/a><\/p>\n","protected":false},"excerpt":{"rendered":"<p>Backhausfest Sch\u00f6mberg in der Reinerzauer Stra\u00dfe, ausgerichtet von der Dorfgemeinschaft Sch\u00f6mberg. Am Samstag 09. August 2025 ab 17 Uhr freuen wir uns auf Ihren Besuch. Neben verschiedenen Flammkuchen gibt es auch Curryw\u00fcrste und Bowle. Backhaus_9<\/p>\n","protected":false},"author":1,"featured_media":4522,"parent":171,"menu_order":36,"comment_status":"closed","ping_status":"closed","template":"","meta":{"footnotes":""},"class_list":["post-5392","page","type-page","status-publish","has-post-thumbnail","hentry","nodate","item-wrap"],"_links":{"self":[{"href":"https:\/\/lossburg-schoemberg.de\/index.php\/wp-json\/wp\/v2\/pages\/5392","targetHints":{"allow":["GET"]}}],"collection":[{"href":"https:\/\/lossburg-schoemberg.de\/index.php\/wp-json\/wp\/v2\/pages"}],"about":[{"href":"https:\/\/lossburg-schoemberg.de\/index.php\/wp-json\/wp\/v2\/types\/page"}],"author":[{"embeddable":true,"href":"https:\/\/lossburg-schoemberg.de\/index.php\/wp-json\/wp\/v2\/users\/1"}],"replies":[{"embeddable":true,"href":"https:\/\/lossburg-schoemberg.de\/index.php\/wp-json\/wp\/v2\/comments?post=5392"}],"version-history":[{"count":3,"href":"https:\/\/lossburg-schoemberg.de\/index.php\/wp-json\/wp\/v2\/pages\/5392\/revisions"}],"predecessor-version":[{"id":5398,"href":"https:\/\/lossburg-schoemberg.de\/index.php\/wp-json\/wp\/v2\/pages\/5392\/revisions\/5398"}],"up":[{"embeddable":true,"href":"https:\/\/lossburg-schoemberg.de\/index.php\/wp-json\/wp\/v2\/pages\/171"}],"wp:featuredmedia":[{"embeddable":true,"href":"https:\/\/lossburg-schoemberg.de\/index.php\/wp-json\/wp\/v2\/media\/4522"}],"wp:attachment":[{"href":"https:\/\/lossburg-schoemberg.de\/index.php\/wp-json\/wp\/v2\/media?parent=5392"}],"curies":[{"name":"wp","href":"https:\/\/api.w.org\/{rel}","templated":true}]}}