{"id":539,"date":"2012-07-12T20:13:41","date_gmt":"2012-07-12T18:13:41","guid":{"rendered":"http:\/\/beta.lossburg-schoemberg.de\/?page_id=539"},"modified":"2013-04-29T22:00:12","modified_gmt":"2013-04-29T20:00:12","slug":"april-putzaktion-sauberes-schoemberg","status":"publish","type":"page","link":"https:\/\/lossburg-schoemberg.de\/index.php\/rueckblick\/2012-2\/april-putzaktion-sauberes-schoemberg\/","title":{"rendered":"April: Putzaktion \u201eSauberes Sch\u00f6mberg\u201c"},"content":{"rendered":"<p>Dass Sch\u00f6mberg bei der diesj\u00e4hrigen S\u00e4uberung der Landschaft die gleichen Erfahrungen machen musste, wie andere Ortschaften,<br \/>\nist den flei\u00dfigen Helfern leidvoll deutlich geworden.<br \/>\nWir liegen leider im Trend.<br \/>\nDer M\u00fcll ist zwar etwas weniger geworden, aber die M\u00fcllschweine sterben einfach nicht aus.<br \/>\nStra\u00dfenr\u00e4nder verziert mit Dosen, Flaschen, Fastfood-Verpackungen und Zigarettenschachteln.<br \/>\nZur Abwechslung mal eine Plastikt\u00fcte mit Pampers.<br \/>\nNat\u00fcrlich d\u00fcrfen ganze S\u00e4cke mit Hausm\u00fcll und alte Autoreifen\u00a0 nicht fehlen.<br \/>\nAbsolutes Highlight dieses Jahr: ein Plastikeimer \u2013randvoll gef\u00fcllt mit F\u00e4kalien-. Wohl das Abschiedsgeschenk eines Wohnmobiltouristen.<\/p>\n<p>Wie weit wir von einem verantwortungsvollen Umgang mit unserer Natur und unserer Umwelt weg sind, zeigt die weitere Tatsache, dass 1 Tag nach der S\u00e4uberungsaktion bereits wieder ein Sack voller M\u00fcll entlang der L 405 in den Wald geworfen wurde.<\/p>\n<p>Diese Untaten werden sich auch nicht \u00e4ndern, solange derartige Umwelts\u00fcnden als Kavaliersdelikt betrachtet werden.<\/p>\n<p>Nicht hoch genug kann deshalb die Bereitschaft der B\u00fcrgerschaft gewertet werden, dass sich so viele freiwillige Helfer an der Putzaktion beteiligt haben. Insbesondere den vielen Kindern und Jugendlichen wird vor Augen gef\u00fchrt, dass man den M\u00fcll nicht wegwirft, sondern mit nach Hause nimmt und dort geregelt entsorgt.<\/p>\n<p>Das Dankesch\u00f6n der Gemeinde mit einem Grillwurstvesper und ein Gutschein f\u00fcrs Schwimmbad und die Minigolfanlage \u2013\u00fcberreicht durch Ortsvorsteher Winter- waren deshalb nur eine kleine Anerkennung an die vielen freiwilligen Helfer.<\/p>\n<p>Ortschaftsverwaltung Sch\u00f6mberg, Kurt Winter<\/p>\n<p><a href=\"http:\/\/beta.lossburg-schoemberg.de\/wp-content\/uploads\/2012\/07\/Waldputzete12.jpg\"><img loading=\"lazy\" decoding=\"async\" class=\"aligncenter size-medium wp-image-540\" title=\"Waldputzete12\" alt=\"\" src=\"http:\/\/beta.lossburg-schoemberg.de\/wp-content\/uploads\/2012\/07\/Waldputzete12-640x419.jpg\" width=\"640\" height=\"419\" srcset=\"https:\/\/lossburg-schoemberg.de\/wp-content\/uploads\/2012\/07\/Waldputzete12-640x419.jpg 640w, https:\/\/lossburg-schoemberg.de\/wp-content\/uploads\/2012\/07\/Waldputzete12.jpg 800w\" sizes=\"auto, (max-width: 640px) 100vw, 640px\" \/><\/a><\/p>\n","protected":false},"excerpt":{"rendered":"<p>Dass Sch\u00f6mberg bei der diesj\u00e4hrigen S\u00e4uberung der Landschaft die gleichen Erfahrungen machen musste, wie andere Ortschaften, ist den flei\u00dfigen Helfern leidvoll deutlich geworden. Wir liegen leider im Trend. Der M\u00fcll ist zwar etwas weniger geworden, aber die M\u00fcllschweine sterben einfach nicht aus. Stra\u00dfenr\u00e4nder verziert mit Dosen, Flaschen, Fastfood-Verpackungen und Zigarettenschachteln. Zur Abwechslung mal eine Plastikt\u00fcte &hellip; <\/p>\n<p><a class=\"more-link btn\" href=\"https:\/\/lossburg-schoemberg.de\/index.php\/rueckblick\/2012-2\/april-putzaktion-sauberes-schoemberg\/\">Weiterlesen<\/a><\/p>\n","protected":false},"author":1,"featured_media":540,"parent":498,"menu_order":4,"comment_status":"open","ping_status":"closed","template":"","meta":{"footnotes":""},"class_list":["post-539","page","type-page","status-publish","has-post-thumbnail","hentry","nodate","item-wrap"],"_links":{"self":[{"href":"https:\/\/lossburg-schoemberg.de\/index.php\/wp-json\/wp\/v2\/pages\/539","targetHints":{"allow":["GET"]}}],"collection":[{"href":"https:\/\/lossburg-schoemberg.de\/index.php\/wp-json\/wp\/v2\/pages"}],"about":[{"href":"https:\/\/lossburg-schoemberg.de\/index.php\/wp-json\/wp\/v2\/types\/page"}],"author":[{"embeddable":true,"href":"https:\/\/lossburg-schoemberg.de\/index.php\/wp-json\/wp\/v2\/users\/1"}],"replies":[{"embeddable":true,"href":"https:\/\/lossburg-schoemberg.de\/index.php\/wp-json\/wp\/v2\/comments?post=539"}],"version-history":[{"count":3,"href":"https:\/\/lossburg-schoemberg.de\/index.php\/wp-json\/wp\/v2\/pages\/539\/revisions"}],"predecessor-version":[{"id":2089,"href":"https:\/\/lossburg-schoemberg.de\/index.php\/wp-json\/wp\/v2\/pages\/539\/revisions\/2089"}],"up":[{"embeddable":true,"href":"https:\/\/lossburg-schoemberg.de\/index.php\/wp-json\/wp\/v2\/pages\/498"}],"wp:featuredmedia":[{"embeddable":true,"href":"https:\/\/lossburg-schoemberg.de\/index.php\/wp-json\/wp\/v2\/media\/540"}],"wp:attachment":[{"href":"https:\/\/lossburg-schoemberg.de\/index.php\/wp-json\/wp\/v2\/media?parent=539"}],"curies":[{"name":"wp","href":"https:\/\/api.w.org\/{rel}","templated":true}]}}