{"id":5381,"date":"2025-06-16T23:03:20","date_gmt":"2025-06-16T21:03:20","guid":{"rendered":"https:\/\/lossburg-schoemberg.de\/?page_id=5381"},"modified":"2025-06-16T23:05:33","modified_gmt":"2025-06-16T21:05:33","slug":"sonnwendfeier-2025","status":"publish","type":"page","link":"https:\/\/lossburg-schoemberg.de\/index.php\/aktuelles\/sonnwendfeier-2025\/","title":{"rendered":"Sonnwendfeier 2025"},"content":{"rendered":"<p><strong>Am Samstag 21.06.2025 ab 18 Uhr ist die traditionelle Sonnwendfeier auf dem Sch\u00f6mberg.<\/strong><\/p>\n<p>In diesem Jahr ausgerichtet von der Dorfgemeinschaft Sch\u00f6mberg.<\/p>\n<p>Wie immer bei der Blockh\u00fctte am Spielplatz oberer Wald.<br \/>\nBewirtung.<br \/>\nNach Einbruch der Dunkelheit wird das Feuer angez\u00fcndet.<br \/>\nBarbetrieb<\/p>\n<p>Herzliche Einladung an alle, wir freuen uns auf einen sch\u00f6nen Abend<\/p>\n<p><a href=\"http:\/\/lossburg-schoemberg.de\/wp-content\/uploads\/2025\/06\/Sonnwendfeier-25.jpg\"><img loading=\"lazy\" decoding=\"async\" class=\"aligncenter size-large wp-image-5382\" src=\"http:\/\/lossburg-schoemberg.de\/wp-content\/uploads\/2025\/06\/Sonnwendfeier-25-768x1024.jpg\" alt=\"\" width=\"768\" height=\"1024\" srcset=\"https:\/\/lossburg-schoemberg.de\/wp-content\/uploads\/2025\/06\/Sonnwendfeier-25-768x1024.jpg 768w, https:\/\/lossburg-schoemberg.de\/wp-content\/uploads\/2025\/06\/Sonnwendfeier-25-225x300.jpg 225w, https:\/\/lossburg-schoemberg.de\/wp-content\/uploads\/2025\/06\/Sonnwendfeier-25-1152x1536.jpg 1152w, https:\/\/lossburg-schoemberg.de\/wp-content\/uploads\/2025\/06\/Sonnwendfeier-25-847x1129.jpg 847w, https:\/\/lossburg-schoemberg.de\/wp-content\/uploads\/2025\/06\/Sonnwendfeier-25.jpg 1200w\" sizes=\"auto, (max-width: 768px) 100vw, 768px\" \/><\/a><\/p>\n","protected":false},"excerpt":{"rendered":"<p>Am Samstag 21.06.2025 ab 18 Uhr ist die traditionelle Sonnwendfeier auf dem Sch\u00f6mberg. In diesem Jahr ausgerichtet von der Dorfgemeinschaft Sch\u00f6mberg. Wie immer bei der Blockh\u00fctte am Spielplatz oberer Wald. Bewirtung. Nach Einbruch der Dunkelheit wird das Feuer angez\u00fcndet. Barbetrieb Herzliche Einladung an alle, wir freuen uns auf einen sch\u00f6nen Abend<\/p>\n","protected":false},"author":1,"featured_media":5382,"parent":171,"menu_order":38,"comment_status":"closed","ping_status":"closed","template":"","meta":{"footnotes":""},"class_list":["post-5381","page","type-page","status-publish","has-post-thumbnail","hentry","nodate","item-wrap"],"_links":{"self":[{"href":"https:\/\/lossburg-schoemberg.de\/index.php\/wp-json\/wp\/v2\/pages\/5381","targetHints":{"allow":["GET"]}}],"collection":[{"href":"https:\/\/lossburg-schoemberg.de\/index.php\/wp-json\/wp\/v2\/pages"}],"about":[{"href":"https:\/\/lossburg-schoemberg.de\/index.php\/wp-json\/wp\/v2\/types\/page"}],"author":[{"embeddable":true,"href":"https:\/\/lossburg-schoemberg.de\/index.php\/wp-json\/wp\/v2\/users\/1"}],"replies":[{"embeddable":true,"href":"https:\/\/lossburg-schoemberg.de\/index.php\/wp-json\/wp\/v2\/comments?post=5381"}],"version-history":[{"count":2,"href":"https:\/\/lossburg-schoemberg.de\/index.php\/wp-json\/wp\/v2\/pages\/5381\/revisions"}],"predecessor-version":[{"id":5385,"href":"https:\/\/lossburg-schoemberg.de\/index.php\/wp-json\/wp\/v2\/pages\/5381\/revisions\/5385"}],"up":[{"embeddable":true,"href":"https:\/\/lossburg-schoemberg.de\/index.php\/wp-json\/wp\/v2\/pages\/171"}],"wp:featuredmedia":[{"embeddable":true,"href":"https:\/\/lossburg-schoemberg.de\/index.php\/wp-json\/wp\/v2\/media\/5382"}],"wp:attachment":[{"href":"https:\/\/lossburg-schoemberg.de\/index.php\/wp-json\/wp\/v2\/media?parent=5381"}],"curies":[{"name":"wp","href":"https:\/\/api.w.org\/{rel}","templated":true}]}}