{"id":5368,"date":"2025-06-06T22:23:47","date_gmt":"2025-06-06T20:23:47","guid":{"rendered":"https:\/\/lossburg-schoemberg.de\/?page_id=5368"},"modified":"2025-06-06T22:29:23","modified_gmt":"2025-06-06T20:29:23","slug":"beach-volleyballfeld-eingeweiht","status":"publish","type":"page","link":"https:\/\/lossburg-schoemberg.de\/index.php\/aktuelles\/beach-volleyballfeld-eingeweiht\/","title":{"rendered":"Beach Volleyballfeld eingeweiht"},"content":{"rendered":"<p><strong>Spannende Spiele zur Einweihung des Beachvolleyball Platzes<\/strong><\/p>\n<p>Dass Sch\u00f6mberg ein sch\u00f6ner Ort ist, ist bekannt, ganz besonders toll ist der Platz rund um die Blockh\u00fctte. Doch eines fehlt dem Lo\u00dfburg \u201eH\u00f6hen\u201c-Teilort noch: echtes Beach-Feeling. Da es mit dem Zugang zum Meer aufgrund geografischer Gegebenheiten eher schlecht aussieht, hat die Ortschaft Sch\u00f6mberg einen anderen Weg gefunden, echtes Beach-Feeling nach Sch\u00f6mberg zu holen: einen Beachvolleyball-Platz.<\/p>\n<p>Direkt hinter der beliebten Blockh\u00fctte am Spielplatz \u201eOberer Wald\u201c befindet sich nun ein perfekt ausgestatteter, windgesch\u00fctzter Platz, an dem sich tats\u00e4chlich ein bisschen Strandgef\u00fchl beim Volleyballspiel einstellt. Der Sch\u00f6mberger \u201eH\u00fctten-Ausschuss\u201c der mit viel ehrenamtlichem Engagement die Belange rund um die Blockh\u00fctte vorantreibt, konnte den Platz mithilfe einer gro\u00dfz\u00fcgigen Spende von einem Sch\u00f6mberger B\u00fcrger umsetzen. Vielen Dank daf\u00fcr.<\/p>\n<p>Eingeweiht wurde der Platz nun am Sonntag den 01. Juni mit einem ordentlichen Beachvolleyball-Turnier. Gleich 6 Mannschaften \u2013 5 aus Sch\u00f6mberg und eine einsatzbereite Mannschaft bestehend aus Mitgliedern der Lo\u00dfburger Rathausverwaltung um B\u00fcrgermeister Christoph Enderle, traten an um den ersten Sieg auf dem Sandplatz zu erringen. Das spannende Turnier, das nur f\u00fcr einen kurzen Gewitterregen unterbrochen werden musste, konnte schlie\u00dflich die Mannschaft des \u201eSchdieble\u201c f\u00fcr sich entscheiden, die Mannschaft des Ortschaftsrats Sch\u00f6mberg wurde Zweiter, die Mannschaft des Hofbauernhof Sch\u00f6mbergs konnte sich den dritten Platz sichern.<\/p>\n<p>F\u00fcr die zahlreichen Zuschauer, die das spannende Turnier dank Bewirtung durch motivierte Sch\u00f6mbergerinnen und Sch\u00f6mberger entspannt und gut gelaunt beobachteten, kam auf jeden Fall ausreichen Beach-Feeling auf und der Testlauf f\u00fcr einen Benutzung durch die Besucher des Spielplatzes und der H\u00fctte steht nun nichts mehr im Wege.<\/p>\n<p>Bericht: Annette Weidenbach und Karl Pfau<\/p>\n<div id=\"attachment_5369\" style=\"width: 847px\" class=\"wp-caption aligncenter\"><a href=\"http:\/\/lossburg-schoemberg.de\/wp-content\/uploads\/2025\/06\/AlleMannschaften-scaled.jpg\"><img loading=\"lazy\" decoding=\"async\" aria-describedby=\"caption-attachment-5369\" class=\"wp-image-5369 size-large\" src=\"http:\/\/lossburg-schoemberg.de\/wp-content\/uploads\/2025\/06\/AlleMannschaften-1024x695.jpg\" alt=\"\" width=\"847\" height=\"575\" srcset=\"https:\/\/lossburg-schoemberg.de\/wp-content\/uploads\/2025\/06\/AlleMannschaften-1024x695.jpg 1024w, https:\/\/lossburg-schoemberg.de\/wp-content\/uploads\/2025\/06\/AlleMannschaften-300x203.jpg 300w, https:\/\/lossburg-schoemberg.de\/wp-content\/uploads\/2025\/06\/AlleMannschaften-768x521.jpg 768w, https:\/\/lossburg-schoemberg.de\/wp-content\/uploads\/2025\/06\/AlleMannschaften-1536x1042.jpg 1536w, https:\/\/lossburg-schoemberg.de\/wp-content\/uploads\/2025\/06\/AlleMannschaften-2048x1389.jpg 2048w, https:\/\/lossburg-schoemberg.de\/wp-content\/uploads\/2025\/06\/AlleMannschaften-847x575.jpg 847w\" sizes=\"auto, (max-width: 847px) 100vw, 847px\" \/><\/a><p id=\"caption-attachment-5369\" class=\"wp-caption-text\">Alle Mannschaften, sch\u00f6n, jeweils im einheitlichen Dress<\/p><\/div>\n<p><a href=\"http:\/\/lossburg-schoemberg.de\/wp-content\/uploads\/2025\/06\/Verwaltung-scaled.jpg\"><img loading=\"lazy\" decoding=\"async\" class=\"aligncenter size-large wp-image-5378\" src=\"http:\/\/lossburg-schoemberg.de\/wp-content\/uploads\/2025\/06\/Verwaltung-1024x582.jpg\" alt=\"\" width=\"847\" height=\"481\" srcset=\"https:\/\/lossburg-schoemberg.de\/wp-content\/uploads\/2025\/06\/Verwaltung-1024x582.jpg 1024w, https:\/\/lossburg-schoemberg.de\/wp-content\/uploads\/2025\/06\/Verwaltung-300x170.jpg 300w, https:\/\/lossburg-schoemberg.de\/wp-content\/uploads\/2025\/06\/Verwaltung-768x436.jpg 768w, https:\/\/lossburg-schoemberg.de\/wp-content\/uploads\/2025\/06\/Verwaltung-1536x873.jpg 1536w, https:\/\/lossburg-schoemberg.de\/wp-content\/uploads\/2025\/06\/Verwaltung-2048x1164.jpg 2048w, https:\/\/lossburg-schoemberg.de\/wp-content\/uploads\/2025\/06\/Verwaltung-847x481.jpg 847w\" sizes=\"auto, (max-width: 847px) 100vw, 847px\" \/><\/a><\/p>\n<div id=\"attachment_5373\" style=\"width: 847px\" class=\"wp-caption aligncenter\"><a href=\"http:\/\/lossburg-schoemberg.de\/wp-content\/uploads\/2025\/06\/IMG_6683-scaled.jpg\"><img loading=\"lazy\" decoding=\"async\" aria-describedby=\"caption-attachment-5373\" class=\"wp-image-5373 size-large\" src=\"http:\/\/lossburg-schoemberg.de\/wp-content\/uploads\/2025\/06\/IMG_6683-1024x768.jpg\" alt=\"\" width=\"847\" height=\"635\" srcset=\"https:\/\/lossburg-schoemberg.de\/wp-content\/uploads\/2025\/06\/IMG_6683-1024x768.jpg 1024w, https:\/\/lossburg-schoemberg.de\/wp-content\/uploads\/2025\/06\/IMG_6683-300x225.jpg 300w, https:\/\/lossburg-schoemberg.de\/wp-content\/uploads\/2025\/06\/IMG_6683-768x576.jpg 768w, https:\/\/lossburg-schoemberg.de\/wp-content\/uploads\/2025\/06\/IMG_6683-1536x1152.jpg 1536w, https:\/\/lossburg-schoemberg.de\/wp-content\/uploads\/2025\/06\/IMG_6683-2048x1536.jpg 2048w, https:\/\/lossburg-schoemberg.de\/wp-content\/uploads\/2025\/06\/IMG_6683-847x635.jpg 847w\" sizes=\"auto, (max-width: 847px) 100vw, 847px\" \/><\/a><p id=\"caption-attachment-5373\" class=\"wp-caption-text\">Verwaltung und ehemalige: Jochen Ge\u00dfler, Alexander Hoffarth, Gunter Muth, Erich G\u00fcnter, Christoph Enderle, Elisabeth Enderle<\/p><\/div>\n<div id=\"attachment_5374\" style=\"width: 768px\" class=\"wp-caption aligncenter\"><a href=\"http:\/\/lossburg-schoemberg.de\/wp-content\/uploads\/2025\/06\/IMG_6686-scaled.jpg\"><img loading=\"lazy\" decoding=\"async\" aria-describedby=\"caption-attachment-5374\" class=\"size-large wp-image-5374\" src=\"http:\/\/lossburg-schoemberg.de\/wp-content\/uploads\/2025\/06\/IMG_6686-768x1024.jpg\" alt=\"\" width=\"768\" height=\"1024\" srcset=\"https:\/\/lossburg-schoemberg.de\/wp-content\/uploads\/2025\/06\/IMG_6686-768x1024.jpg 768w, https:\/\/lossburg-schoemberg.de\/wp-content\/uploads\/2025\/06\/IMG_6686-225x300.jpg 225w, https:\/\/lossburg-schoemberg.de\/wp-content\/uploads\/2025\/06\/IMG_6686-1152x1536.jpg 1152w, https:\/\/lossburg-schoemberg.de\/wp-content\/uploads\/2025\/06\/IMG_6686-1536x2048.jpg 1536w, https:\/\/lossburg-schoemberg.de\/wp-content\/uploads\/2025\/06\/IMG_6686-847x1129.jpg 847w, https:\/\/lossburg-schoemberg.de\/wp-content\/uploads\/2025\/06\/IMG_6686-scaled.jpg 1920w\" sizes=\"auto, (max-width: 768px) 100vw, 768px\" \/><\/a><p id=\"caption-attachment-5374\" class=\"wp-caption-text\">Den sportlichen Teil hat Nicole Liebrecht \u00fcbernommen. Herr Enderle hat es sich nicht nehmen lassen, ihr zum Dank eine Flasche Wein zu \u00fcberreichen<\/p><\/div>\n","protected":false},"excerpt":{"rendered":"<p>Spannende Spiele zur Einweihung des Beachvolleyball Platzes Dass Sch\u00f6mberg ein sch\u00f6ner Ort ist, ist bekannt, ganz besonders toll ist der Platz rund um die Blockh\u00fctte. Doch eines fehlt dem Lo\u00dfburg \u201eH\u00f6hen\u201c-Teilort noch: echtes Beach-Feeling. Da es mit dem Zugang zum Meer aufgrund geografischer Gegebenheiten eher schlecht aussieht, hat die Ortschaft Sch\u00f6mberg einen anderen Weg gefunden, &hellip; <\/p>\n<p><a class=\"more-link btn\" href=\"https:\/\/lossburg-schoemberg.de\/index.php\/aktuelles\/beach-volleyballfeld-eingeweiht\/\">Weiterlesen<\/a><\/p>\n","protected":false},"author":1,"featured_media":5370,"parent":171,"menu_order":40,"comment_status":"closed","ping_status":"closed","template":"","meta":{"footnotes":""},"class_list":["post-5368","page","type-page","status-publish","has-post-thumbnail","hentry","nodate","item-wrap"],"_links":{"self":[{"href":"https:\/\/lossburg-schoemberg.de\/index.php\/wp-json\/wp\/v2\/pages\/5368","targetHints":{"allow":["GET"]}}],"collection":[{"href":"https:\/\/lossburg-schoemberg.de\/index.php\/wp-json\/wp\/v2\/pages"}],"about":[{"href":"https:\/\/lossburg-schoemberg.de\/index.php\/wp-json\/wp\/v2\/types\/page"}],"author":[{"embeddable":true,"href":"https:\/\/lossburg-schoemberg.de\/index.php\/wp-json\/wp\/v2\/users\/1"}],"replies":[{"embeddable":true,"href":"https:\/\/lossburg-schoemberg.de\/index.php\/wp-json\/wp\/v2\/comments?post=5368"}],"version-history":[{"count":3,"href":"https:\/\/lossburg-schoemberg.de\/index.php\/wp-json\/wp\/v2\/pages\/5368\/revisions"}],"predecessor-version":[{"id":5379,"href":"https:\/\/lossburg-schoemberg.de\/index.php\/wp-json\/wp\/v2\/pages\/5368\/revisions\/5379"}],"up":[{"embeddable":true,"href":"https:\/\/lossburg-schoemberg.de\/index.php\/wp-json\/wp\/v2\/pages\/171"}],"wp:featuredmedia":[{"embeddable":true,"href":"https:\/\/lossburg-schoemberg.de\/index.php\/wp-json\/wp\/v2\/media\/5370"}],"wp:attachment":[{"href":"https:\/\/lossburg-schoemberg.de\/index.php\/wp-json\/wp\/v2\/media?parent=5368"}],"curies":[{"name":"wp","href":"https:\/\/api.w.org\/{rel}","templated":true}]}}