{"id":5360,"date":"2025-05-17T23:01:56","date_gmt":"2025-05-17T21:01:56","guid":{"rendered":"https:\/\/lossburg-schoemberg.de\/?page_id=5360"},"modified":"2025-05-27T15:45:21","modified_gmt":"2025-05-27T13:45:21","slug":"einweihung-beach-volleyball-feld","status":"publish","type":"page","link":"https:\/\/lossburg-schoemberg.de\/index.php\/aktuelles\/einweihung-beach-volleyball-feld\/","title":{"rendered":"Einweihung Beach-Volleyball Feld"},"content":{"rendered":"<p>Einladung zur Einweihung des neu angelegten Beach-Volleyball Feldes hinter der Blockh\u00fctte Sch\u00f6mberg.<\/p>\n<p>Termin: <strong>Sonntag\u00a0 01.06.25 um 14:00 Uhr.<\/strong><\/p>\n<p>Geplanter Ablauf:<\/p>\n<ul>\n<li>Begr\u00fc\u00dfung durch Ortsvorsteher Karl Pfau<\/li>\n<li>Gru\u00dfwort durch B\u00fcrgermeister Christoph Enderle<\/li>\n<li>Erkl\u00e4ren der Spielregeln durch Nicole Liebrecht<\/li>\n<li>Spiele<\/li>\n<li>Siegerehrung<\/li>\n<\/ul>\n<p>Es sind 6 Mannschaften \u00e1 4 Spieler geplant.<\/p>\n<p>Insgesamt sollen 6 Spiele \u00e1 10 Minuten ausgetragen werden.<\/p>\n<p>Es werden Getr\u00e4nke,\u00a0 Rote W\u00fcrste vom Grill und Kaffee \/ Kuchen angeboten.<\/p>\n<p>F\u00fcr freuen uns \u00fcber Ihren Besuch, bringen Sie Fans und Freunde mit.<a href=\"http:\/\/lossburg-schoemberg.de\/wp-content\/uploads\/2025\/05\/Volleyball-scaled.jpg\"><img loading=\"lazy\" decoding=\"async\" class=\"aligncenter size-large wp-image-5364\" src=\"http:\/\/lossburg-schoemberg.de\/wp-content\/uploads\/2025\/05\/Volleyball-1024x768.jpg\" alt=\"\" width=\"847\" height=\"635\" srcset=\"https:\/\/lossburg-schoemberg.de\/wp-content\/uploads\/2025\/05\/Volleyball-1024x768.jpg 1024w, https:\/\/lossburg-schoemberg.de\/wp-content\/uploads\/2025\/05\/Volleyball-300x225.jpg 300w, https:\/\/lossburg-schoemberg.de\/wp-content\/uploads\/2025\/05\/Volleyball-768x576.jpg 768w, https:\/\/lossburg-schoemberg.de\/wp-content\/uploads\/2025\/05\/Volleyball-1536x1152.jpg 1536w, https:\/\/lossburg-schoemberg.de\/wp-content\/uploads\/2025\/05\/Volleyball-2048x1536.jpg 2048w, https:\/\/lossburg-schoemberg.de\/wp-content\/uploads\/2025\/05\/Volleyball-847x635.jpg 847w\" sizes=\"auto, (max-width: 847px) 100vw, 847px\" \/><\/a><\/p>\n","protected":false},"excerpt":{"rendered":"<p>Einladung zur Einweihung des neu angelegten Beach-Volleyball Feldes hinter der Blockh\u00fctte Sch\u00f6mberg. Termin: Sonntag\u00a0 01.06.25 um 14:00 Uhr. Geplanter Ablauf: Begr\u00fc\u00dfung durch Ortsvorsteher Karl Pfau Gru\u00dfwort durch B\u00fcrgermeister Christoph Enderle Erkl\u00e4ren der Spielregeln durch Nicole Liebrecht Spiele Siegerehrung Es sind 6 Mannschaften \u00e1 4 Spieler geplant. Insgesamt sollen 6 Spiele \u00e1 10 Minuten ausgetragen werden. &hellip; <\/p>\n<p><a class=\"more-link btn\" href=\"https:\/\/lossburg-schoemberg.de\/index.php\/aktuelles\/einweihung-beach-volleyball-feld\/\">Weiterlesen<\/a><\/p>\n","protected":false},"author":1,"featured_media":4533,"parent":171,"menu_order":42,"comment_status":"closed","ping_status":"closed","template":"","meta":{"footnotes":""},"class_list":["post-5360","page","type-page","status-publish","has-post-thumbnail","hentry","nodate","item-wrap"],"_links":{"self":[{"href":"https:\/\/lossburg-schoemberg.de\/index.php\/wp-json\/wp\/v2\/pages\/5360","targetHints":{"allow":["GET"]}}],"collection":[{"href":"https:\/\/lossburg-schoemberg.de\/index.php\/wp-json\/wp\/v2\/pages"}],"about":[{"href":"https:\/\/lossburg-schoemberg.de\/index.php\/wp-json\/wp\/v2\/types\/page"}],"author":[{"embeddable":true,"href":"https:\/\/lossburg-schoemberg.de\/index.php\/wp-json\/wp\/v2\/users\/1"}],"replies":[{"embeddable":true,"href":"https:\/\/lossburg-schoemberg.de\/index.php\/wp-json\/wp\/v2\/comments?post=5360"}],"version-history":[{"count":3,"href":"https:\/\/lossburg-schoemberg.de\/index.php\/wp-json\/wp\/v2\/pages\/5360\/revisions"}],"predecessor-version":[{"id":5365,"href":"https:\/\/lossburg-schoemberg.de\/index.php\/wp-json\/wp\/v2\/pages\/5360\/revisions\/5365"}],"up":[{"embeddable":true,"href":"https:\/\/lossburg-schoemberg.de\/index.php\/wp-json\/wp\/v2\/pages\/171"}],"wp:featuredmedia":[{"embeddable":true,"href":"https:\/\/lossburg-schoemberg.de\/index.php\/wp-json\/wp\/v2\/media\/4533"}],"wp:attachment":[{"href":"https:\/\/lossburg-schoemberg.de\/index.php\/wp-json\/wp\/v2\/media?parent=5360"}],"curies":[{"name":"wp","href":"https:\/\/api.w.org\/{rel}","templated":true}]}}