{"id":5352,"date":"2025-04-18T22:16:00","date_gmt":"2025-04-18T20:16:00","guid":{"rendered":"https:\/\/lossburg-schoemberg.de\/?page_id=5352"},"modified":"2025-04-18T22:18:31","modified_gmt":"2025-04-18T20:18:31","slug":"aktion-saubere-landschaft","status":"publish","type":"page","link":"https:\/\/lossburg-schoemberg.de\/index.php\/aktuelles\/aktion-saubere-landschaft\/","title":{"rendered":"Aktion saubere Landschaft"},"content":{"rendered":"<p>Liebe Sch\u00f6mbergerinnen und Sch\u00f6mberger, herzliche Einladung f\u00fcr Jung und Alt zur Dorf- und Waldputzete.<br \/>\nDiejenigen, die der Stra\u00dfe entlang laufen, sollten eine Warnweste mitbringen und tragen. Auch eine Greifzange kann man mitbringen.<br \/>\nM\u00fclls\u00e4cke und Einweghandschuhe werden gestellt.<br \/>\nTermin: <strong>Samstag 03. Mai um 09:00 Uhr am Rathaus Sch\u00f6mberg<\/strong>.<\/p>\n<p>Im Anschluss gibt es eine Grillwurst und Getr\u00e4nke am Spielplatz oberer Wald.<\/p>\n<p>Im Voraus vielen Dank an alle Helfer.<\/p>\n<p>OV Karl Pfau<\/p>\n","protected":false},"excerpt":{"rendered":"<p>Liebe Sch\u00f6mbergerinnen und Sch\u00f6mberger, herzliche Einladung f\u00fcr Jung und Alt zur Dorf- und Waldputzete. Diejenigen, die der Stra\u00dfe entlang laufen, sollten eine Warnweste mitbringen und tragen. Auch eine Greifzange kann man mitbringen. M\u00fclls\u00e4cke und Einweghandschuhe werden gestellt. Termin: Samstag 03. Mai um 09:00 Uhr am Rathaus Sch\u00f6mberg. Im Anschluss gibt es eine Grillwurst und Getr\u00e4nke &hellip; <\/p>\n<p><a class=\"more-link btn\" href=\"https:\/\/lossburg-schoemberg.de\/index.php\/aktuelles\/aktion-saubere-landschaft\/\">Weiterlesen<\/a><\/p>\n","protected":false},"author":1,"featured_media":5147,"parent":171,"menu_order":46,"comment_status":"closed","ping_status":"closed","template":"","meta":{"footnotes":""},"class_list":["post-5352","page","type-page","status-publish","has-post-thumbnail","hentry","nodate","item-wrap"],"_links":{"self":[{"href":"https:\/\/lossburg-schoemberg.de\/index.php\/wp-json\/wp\/v2\/pages\/5352","targetHints":{"allow":["GET"]}}],"collection":[{"href":"https:\/\/lossburg-schoemberg.de\/index.php\/wp-json\/wp\/v2\/pages"}],"about":[{"href":"https:\/\/lossburg-schoemberg.de\/index.php\/wp-json\/wp\/v2\/types\/page"}],"author":[{"embeddable":true,"href":"https:\/\/lossburg-schoemberg.de\/index.php\/wp-json\/wp\/v2\/users\/1"}],"replies":[{"embeddable":true,"href":"https:\/\/lossburg-schoemberg.de\/index.php\/wp-json\/wp\/v2\/comments?post=5352"}],"version-history":[{"count":3,"href":"https:\/\/lossburg-schoemberg.de\/index.php\/wp-json\/wp\/v2\/pages\/5352\/revisions"}],"predecessor-version":[{"id":5355,"href":"https:\/\/lossburg-schoemberg.de\/index.php\/wp-json\/wp\/v2\/pages\/5352\/revisions\/5355"}],"up":[{"embeddable":true,"href":"https:\/\/lossburg-schoemberg.de\/index.php\/wp-json\/wp\/v2\/pages\/171"}],"wp:featuredmedia":[{"embeddable":true,"href":"https:\/\/lossburg-schoemberg.de\/index.php\/wp-json\/wp\/v2\/media\/5147"}],"wp:attachment":[{"href":"https:\/\/lossburg-schoemberg.de\/index.php\/wp-json\/wp\/v2\/media?parent=5352"}],"curies":[{"name":"wp","href":"https:\/\/api.w.org\/{rel}","templated":true}]}}