{"id":535,"date":"2012-07-12T20:11:29","date_gmt":"2012-07-12T18:11:29","guid":{"rendered":"http:\/\/beta.lossburg-schoemberg.de\/?page_id=535"},"modified":"2013-04-29T22:01:56","modified_gmt":"2013-04-29T20:01:56","slug":"mai-maiwanderung-der-dorfgemeinschaft","status":"publish","type":"page","link":"https:\/\/lossburg-schoemberg.de\/index.php\/rueckblick\/2012-2\/mai-maiwanderung-der-dorfgemeinschaft\/","title":{"rendered":"Mai: Maiwanderung der Dorfgemeinschaft"},"content":{"rendered":"<h2>Eine tolle Maien-Tour\u2026<\/h2>\n<p>Die Dorfgemeinschaft Sch\u00f6mberg lud \u2013 wie in jedem Jahr- zu einer Maiwanderung am 1. Mai ein. Bei sch\u00f6nem Wetter trafen sich Erwachsene und Kinder am Morgen, um das Gebiet rund um den Sankenbachwasserfall und St\u00f6ckerkopf in Baiersbronn zu erkunden.<br \/>\nDie Wanderung f\u00fchrte den romantischen Sankenbach entlang vorbei am Wildgehege und Waldspielplatz (der von den Kindern erkundet wurde) zum Sankenbachsee. Dort wurde die erste Rast eingelegt. Nach einer kleinen St\u00e4rkung ging es bergauf zum Sankenbachwasserfall. Nicht nur die Kinder hatten beim Wasserstauen ihre helle Freude. \u00dcber Stock und Stein wanderte die Gemeinschaft weiter und wurde mit wunderbaren Ausblicken belohnt. An der Wasenh\u00fctte wurde noch einmal eine kleine Pause gemacht um dann die letzte Etappe zur Glasm\u00e4nnleh\u00fctte auf dem St\u00f6ckerkopf in Angriff zu nehmen. Bei strahlendem Sonnenschein und gem\u00fctlichen Plaudereien verging die Zeit wie im Flug. An der bewirteten Glasm\u00e4nnleh\u00fctte angekommen, wurde der Ausblick auf Baiersbronn bei einem k\u00fchlen Getr\u00e4nk genossen. Einige Stunden sp\u00e4ter fuhren die gro\u00dfen und kleinen Wanderer mit dem Sessellift ins Tal.<br \/>\nWieder auf dem Sch\u00f6mberg angekommen, lie\u00df man den Tag in der \u201eSonne\u201c ausklingen.\u00a0 Es war eine tolle Wanderung und ein gelungener Tag!<\/p>\n<p><a href=\"http:\/\/beta.lossburg-schoemberg.de\/wp-content\/uploads\/2012\/07\/Maiwanderung1.jpg\"><img loading=\"lazy\" decoding=\"async\" class=\"aligncenter size-medium wp-image-536\" title=\"Maiwanderung1\" alt=\"\" src=\"http:\/\/beta.lossburg-schoemberg.de\/wp-content\/uploads\/2012\/07\/Maiwanderung1-640x399.jpg\" width=\"640\" height=\"399\" srcset=\"https:\/\/lossburg-schoemberg.de\/wp-content\/uploads\/2012\/07\/Maiwanderung1-640x399.jpg 640w, https:\/\/lossburg-schoemberg.de\/wp-content\/uploads\/2012\/07\/Maiwanderung1.jpg 787w\" sizes=\"auto, (max-width: 640px) 100vw, 640px\" \/><\/a><\/p>\n<p><a href=\"http:\/\/beta.lossburg-schoemberg.de\/wp-content\/uploads\/2012\/07\/Maiwanderung2.jpg\"><img loading=\"lazy\" decoding=\"async\" class=\"aligncenter size-medium wp-image-537\" title=\"Maiwanderung2\" alt=\"\" src=\"http:\/\/beta.lossburg-schoemberg.de\/wp-content\/uploads\/2012\/07\/Maiwanderung2-640x531.jpg\" width=\"640\" height=\"531\" srcset=\"https:\/\/lossburg-schoemberg.de\/wp-content\/uploads\/2012\/07\/Maiwanderung2-640x531.jpg 640w, https:\/\/lossburg-schoemberg.de\/wp-content\/uploads\/2012\/07\/Maiwanderung2.jpg 723w\" sizes=\"auto, (max-width: 640px) 100vw, 640px\" \/><\/a><\/p>\n","protected":false},"excerpt":{"rendered":"<p>Eine tolle Maien-Tour\u2026 Die Dorfgemeinschaft Sch\u00f6mberg lud \u2013 wie in jedem Jahr- zu einer Maiwanderung am 1. Mai ein. Bei sch\u00f6nem Wetter trafen sich Erwachsene und Kinder am Morgen, um das Gebiet rund um den Sankenbachwasserfall und St\u00f6ckerkopf in Baiersbronn zu erkunden. Die Wanderung f\u00fchrte den romantischen Sankenbach entlang vorbei am Wildgehege und Waldspielplatz (der &hellip; <\/p>\n<p><a class=\"more-link btn\" href=\"https:\/\/lossburg-schoemberg.de\/index.php\/rueckblick\/2012-2\/mai-maiwanderung-der-dorfgemeinschaft\/\">Weiterlesen<\/a><\/p>\n","protected":false},"author":1,"featured_media":536,"parent":498,"menu_order":6,"comment_status":"open","ping_status":"closed","template":"","meta":{"footnotes":""},"class_list":["post-535","page","type-page","status-publish","has-post-thumbnail","hentry","nodate","item-wrap"],"_links":{"self":[{"href":"https:\/\/lossburg-schoemberg.de\/index.php\/wp-json\/wp\/v2\/pages\/535","targetHints":{"allow":["GET"]}}],"collection":[{"href":"https:\/\/lossburg-schoemberg.de\/index.php\/wp-json\/wp\/v2\/pages"}],"about":[{"href":"https:\/\/lossburg-schoemberg.de\/index.php\/wp-json\/wp\/v2\/types\/page"}],"author":[{"embeddable":true,"href":"https:\/\/lossburg-schoemberg.de\/index.php\/wp-json\/wp\/v2\/users\/1"}],"replies":[{"embeddable":true,"href":"https:\/\/lossburg-schoemberg.de\/index.php\/wp-json\/wp\/v2\/comments?post=535"}],"version-history":[{"count":4,"href":"https:\/\/lossburg-schoemberg.de\/index.php\/wp-json\/wp\/v2\/pages\/535\/revisions"}],"predecessor-version":[{"id":2090,"href":"https:\/\/lossburg-schoemberg.de\/index.php\/wp-json\/wp\/v2\/pages\/535\/revisions\/2090"}],"up":[{"embeddable":true,"href":"https:\/\/lossburg-schoemberg.de\/index.php\/wp-json\/wp\/v2\/pages\/498"}],"wp:featuredmedia":[{"embeddable":true,"href":"https:\/\/lossburg-schoemberg.de\/index.php\/wp-json\/wp\/v2\/media\/536"}],"wp:attachment":[{"href":"https:\/\/lossburg-schoemberg.de\/index.php\/wp-json\/wp\/v2\/media?parent=535"}],"curies":[{"name":"wp","href":"https:\/\/api.w.org\/{rel}","templated":true}]}}