{"id":5349,"date":"2025-04-18T19:52:30","date_gmt":"2025-04-18T17:52:30","guid":{"rendered":"https:\/\/lossburg-schoemberg.de\/?page_id=5349"},"modified":"2025-04-18T19:52:30","modified_gmt":"2025-04-18T17:52:30","slug":"dorfentwicklung","status":"publish","type":"page","link":"https:\/\/lossburg-schoemberg.de\/index.php\/aktuelles\/dorfentwicklung\/","title":{"rendered":"Dorfentwicklung"},"content":{"rendered":"<p>Die Gemeinde Lo\u00dfburg erh\u00e4lt vom Ministerium f\u00fcr Landesentwicklung und Wohnen F\u00f6rdermittel im Programm &#8222;Fl\u00e4chen gewinnen durch Innenentwicklung&#8220;<\/p>\n<p>Dazu git es eine \u00f6ffentliche Veranstaltung am <strong>Donnerstag 24.04.2025 um 18 Uhr im B\u00fcrger- und G\u00e4stehaus<\/strong> in Sch\u00f6mberg.<br \/>\nFrau Norina Flietel von W\u00fcstenrot Haus- und St\u00e4dtebau wird eine Pr\u00e4sentation zeigen.<\/p>\n<p>Dazu herzliche Einladung f\u00fcr alle interessierte.<\/p>\n<p>Ihr Ortsvorsteher, Karl Pfau<\/p>\n","protected":false},"excerpt":{"rendered":"<p>Die Gemeinde Lo\u00dfburg erh\u00e4lt vom Ministerium f\u00fcr Landesentwicklung und Wohnen F\u00f6rdermittel im Programm &#8222;Fl\u00e4chen gewinnen durch Innenentwicklung&#8220; Dazu git es eine \u00f6ffentliche Veranstaltung am Donnerstag 24.04.2025 um 18 Uhr im B\u00fcrger- und G\u00e4stehaus in Sch\u00f6mberg. Frau Norina Flietel von W\u00fcstenrot Haus- und St\u00e4dtebau wird eine Pr\u00e4sentation zeigen. Dazu herzliche Einladung f\u00fcr alle interessierte. Ihr Ortsvorsteher, &hellip; <\/p>\n<p><a class=\"more-link btn\" href=\"https:\/\/lossburg-schoemberg.de\/index.php\/aktuelles\/dorfentwicklung\/\">Weiterlesen<\/a><\/p>\n","protected":false},"author":1,"featured_media":5350,"parent":171,"menu_order":44,"comment_status":"closed","ping_status":"closed","template":"","meta":{"footnotes":""},"class_list":["post-5349","page","type-page","status-publish","has-post-thumbnail","hentry","nodate","item-wrap"],"_links":{"self":[{"href":"https:\/\/lossburg-schoemberg.de\/index.php\/wp-json\/wp\/v2\/pages\/5349","targetHints":{"allow":["GET"]}}],"collection":[{"href":"https:\/\/lossburg-schoemberg.de\/index.php\/wp-json\/wp\/v2\/pages"}],"about":[{"href":"https:\/\/lossburg-schoemberg.de\/index.php\/wp-json\/wp\/v2\/types\/page"}],"author":[{"embeddable":true,"href":"https:\/\/lossburg-schoemberg.de\/index.php\/wp-json\/wp\/v2\/users\/1"}],"replies":[{"embeddable":true,"href":"https:\/\/lossburg-schoemberg.de\/index.php\/wp-json\/wp\/v2\/comments?post=5349"}],"version-history":[{"count":1,"href":"https:\/\/lossburg-schoemberg.de\/index.php\/wp-json\/wp\/v2\/pages\/5349\/revisions"}],"predecessor-version":[{"id":5351,"href":"https:\/\/lossburg-schoemberg.de\/index.php\/wp-json\/wp\/v2\/pages\/5349\/revisions\/5351"}],"up":[{"embeddable":true,"href":"https:\/\/lossburg-schoemberg.de\/index.php\/wp-json\/wp\/v2\/pages\/171"}],"wp:featuredmedia":[{"embeddable":true,"href":"https:\/\/lossburg-schoemberg.de\/index.php\/wp-json\/wp\/v2\/media\/5350"}],"wp:attachment":[{"href":"https:\/\/lossburg-schoemberg.de\/index.php\/wp-json\/wp\/v2\/media?parent=5349"}],"curies":[{"name":"wp","href":"https:\/\/api.w.org\/{rel}","templated":true}]}}