{"id":5337,"date":"2025-03-09T21:04:22","date_gmt":"2025-03-09T20:04:22","guid":{"rendered":"https:\/\/lossburg-schoemberg.de\/?page_id=5337"},"modified":"2025-06-16T23:07:37","modified_gmt":"2025-06-16T21:07:37","slug":"termine-der-dorfgemeinschaft-schoemberg","status":"publish","type":"page","link":"https:\/\/lossburg-schoemberg.de\/index.php\/aktuelles\/termine-der-dorfgemeinschaft-schoemberg\/","title":{"rendered":"Termine der Dorfgemeinschaft Sch\u00f6mberg"},"content":{"rendered":"<p>Geplante Angebote im Jahr 2025<\/p>\n<ul style=\"list-style-type: circle;\">\n<li>Fr. 14.03. um 19:30 Uhr,\u00a0 im B\u00fcrgerhaus. Hauptversammlung der Dorfgemeinschaft. Eingeladen sind alle Sch\u00f6mbergerinnen und Sch\u00f6mberger<\/li>\n<li>Fr. 25.04. um 14:30 Uhr, in der Pausenhalle.\u00a0 Girlanden binden f\u00fcr den Maibaum<\/li>\n<li>Mi. 30.04. um 18:30 Uhr in der Ortsmitte. Maibaum stellen durch die Feuerwehr Sch\u00f6mberg. Anschlie\u00dfend Bewirtung in der Pausenhalle durch die Gymnastikgruppe<\/li>\n<li><strong>Do. 01. Mai. Maiwanderung auf den Zwieselberg<\/strong><br \/>\nTreffpunkt am 01. Mai um 10 Uhr am Rathaus Sch\u00f6mberg<br \/>\nPer Kleinbus Shuttle fahren wir auf den Zwieselberg.<br \/>\nDort wird am 1. Mai bewirtet. Dort zum Fest.<br \/>\nDanach Wanderung zum Steinwald, ggf. dort Mittagessen.<br \/>\nWeiter nach \u00d6denwald zur Tannenstube mit Einkehr.<br \/>\nVon dort \u00fcber den Ostweg zur\u00fcck nach Sch\u00f6mberg.<br \/>\nGanze Strecke sind ca. 10 km.<br \/>\nWegen der Planung mit dem Kleinbus bitte anmelden bei Mario K\u00f6hn, 07446 837<\/li>\n<li>Mi. 18.06. Abends. Holz aufsetzen f\u00fcr die Sonnwendfeier<\/li>\n<li>Fr. 20.06. um 18 Uhr.\u00a0 Aufbau f\u00fcr die Sonnwendfeier<\/li>\n<li><strong>Sa. 21.06. ab 18 Uhr, Sonnwendfeier beim Spielplatz oberer Wald. Bewirtung, nach Einbruch der Dunkelheit wird das Feuer angez\u00fcndet, Barbetrieb<\/strong><\/li>\n<li>Sa. 09.08. ab 18 Uhr. Backhausfest beim Backh\u00e4usle. Es gibt die legend\u00e4re Bowle und Flammkuchen aus dem Holzbackofen\n<ul style=\"list-style-type: circle;\">\n<li>Sa. 04.10. Herbstausflug der Dorfgemeinschaft mit tollen Stationen:<br \/>\n&#8211; Vormittags: Besichtigung vom Flughafen Stuttgart mit F\u00fchrung<br \/>\n&#8211; Nachmittags: Besuch einer Besenwirtschaft im Zentrum von Esslingen<br \/>\n-Anmeldung bei Mario K\u00f6hn 07446 837<\/li>\n<\/ul>\n<\/li>\n<li>Sa. 06.12. um 17 Uhr. Nikolausfeier im B\u00fcrgerhaus<\/li>\n<\/ul>\n","protected":false},"excerpt":{"rendered":"<p>Geplante Angebote im Jahr 2025 Fr. 14.03. um 19:30 Uhr,\u00a0 im B\u00fcrgerhaus. Hauptversammlung der Dorfgemeinschaft. Eingeladen sind alle Sch\u00f6mbergerinnen und Sch\u00f6mberger Fr. 25.04. um 14:30 Uhr, in der Pausenhalle.\u00a0 Girlanden binden f\u00fcr den Maibaum Mi. 30.04. um 18:30 Uhr in der Ortsmitte. Maibaum stellen durch die Feuerwehr Sch\u00f6mberg. Anschlie\u00dfend Bewirtung in der Pausenhalle durch die &hellip; <\/p>\n<p><a class=\"more-link btn\" href=\"https:\/\/lossburg-schoemberg.de\/index.php\/aktuelles\/termine-der-dorfgemeinschaft-schoemberg\/\">Weiterlesen<\/a><\/p>\n","protected":false},"author":1,"featured_media":930,"parent":171,"menu_order":48,"comment_status":"closed","ping_status":"closed","template":"","meta":{"footnotes":""},"class_list":["post-5337","page","type-page","status-publish","has-post-thumbnail","hentry","nodate","item-wrap"],"_links":{"self":[{"href":"https:\/\/lossburg-schoemberg.de\/index.php\/wp-json\/wp\/v2\/pages\/5337","targetHints":{"allow":["GET"]}}],"collection":[{"href":"https:\/\/lossburg-schoemberg.de\/index.php\/wp-json\/wp\/v2\/pages"}],"about":[{"href":"https:\/\/lossburg-schoemberg.de\/index.php\/wp-json\/wp\/v2\/types\/page"}],"author":[{"embeddable":true,"href":"https:\/\/lossburg-schoemberg.de\/index.php\/wp-json\/wp\/v2\/users\/1"}],"replies":[{"embeddable":true,"href":"https:\/\/lossburg-schoemberg.de\/index.php\/wp-json\/wp\/v2\/comments?post=5337"}],"version-history":[{"count":7,"href":"https:\/\/lossburg-schoemberg.de\/index.php\/wp-json\/wp\/v2\/pages\/5337\/revisions"}],"predecessor-version":[{"id":5386,"href":"https:\/\/lossburg-schoemberg.de\/index.php\/wp-json\/wp\/v2\/pages\/5337\/revisions\/5386"}],"up":[{"embeddable":true,"href":"https:\/\/lossburg-schoemberg.de\/index.php\/wp-json\/wp\/v2\/pages\/171"}],"wp:featuredmedia":[{"embeddable":true,"href":"https:\/\/lossburg-schoemberg.de\/index.php\/wp-json\/wp\/v2\/media\/930"}],"wp:attachment":[{"href":"https:\/\/lossburg-schoemberg.de\/index.php\/wp-json\/wp\/v2\/media?parent=5337"}],"curies":[{"name":"wp","href":"https:\/\/api.w.org\/{rel}","templated":true}]}}