{"id":5265,"date":"2025-02-22T12:27:11","date_gmt":"2025-02-22T11:27:11","guid":{"rendered":"https:\/\/lossburg-schoemberg.de\/?page_id=5265"},"modified":"2025-03-07T22:20:30","modified_gmt":"2025-03-07T21:20:30","slug":"abteilungsversammlung-2025","status":"publish","type":"page","link":"https:\/\/lossburg-schoemberg.de\/index.php\/einrichtungen\/feuerwehr\/abteilungsversammlung-2025\/","title":{"rendered":"Abteilungsversammlung 2025"},"content":{"rendered":"<h1 class=\"post-title entry-title\">Abteilungsversammlung 2025<\/h1>\n<div class=\"entry-content clearfix\">\n<p>Feuerwehr Sch\u00f6mberg<\/p>\n<p>Abteilungsversammlung 2025<br \/>\n<strong>Bericht des Kommandanten Uli Armbruster<br \/>\nJahresbericht 2024<\/strong><\/p>\n<ul>\n<li>Das Jahr 2024 war von den Eins\u00e4tzen her ein ruhiges Jahr, es gab nur einen Einsatz, ein Baum der \u00fcber die Stra\u00dfe lag, musste wegger\u00e4\u00fcmt werden.<\/li>\n<li>Zur Mannschaft: diese besteht aus 19 aktiven Feuerwehrleuten, 1 Jugendlicher in der Jugendfeuerwehr, 4 Kameraden in der Alterswehr.<br \/>\nAusgeschieden sind Michael Asbach, (er ist nach Kanada ausgewandert) und Fabian Haist.<br \/>\nNeu dazugekommen ist Michael Buchter aus Vordersteinwald. Ihm ein herzliches Willkommen.<\/li>\n<li>Im Jahr 2024 wurden 20 \u00dcbungen in Sch\u00f6mberg, Vordersteinwald und \u00d6denwald abgehalten, dazu kam noch eine \u00dcbung mit der Abteilung Sterneck und die Haupt\u00fcbung der Gesamtwehr in Sulzbach.<\/li>\n<li>Im vergangenen Jahr wurden 9 Ausschusssitzungen abgehalten.<\/li>\n<li>Auch die Ausbildung kam nicht zu kurz, einzelne Feuerwehrleute haben an folgenden Ma\u00dfnahmen teilgenommen:<br \/>\n&#8211; Fabian Stehle: Grundausbildung in Baiersbronn<br \/>\n&#8211; Benny Braunschweiger: Maschinistenlehrgang in Horb<br \/>\n&#8211; Gabriel Mehnert: Atemschutzger\u00e4telehrgang<br \/>\n&#8211; Tobias Z\u00f6ll: LKW &#8211; F\u00fchrerschein<br \/>\n&#8211; Matthias Schmid: Truppenf\u00fchrerlehrgang in Freudenstadt<\/li>\n<li>Aufwertung des Feuerwehrhauses.<br \/>\n&#8211; Renovierung des Raumes<br \/>\n&#8211; neue Spinde<br \/>\n&#8211; Bodenmatten<br \/>\n&#8211; neuer Eletroverteiler<br \/>\ndazu herzlichen Dank an die Gemeinde f\u00fcr die zur Verf\u00fcgungstellung der Mittel<\/li>\n<li>Spenden an die Feuerwehr<br \/>\n&#8211; Von Fa. Neugard 3000 \u20ac f\u00fcr Poloshirts, Pullover unf Fleece-Jacken<br \/>\n&#8211; Aus dem Ertrag der 800-Jahr Feier 500 \u20ac<\/li>\n<li>Auch am geselligen Leben hat sich die Feuerwehr beteiligt, es waren:<br \/>\n\u2013 der Kameradschaftsabend<br \/>\n\u2013 Das Maibaumstellen<br \/>\n\u2013 Sonnwendfeier<br \/>\n\u2013 Puplic Viewing<br \/>\n\u2013 Stellen eines Fahrerteams beim Rasentraktorrennen in B\u00fcchenberg<br \/>\n\u2013 im Herbst das Sch\u00f6mberger Mostfest<\/li>\n<li>Uli Armbruster bedankt sich bei seinen Kameraden f\u00fcr die geleistete Arbeit, auch f\u00fcr die Unterst\u00fctzung durch die Feuerwehrf\u00fchrung, bei dem Ortsvorsteher und bei der Gemeinde Lo\u00dfburg<\/li>\n<\/ul>\n<div id=\"attachment_5268\" style=\"width: 847px\" class=\"wp-caption aligncenter\"><a href=\"http:\/\/lossburg-schoemberg.de\/wp-content\/uploads\/2025\/02\/IMG_5986-scaled.jpg\"><img loading=\"lazy\" decoding=\"async\" aria-describedby=\"caption-attachment-5268\" class=\"size-large wp-image-5268\" src=\"http:\/\/lossburg-schoemberg.de\/wp-content\/uploads\/2025\/02\/IMG_5986-1024x837.jpg\" alt=\"\" width=\"847\" height=\"692\" srcset=\"https:\/\/lossburg-schoemberg.de\/wp-content\/uploads\/2025\/02\/IMG_5986-1024x837.jpg 1024w, https:\/\/lossburg-schoemberg.de\/wp-content\/uploads\/2025\/02\/IMG_5986-300x245.jpg 300w, https:\/\/lossburg-schoemberg.de\/wp-content\/uploads\/2025\/02\/IMG_5986-768x627.jpg 768w, https:\/\/lossburg-schoemberg.de\/wp-content\/uploads\/2025\/02\/IMG_5986-1536x1255.jpg 1536w, https:\/\/lossburg-schoemberg.de\/wp-content\/uploads\/2025\/02\/IMG_5986-2048x1673.jpg 2048w, https:\/\/lossburg-schoemberg.de\/wp-content\/uploads\/2025\/02\/IMG_5986-847x692.jpg 847w\" sizes=\"auto, (max-width: 847px) 100vw, 847px\" \/><\/a><p id=\"caption-attachment-5268\" class=\"wp-caption-text\">Kai Stehle w\u00fcrde bef\u00f6rdert zum Feuerwehrmann<\/p><\/div>\n<p>Im Bild von links: Abteilungskommandant Uli Armbruster, sein Stellvertreter Christian Sawall, Kai Stehle, Gesamtkommandant Andreas Eberhardt. Foto: Karl Pfau<\/p>\n<div id=\"attachment_5269\" style=\"width: 847px\" class=\"wp-caption aligncenter\"><a href=\"http:\/\/lossburg-schoemberg.de\/wp-content\/uploads\/2025\/02\/IMG_5989-scaled.jpg\"><img loading=\"lazy\" decoding=\"async\" aria-describedby=\"caption-attachment-5269\" class=\"size-large wp-image-5269\" src=\"http:\/\/lossburg-schoemberg.de\/wp-content\/uploads\/2025\/02\/IMG_5989-977x1024.jpg\" alt=\"\" width=\"847\" height=\"888\" srcset=\"https:\/\/lossburg-schoemberg.de\/wp-content\/uploads\/2025\/02\/IMG_5989-977x1024.jpg 977w, https:\/\/lossburg-schoemberg.de\/wp-content\/uploads\/2025\/02\/IMG_5989-286x300.jpg 286w, https:\/\/lossburg-schoemberg.de\/wp-content\/uploads\/2025\/02\/IMG_5989-768x805.jpg 768w, https:\/\/lossburg-schoemberg.de\/wp-content\/uploads\/2025\/02\/IMG_5989-1466x1536.jpg 1466w, https:\/\/lossburg-schoemberg.de\/wp-content\/uploads\/2025\/02\/IMG_5989-1955x2048.jpg 1955w, https:\/\/lossburg-schoemberg.de\/wp-content\/uploads\/2025\/02\/IMG_5989-847x888.jpg 847w\" sizes=\"auto, (max-width: 847px) 100vw, 847px\" \/><\/a><p id=\"caption-attachment-5269\" class=\"wp-caption-text\">Verabschiedet wurde Fabian Haist, im Bild Mitte<\/p><\/div>\n<div id=\"attachment_5267\" style=\"width: 847px\" class=\"wp-caption aligncenter\"><a href=\"http:\/\/lossburg-schoemberg.de\/wp-content\/uploads\/2025\/02\/Abteilungsversammlung25.jpg\"><img loading=\"lazy\" decoding=\"async\" aria-describedby=\"caption-attachment-5267\" class=\"wp-image-5267 size-large\" src=\"http:\/\/lossburg-schoemberg.de\/wp-content\/uploads\/2025\/02\/Abteilungsversammlung25-1024x759.jpg\" alt=\"\" width=\"847\" height=\"628\" srcset=\"https:\/\/lossburg-schoemberg.de\/wp-content\/uploads\/2025\/02\/Abteilungsversammlung25-1024x759.jpg 1024w, https:\/\/lossburg-schoemberg.de\/wp-content\/uploads\/2025\/02\/Abteilungsversammlung25-300x222.jpg 300w, https:\/\/lossburg-schoemberg.de\/wp-content\/uploads\/2025\/02\/Abteilungsversammlung25-768x569.jpg 768w, https:\/\/lossburg-schoemberg.de\/wp-content\/uploads\/2025\/02\/Abteilungsversammlung25-847x628.jpg 847w, https:\/\/lossburg-schoemberg.de\/wp-content\/uploads\/2025\/02\/Abteilungsversammlung25.jpg 1350w\" sizes=\"auto, (max-width: 847px) 100vw, 847px\" \/><\/a><p id=\"caption-attachment-5267\" class=\"wp-caption-text\">Im Bild von links: Ortsvorsteher Karl Pfau, Gesamtkommandant Lo\u00dfburg Andreas Eberhardt, Kai Stehle, Fabian Haist, Christian Sawall, Abteilungskommandant Uli Armbruster<\/p><\/div>\n<\/div>\n","protected":false},"excerpt":{"rendered":"<p>Abteilungsversammlung 2025 Feuerwehr Sch\u00f6mberg Abteilungsversammlung 2025 Bericht des Kommandanten Uli Armbruster Jahresbericht 2024 Das Jahr 2024 war von den Eins\u00e4tzen her ein ruhiges Jahr, es gab nur einen Einsatz, ein Baum der \u00fcber die Stra\u00dfe lag, musste wegger\u00e4\u00fcmt werden. Zur Mannschaft: diese besteht aus 19 aktiven Feuerwehrleuten, 1 Jugendlicher in der Jugendfeuerwehr, 4 Kameraden in &hellip; <\/p>\n<p><a class=\"more-link btn\" href=\"https:\/\/lossburg-schoemberg.de\/index.php\/einrichtungen\/feuerwehr\/abteilungsversammlung-2025\/\">Weiterlesen<\/a><\/p>\n","protected":false},"author":1,"featured_media":5270,"parent":350,"menu_order":36,"comment_status":"closed","ping_status":"closed","template":"","meta":{"footnotes":""},"class_list":["post-5265","page","type-page","status-publish","has-post-thumbnail","hentry","nodate","item-wrap"],"_links":{"self":[{"href":"https:\/\/lossburg-schoemberg.de\/index.php\/wp-json\/wp\/v2\/pages\/5265","targetHints":{"allow":["GET"]}}],"collection":[{"href":"https:\/\/lossburg-schoemberg.de\/index.php\/wp-json\/wp\/v2\/pages"}],"about":[{"href":"https:\/\/lossburg-schoemberg.de\/index.php\/wp-json\/wp\/v2\/types\/page"}],"author":[{"embeddable":true,"href":"https:\/\/lossburg-schoemberg.de\/index.php\/wp-json\/wp\/v2\/users\/1"}],"replies":[{"embeddable":true,"href":"https:\/\/lossburg-schoemberg.de\/index.php\/wp-json\/wp\/v2\/comments?post=5265"}],"version-history":[{"count":6,"href":"https:\/\/lossburg-schoemberg.de\/index.php\/wp-json\/wp\/v2\/pages\/5265\/revisions"}],"predecessor-version":[{"id":5290,"href":"https:\/\/lossburg-schoemberg.de\/index.php\/wp-json\/wp\/v2\/pages\/5265\/revisions\/5290"}],"up":[{"embeddable":true,"href":"https:\/\/lossburg-schoemberg.de\/index.php\/wp-json\/wp\/v2\/pages\/350"}],"wp:featuredmedia":[{"embeddable":true,"href":"https:\/\/lossburg-schoemberg.de\/index.php\/wp-json\/wp\/v2\/media\/5270"}],"wp:attachment":[{"href":"https:\/\/lossburg-schoemberg.de\/index.php\/wp-json\/wp\/v2\/media?parent=5265"}],"curies":[{"name":"wp","href":"https:\/\/api.w.org\/{rel}","templated":true}]}}