{"id":5250,"date":"2025-01-05T09:29:47","date_gmt":"2025-01-05T08:29:47","guid":{"rendered":"https:\/\/lossburg-schoemberg.de\/?page_id=5250"},"modified":"2025-01-05T13:58:56","modified_gmt":"2025-01-05T12:58:56","slug":"dorfstube-schoemberg-geoeffnet","status":"publish","type":"page","link":"https:\/\/lossburg-schoemberg.de\/index.php\/aktuelles\/dorfstube-schoemberg-geoeffnet\/","title":{"rendered":"Dorfstube Sch\u00f6mberg ge\u00f6ffnet"},"content":{"rendered":"<p>Die in 2024 neu eingerichtete Dorfstube mit kleinem Dorfmuseum ist in 2025 immer am 3. Samstag im Monat von 15 bis 17 Uhr ge\u00f6ffnet.<br \/>\nJ\u00fcrgen Sommerfeldt f\u00fchrt durch die R\u00e4ume des Museums und bietet auf Wunsch eine Kleinigkeit zu trinken an.<br \/>\nZu sehen gibt es:<\/p>\n<ul>\n<li>Arbeitsger\u00e4te von fr\u00fcher aus der Forstwirtschaft, Landwirtschaft, Haushalt, Handwerk<\/li>\n<li>R\u00fcckblick auf die Dorfwettbewerbe bei der Sch\u00f6mberg im Landeswettbewerb die Goldmedaille und in Bundeswettbewerb die Silbermedaille bekommen hat<\/li>\n<li>Viele alte Bilder von Sch\u00f6mberg und Sch\u00f6mbergern<\/li>\n<li>Einen ganzen Raum mit Bildern von Umzug der 800-Jahr Feier 2022<\/li>\n<li>Ein ganz tolles gro\u00dfes Luftbild von Sch\u00f6mberg in der Dorfstube<\/li>\n<\/ul>\n<p>Die Dorfstube ist im ehemaligen Rathaus Sch\u00f6mberg, mitten im Ort.<\/p>\n<div id=\"attachment_5256\" style=\"width: 768px\" class=\"wp-caption aligncenter\"><a href=\"http:\/\/lossburg-schoemberg.de\/wp-content\/uploads\/2025\/01\/Waldwerkzeuge-scaled.jpg\"><img loading=\"lazy\" decoding=\"async\" aria-describedby=\"caption-attachment-5256\" class=\"wp-image-5256 size-large\" src=\"http:\/\/lossburg-schoemberg.de\/wp-content\/uploads\/2025\/01\/Waldwerkzeuge-768x1024.jpg\" alt=\"\" width=\"768\" height=\"1024\" srcset=\"https:\/\/lossburg-schoemberg.de\/wp-content\/uploads\/2025\/01\/Waldwerkzeuge-768x1024.jpg 768w, https:\/\/lossburg-schoemberg.de\/wp-content\/uploads\/2025\/01\/Waldwerkzeuge-225x300.jpg 225w, https:\/\/lossburg-schoemberg.de\/wp-content\/uploads\/2025\/01\/Waldwerkzeuge-1152x1536.jpg 1152w, https:\/\/lossburg-schoemberg.de\/wp-content\/uploads\/2025\/01\/Waldwerkzeuge-1536x2048.jpg 1536w, https:\/\/lossburg-schoemberg.de\/wp-content\/uploads\/2025\/01\/Waldwerkzeuge-847x1129.jpg 847w, https:\/\/lossburg-schoemberg.de\/wp-content\/uploads\/2025\/01\/Waldwerkzeuge-scaled.jpg 1920w\" sizes=\"auto, (max-width: 768px) 100vw, 768px\" \/><\/a><p id=\"caption-attachment-5256\" class=\"wp-caption-text\">Forstwerkzeuge. \u00c4xte, Krempen, Drehhaken, alles von Adolf Armbruster<\/p><\/div>\n<div id=\"attachment_5254\" style=\"width: 847px\" class=\"wp-caption aligncenter\"><a href=\"http:\/\/lossburg-schoemberg.de\/wp-content\/uploads\/2025\/01\/Faellsaegen-scaled.jpg\"><img loading=\"lazy\" decoding=\"async\" aria-describedby=\"caption-attachment-5254\" class=\"wp-image-5254 size-large\" src=\"http:\/\/lossburg-schoemberg.de\/wp-content\/uploads\/2025\/01\/Faellsaegen-1024x768.jpg\" alt=\"\" width=\"847\" height=\"635\" srcset=\"https:\/\/lossburg-schoemberg.de\/wp-content\/uploads\/2025\/01\/Faellsaegen-1024x768.jpg 1024w, https:\/\/lossburg-schoemberg.de\/wp-content\/uploads\/2025\/01\/Faellsaegen-300x225.jpg 300w, https:\/\/lossburg-schoemberg.de\/wp-content\/uploads\/2025\/01\/Faellsaegen-768x576.jpg 768w, https:\/\/lossburg-schoemberg.de\/wp-content\/uploads\/2025\/01\/Faellsaegen-1536x1152.jpg 1536w, https:\/\/lossburg-schoemberg.de\/wp-content\/uploads\/2025\/01\/Faellsaegen-2048x1536.jpg 2048w, https:\/\/lossburg-schoemberg.de\/wp-content\/uploads\/2025\/01\/Faellsaegen-847x635.jpg 847w\" sizes=\"auto, (max-width: 847px) 100vw, 847px\" \/><\/a><p id=\"caption-attachment-5254\" class=\"wp-caption-text\">2-Mann F\u00e4lls\u00e4gen, Hobelzahns\u00e4gen, alles von Adolf Armbruster<\/p><\/div>\n<div id=\"attachment_5255\" style=\"width: 730px\" class=\"wp-caption aligncenter\"><a href=\"http:\/\/lossburg-schoemberg.de\/wp-content\/uploads\/2025\/01\/Holzgabeln-scaled.jpg\"><img loading=\"lazy\" decoding=\"async\" aria-describedby=\"caption-attachment-5255\" class=\"wp-image-5255 size-large\" src=\"http:\/\/lossburg-schoemberg.de\/wp-content\/uploads\/2025\/01\/Holzgabeln-730x1024.jpg\" alt=\"\" width=\"730\" height=\"1024\" srcset=\"https:\/\/lossburg-schoemberg.de\/wp-content\/uploads\/2025\/01\/Holzgabeln-730x1024.jpg 730w, https:\/\/lossburg-schoemberg.de\/wp-content\/uploads\/2025\/01\/Holzgabeln-214x300.jpg 214w, https:\/\/lossburg-schoemberg.de\/wp-content\/uploads\/2025\/01\/Holzgabeln-768x1078.jpg 768w, https:\/\/lossburg-schoemberg.de\/wp-content\/uploads\/2025\/01\/Holzgabeln-1094x1536.jpg 1094w, https:\/\/lossburg-schoemberg.de\/wp-content\/uploads\/2025\/01\/Holzgabeln-1459x2048.jpg 1459w, https:\/\/lossburg-schoemberg.de\/wp-content\/uploads\/2025\/01\/Holzgabeln-847x1189.jpg 847w, https:\/\/lossburg-schoemberg.de\/wp-content\/uploads\/2025\/01\/Holzgabeln-scaled.jpg 1824w\" sizes=\"auto, (max-width: 730px) 100vw, 730px\" \/><\/a><p id=\"caption-attachment-5255\" class=\"wp-caption-text\">Holzgabel, Holzrechen, Heuliecher, Wiesendatscher, Pflanzhacke, B\u00fcschelesbinder<\/p><\/div>\n","protected":false},"excerpt":{"rendered":"<p>Die in 2024 neu eingerichtete Dorfstube mit kleinem Dorfmuseum ist in 2025 immer am 3. Samstag im Monat von 15 bis 17 Uhr ge\u00f6ffnet. J\u00fcrgen Sommerfeldt f\u00fchrt durch die R\u00e4ume des Museums und bietet auf Wunsch eine Kleinigkeit zu trinken an. Zu sehen gibt es: Arbeitsger\u00e4te von fr\u00fcher aus der Forstwirtschaft, Landwirtschaft, Haushalt, Handwerk R\u00fcckblick &hellip; <\/p>\n<p><a class=\"more-link btn\" href=\"https:\/\/lossburg-schoemberg.de\/index.php\/aktuelles\/dorfstube-schoemberg-geoeffnet\/\">Weiterlesen<\/a><\/p>\n","protected":false},"author":1,"featured_media":5251,"parent":171,"menu_order":50,"comment_status":"closed","ping_status":"closed","template":"","meta":{"footnotes":""},"class_list":["post-5250","page","type-page","status-publish","has-post-thumbnail","hentry","nodate","item-wrap"],"_links":{"self":[{"href":"https:\/\/lossburg-schoemberg.de\/index.php\/wp-json\/wp\/v2\/pages\/5250","targetHints":{"allow":["GET"]}}],"collection":[{"href":"https:\/\/lossburg-schoemberg.de\/index.php\/wp-json\/wp\/v2\/pages"}],"about":[{"href":"https:\/\/lossburg-schoemberg.de\/index.php\/wp-json\/wp\/v2\/types\/page"}],"author":[{"embeddable":true,"href":"https:\/\/lossburg-schoemberg.de\/index.php\/wp-json\/wp\/v2\/users\/1"}],"replies":[{"embeddable":true,"href":"https:\/\/lossburg-schoemberg.de\/index.php\/wp-json\/wp\/v2\/comments?post=5250"}],"version-history":[{"count":4,"href":"https:\/\/lossburg-schoemberg.de\/index.php\/wp-json\/wp\/v2\/pages\/5250\/revisions"}],"predecessor-version":[{"id":5260,"href":"https:\/\/lossburg-schoemberg.de\/index.php\/wp-json\/wp\/v2\/pages\/5250\/revisions\/5260"}],"up":[{"embeddable":true,"href":"https:\/\/lossburg-schoemberg.de\/index.php\/wp-json\/wp\/v2\/pages\/171"}],"wp:featuredmedia":[{"embeddable":true,"href":"https:\/\/lossburg-schoemberg.de\/index.php\/wp-json\/wp\/v2\/media\/5251"}],"wp:attachment":[{"href":"https:\/\/lossburg-schoemberg.de\/index.php\/wp-json\/wp\/v2\/media?parent=5250"}],"curies":[{"name":"wp","href":"https:\/\/api.w.org\/{rel}","templated":true}]}}