{"id":5221,"date":"2024-10-05T21:37:29","date_gmt":"2024-10-05T19:37:29","guid":{"rendered":"https:\/\/lossburg-schoemberg.de\/?page_id=5221"},"modified":"2025-01-04T22:36:59","modified_gmt":"2025-01-04T21:36:59","slug":"herbstausflug-der-dorfgemeinschaft-2","status":"publish","type":"page","link":"https:\/\/lossburg-schoemberg.de\/index.php\/rueckblick\/2024-2\/herbstausflug-der-dorfgemeinschaft-2\/","title":{"rendered":"Herbstausflug der Dorfgemeinschaft"},"content":{"rendered":"<p>Sch\u00f6ner, sehr gut organisierter Ausflug.<\/p>\n<p>34 Sch\u00f6mberger unternahmen einen Ausflug nach Zwiefalten. Dort bekamen wir eine spannende Brauereibesichtigung mit Begr\u00fc\u00dfungstrunk und ein Glas Tankbier am Ende der F\u00fchrung. Im Anschluss Mittagessen in der Brauereigastst\u00e4tte der &#8222;Zwiefalter Klosterbr\u00e4u&#8220; .<\/p>\n<p>Weiter ging es zur Wimsener H\u00f6hle in die man mit Booten einfahren konnte. Interessant und ungew\u00f6hnlich.<\/p>\n<p>Zur\u00fcck nach Zwiefalten zum Brauereiladen, Brauereimuseum und Besichtigung der Kirche in Zwiefalten.<\/p>\n<p>Abschluss dann im Gasthof Steinwald.<\/p>\n<p>Danke an Mario K\u00f6hn f\u00fcr die Organisation, an Marco Eberhardt und Stephan Liebrecht f\u00fcr die Durchf\u00fchrung.<\/p>\n<div id=\"attachment_5224\" style=\"width: 847px\" class=\"wp-caption aligncenter\"><a href=\"http:\/\/lossburg-schoemberg.de\/wp-content\/uploads\/2024\/10\/Gruppe.jpg\"><img loading=\"lazy\" decoding=\"async\" aria-describedby=\"caption-attachment-5224\" class=\"size-large wp-image-5224\" src=\"http:\/\/lossburg-schoemberg.de\/wp-content\/uploads\/2024\/10\/Gruppe-1024x413.jpg\" alt=\"\" width=\"847\" height=\"342\" srcset=\"https:\/\/lossburg-schoemberg.de\/wp-content\/uploads\/2024\/10\/Gruppe-1024x413.jpg 1024w, https:\/\/lossburg-schoemberg.de\/wp-content\/uploads\/2024\/10\/Gruppe-300x121.jpg 300w, https:\/\/lossburg-schoemberg.de\/wp-content\/uploads\/2024\/10\/Gruppe-768x310.jpg 768w, https:\/\/lossburg-schoemberg.de\/wp-content\/uploads\/2024\/10\/Gruppe-847x341.jpg 847w, https:\/\/lossburg-schoemberg.de\/wp-content\/uploads\/2024\/10\/Gruppe.jpg 1330w\" sizes=\"auto, (max-width: 847px) 100vw, 847px\" \/><\/a><p id=\"caption-attachment-5224\" class=\"wp-caption-text\">Die Teilnehmer, Bild: Mirko Keller<\/p><\/div>\n<div id=\"attachment_5222\" style=\"width: 847px\" class=\"wp-caption aligncenter\"><a href=\"http:\/\/lossburg-schoemberg.de\/wp-content\/uploads\/2024\/10\/Brauerei1-scaled.jpg\"><img loading=\"lazy\" decoding=\"async\" aria-describedby=\"caption-attachment-5222\" class=\"wp-image-5222 size-large\" src=\"http:\/\/lossburg-schoemberg.de\/wp-content\/uploads\/2024\/10\/Brauerei1-1024x768.jpg\" alt=\"\" width=\"847\" height=\"635\" srcset=\"https:\/\/lossburg-schoemberg.de\/wp-content\/uploads\/2024\/10\/Brauerei1-1024x768.jpg 1024w, https:\/\/lossburg-schoemberg.de\/wp-content\/uploads\/2024\/10\/Brauerei1-300x225.jpg 300w, https:\/\/lossburg-schoemberg.de\/wp-content\/uploads\/2024\/10\/Brauerei1-768x576.jpg 768w, https:\/\/lossburg-schoemberg.de\/wp-content\/uploads\/2024\/10\/Brauerei1-1536x1152.jpg 1536w, https:\/\/lossburg-schoemberg.de\/wp-content\/uploads\/2024\/10\/Brauerei1-2048x1536.jpg 2048w, https:\/\/lossburg-schoemberg.de\/wp-content\/uploads\/2024\/10\/Brauerei1-847x635.jpg 847w\" sizes=\"auto, (max-width: 847px) 100vw, 847px\" \/><\/a><p id=\"caption-attachment-5222\" class=\"wp-caption-text\">Abf\u00fcllanlage. Bild Karl Pfau<\/p><\/div>\n<div id=\"attachment_5223\" style=\"width: 847px\" class=\"wp-caption aligncenter\"><a href=\"http:\/\/lossburg-schoemberg.de\/wp-content\/uploads\/2024\/10\/Brauerei2-scaled.jpg\"><img loading=\"lazy\" decoding=\"async\" aria-describedby=\"caption-attachment-5223\" class=\"size-large wp-image-5223\" src=\"http:\/\/lossburg-schoemberg.de\/wp-content\/uploads\/2024\/10\/Brauerei2-1024x738.jpg\" alt=\"\" width=\"847\" height=\"610\" srcset=\"https:\/\/lossburg-schoemberg.de\/wp-content\/uploads\/2024\/10\/Brauerei2-1024x738.jpg 1024w, https:\/\/lossburg-schoemberg.de\/wp-content\/uploads\/2024\/10\/Brauerei2-300x216.jpg 300w, https:\/\/lossburg-schoemberg.de\/wp-content\/uploads\/2024\/10\/Brauerei2-768x553.jpg 768w, https:\/\/lossburg-schoemberg.de\/wp-content\/uploads\/2024\/10\/Brauerei2-1536x1106.jpg 1536w, https:\/\/lossburg-schoemberg.de\/wp-content\/uploads\/2024\/10\/Brauerei2-2048x1475.jpg 2048w, https:\/\/lossburg-schoemberg.de\/wp-content\/uploads\/2024\/10\/Brauerei2-847x610.jpg 847w\" sizes=\"auto, (max-width: 847px) 100vw, 847px\" \/><\/a><p id=\"caption-attachment-5223\" class=\"wp-caption-text\">G\u00e4rkeller. Bild Karl Pfau<\/p><\/div>\n<div id=\"attachment_5227\" style=\"width: 847px\" class=\"wp-caption aligncenter\"><a href=\"http:\/\/lossburg-schoemberg.de\/wp-content\/uploads\/2024\/10\/Zusammenfluss-scaled.jpg\"><img loading=\"lazy\" decoding=\"async\" aria-describedby=\"caption-attachment-5227\" class=\"size-large wp-image-5227\" src=\"http:\/\/lossburg-schoemberg.de\/wp-content\/uploads\/2024\/10\/Zusammenfluss-1024x768.jpg\" alt=\"\" width=\"847\" height=\"635\" srcset=\"https:\/\/lossburg-schoemberg.de\/wp-content\/uploads\/2024\/10\/Zusammenfluss-1024x768.jpg 1024w, https:\/\/lossburg-schoemberg.de\/wp-content\/uploads\/2024\/10\/Zusammenfluss-300x225.jpg 300w, https:\/\/lossburg-schoemberg.de\/wp-content\/uploads\/2024\/10\/Zusammenfluss-768x576.jpg 768w, https:\/\/lossburg-schoemberg.de\/wp-content\/uploads\/2024\/10\/Zusammenfluss-1536x1152.jpg 1536w, https:\/\/lossburg-schoemberg.de\/wp-content\/uploads\/2024\/10\/Zusammenfluss-2048x1536.jpg 2048w, https:\/\/lossburg-schoemberg.de\/wp-content\/uploads\/2024\/10\/Zusammenfluss-847x635.jpg 847w\" sizes=\"auto, (max-width: 847px) 100vw, 847px\" \/><\/a><p id=\"caption-attachment-5227\" class=\"wp-caption-text\">Zusammenfluss der zwief\u00e4ltigen Aach = Zwiefaltaach = Zwiefalten. Bild Karl Pfau<\/p><\/div>\n<p><a href=\"http:\/\/lossburg-schoemberg.de\/wp-content\/uploads\/2024\/10\/Wimsener-Hoehle1.jpg\"><img loading=\"lazy\" decoding=\"async\" class=\"aligncenter size-large wp-image-5226\" src=\"http:\/\/lossburg-schoemberg.de\/wp-content\/uploads\/2024\/10\/Wimsener-Hoehle1-1024x723.jpg\" alt=\"\" width=\"847\" height=\"598\" srcset=\"https:\/\/lossburg-schoemberg.de\/wp-content\/uploads\/2024\/10\/Wimsener-Hoehle1-1024x723.jpg 1024w, https:\/\/lossburg-schoemberg.de\/wp-content\/uploads\/2024\/10\/Wimsener-Hoehle1-300x212.jpg 300w, https:\/\/lossburg-schoemberg.de\/wp-content\/uploads\/2024\/10\/Wimsener-Hoehle1-768x542.jpg 768w, https:\/\/lossburg-schoemberg.de\/wp-content\/uploads\/2024\/10\/Wimsener-Hoehle1-1536x1084.jpg 1536w, https:\/\/lossburg-schoemberg.de\/wp-content\/uploads\/2024\/10\/Wimsener-Hoehle1-847x598.jpg 847w, https:\/\/lossburg-schoemberg.de\/wp-content\/uploads\/2024\/10\/Wimsener-Hoehle1.jpg 1600w\" sizes=\"auto, (max-width: 847px) 100vw, 847px\" \/><\/a><\/p>\n<div id=\"attachment_5225\" style=\"width: 768px\" class=\"wp-caption aligncenter\"><a href=\"http:\/\/lossburg-schoemberg.de\/wp-content\/uploads\/2024\/10\/Kirche2-scaled.jpg\"><img loading=\"lazy\" decoding=\"async\" aria-describedby=\"caption-attachment-5225\" class=\"size-large wp-image-5225\" src=\"http:\/\/lossburg-schoemberg.de\/wp-content\/uploads\/2024\/10\/Kirche2-768x1024.jpg\" alt=\"\" width=\"768\" height=\"1024\" srcset=\"https:\/\/lossburg-schoemberg.de\/wp-content\/uploads\/2024\/10\/Kirche2-768x1024.jpg 768w, https:\/\/lossburg-schoemberg.de\/wp-content\/uploads\/2024\/10\/Kirche2-225x300.jpg 225w, https:\/\/lossburg-schoemberg.de\/wp-content\/uploads\/2024\/10\/Kirche2-1152x1536.jpg 1152w, https:\/\/lossburg-schoemberg.de\/wp-content\/uploads\/2024\/10\/Kirche2-1536x2048.jpg 1536w, https:\/\/lossburg-schoemberg.de\/wp-content\/uploads\/2024\/10\/Kirche2-847x1129.jpg 847w, https:\/\/lossburg-schoemberg.de\/wp-content\/uploads\/2024\/10\/Kirche2-scaled.jpg 1920w\" sizes=\"auto, (max-width: 768px) 100vw, 768px\" \/><\/a><p id=\"caption-attachment-5225\" class=\"wp-caption-text\">Imposanter Innenraum der Zwiefalter Kirche. Bild Karl Pfau<\/p><\/div>\n","protected":false},"excerpt":{"rendered":"<p>Sch\u00f6ner, sehr gut organisierter Ausflug. 34 Sch\u00f6mberger unternahmen einen Ausflug nach Zwiefalten. Dort bekamen wir eine spannende Brauereibesichtigung mit Begr\u00fc\u00dfungstrunk und ein Glas Tankbier am Ende der F\u00fchrung. Im Anschluss Mittagessen in der Brauereigastst\u00e4tte der &#8222;Zwiefalter Klosterbr\u00e4u&#8220; . Weiter ging es zur Wimsener H\u00f6hle in die man mit Booten einfahren konnte. Interessant und ungew\u00f6hnlich. Zur\u00fcck &hellip; <\/p>\n<p><a class=\"more-link btn\" href=\"https:\/\/lossburg-schoemberg.de\/index.php\/rueckblick\/2024-2\/herbstausflug-der-dorfgemeinschaft-2\/\">Weiterlesen<\/a><\/p>\n","protected":false},"author":1,"featured_media":5231,"parent":5244,"menu_order":10,"comment_status":"closed","ping_status":"closed","template":"","meta":{"footnotes":""},"class_list":["post-5221","page","type-page","status-publish","has-post-thumbnail","hentry","nodate","item-wrap"],"_links":{"self":[{"href":"https:\/\/lossburg-schoemberg.de\/index.php\/wp-json\/wp\/v2\/pages\/5221","targetHints":{"allow":["GET"]}}],"collection":[{"href":"https:\/\/lossburg-schoemberg.de\/index.php\/wp-json\/wp\/v2\/pages"}],"about":[{"href":"https:\/\/lossburg-schoemberg.de\/index.php\/wp-json\/wp\/v2\/types\/page"}],"author":[{"embeddable":true,"href":"https:\/\/lossburg-schoemberg.de\/index.php\/wp-json\/wp\/v2\/users\/1"}],"replies":[{"embeddable":true,"href":"https:\/\/lossburg-schoemberg.de\/index.php\/wp-json\/wp\/v2\/comments?post=5221"}],"version-history":[{"count":3,"href":"https:\/\/lossburg-schoemberg.de\/index.php\/wp-json\/wp\/v2\/pages\/5221\/revisions"}],"predecessor-version":[{"id":5230,"href":"https:\/\/lossburg-schoemberg.de\/index.php\/wp-json\/wp\/v2\/pages\/5221\/revisions\/5230"}],"up":[{"embeddable":true,"href":"https:\/\/lossburg-schoemberg.de\/index.php\/wp-json\/wp\/v2\/pages\/5244"}],"wp:featuredmedia":[{"embeddable":true,"href":"https:\/\/lossburg-schoemberg.de\/index.php\/wp-json\/wp\/v2\/media\/5231"}],"wp:attachment":[{"href":"https:\/\/lossburg-schoemberg.de\/index.php\/wp-json\/wp\/v2\/media?parent=5221"}],"curies":[{"name":"wp","href":"https:\/\/api.w.org\/{rel}","templated":true}]}}