{"id":5178,"date":"2024-06-02T16:55:12","date_gmt":"2024-06-02T14:55:12","guid":{"rendered":"https:\/\/lossburg-schoemberg.de\/?page_id=5178"},"modified":"2025-01-04T22:38:37","modified_gmt":"2025-01-04T21:38:37","slug":"neue-sonnenliegen","status":"publish","type":"page","link":"https:\/\/lossburg-schoemberg.de\/index.php\/rueckblick\/2024-2\/neue-sonnenliegen\/","title":{"rendered":"Neue Sonnenliegen"},"content":{"rendered":"<p>In Sch\u00f6mberg am Spielplatz bei der Blockh\u00fctte gibt es 2 neue Sonnenliegen.<br \/>\nFinanziert wurden die Sonnenliegen vom Erl\u00f6s der 800-Jahr Feier Sch\u00f6mberg.<br \/>\nEs sind wetterfeste Liegen aus recycling Material.<br \/>\nNun k\u00f6nnen die Spielplatzbesucher den sch\u00f6nen Blick ins Kinzigtal genie\u00dfen.<br \/>\nZusammengebaut und aufgestellt wurden sie von Karl Pfau, Marco Eberhardt und Uli Armbruster.<br \/>\nDen Helfern Marco und Uli vielen Dank daf\u00fcr.<\/p>\n<p><strong>An die Besucher: Bitte die Sonnenliegen stehen lassen und nicht wegr\u00fccken.<\/strong><\/p>\n<p>Ortsvorsteher Sch\u00f6mberg, Karl Pfau<\/p>\n<div id=\"attachment_5188\" style=\"width: 847px\" class=\"wp-caption aligncenter\"><a href=\"http:\/\/lossburg-schoemberg.de\/wp-content\/uploads\/2024\/06\/Sonnenliege-DK-1.jpg\"><img loading=\"lazy\" decoding=\"async\" aria-describedby=\"caption-attachment-5188\" class=\"size-large wp-image-5188\" src=\"http:\/\/lossburg-schoemberg.de\/wp-content\/uploads\/2024\/06\/Sonnenliege-DK-1-1024x720.jpg\" alt=\"\" width=\"847\" height=\"596\" srcset=\"https:\/\/lossburg-schoemberg.de\/wp-content\/uploads\/2024\/06\/Sonnenliege-DK-1-1024x720.jpg 1024w, https:\/\/lossburg-schoemberg.de\/wp-content\/uploads\/2024\/06\/Sonnenliege-DK-1-300x211.jpg 300w, https:\/\/lossburg-schoemberg.de\/wp-content\/uploads\/2024\/06\/Sonnenliege-DK-1-768x540.jpg 768w, https:\/\/lossburg-schoemberg.de\/wp-content\/uploads\/2024\/06\/Sonnenliege-DK-1-1536x1080.jpg 1536w, https:\/\/lossburg-schoemberg.de\/wp-content\/uploads\/2024\/06\/Sonnenliege-DK-1-847x596.jpg 847w, https:\/\/lossburg-schoemberg.de\/wp-content\/uploads\/2024\/06\/Sonnenliege-DK-1.jpg 1621w\" sizes=\"auto, (max-width: 847px) 100vw, 847px\" \/><\/a><p id=\"caption-attachment-5188\" class=\"wp-caption-text\">Von links: Ortsvorsteher Karl Pfau, Ortschaftsr\u00e4tin D\u00f6rte K\u00fcbler, Stellvertreter des Ortsvorstehers Hartmut Eberhardt. Foto: G. Pfau<\/p><\/div>\n<p>&nbsp;<\/p>\n<div id=\"attachment_5181\" style=\"width: 847px\" class=\"wp-caption aligncenter\"><a href=\"http:\/\/lossburg-schoemberg.de\/wp-content\/uploads\/2024\/06\/Sonnenliege-Transport.jpg\"><img loading=\"lazy\" decoding=\"async\" aria-describedby=\"caption-attachment-5181\" class=\"wp-image-5181 size-large\" src=\"http:\/\/lossburg-schoemberg.de\/wp-content\/uploads\/2024\/06\/Sonnenliege-Transport-1024x686.jpg\" alt=\"\" width=\"847\" height=\"567\" srcset=\"https:\/\/lossburg-schoemberg.de\/wp-content\/uploads\/2024\/06\/Sonnenliege-Transport-1024x686.jpg 1024w, https:\/\/lossburg-schoemberg.de\/wp-content\/uploads\/2024\/06\/Sonnenliege-Transport-300x201.jpg 300w, https:\/\/lossburg-schoemberg.de\/wp-content\/uploads\/2024\/06\/Sonnenliege-Transport-768x514.jpg 768w, https:\/\/lossburg-schoemberg.de\/wp-content\/uploads\/2024\/06\/Sonnenliege-Transport-847x567.jpg 847w, https:\/\/lossburg-schoemberg.de\/wp-content\/uploads\/2024\/06\/Sonnenliege-Transport.jpg 1377w\" sizes=\"auto, (max-width: 847px) 100vw, 847px\" \/><\/a><p id=\"caption-attachment-5181\" class=\"wp-caption-text\">Transport der schweren Liegen mit Uli Armbruster. Foto: D. Armbruster<\/p><\/div>\n<p>&nbsp;<\/p>\n<div id=\"attachment_5179\" style=\"width: 847px\" class=\"wp-caption aligncenter\"><a href=\"http:\/\/lossburg-schoemberg.de\/wp-content\/uploads\/2024\/06\/Blick-ins-Tal-scaled.jpg\"><img loading=\"lazy\" decoding=\"async\" aria-describedby=\"caption-attachment-5179\" class=\"size-large wp-image-5179\" src=\"http:\/\/lossburg-schoemberg.de\/wp-content\/uploads\/2024\/06\/Blick-ins-Tal-1024x768.jpg\" alt=\"\" width=\"847\" height=\"635\" srcset=\"https:\/\/lossburg-schoemberg.de\/wp-content\/uploads\/2024\/06\/Blick-ins-Tal-1024x768.jpg 1024w, https:\/\/lossburg-schoemberg.de\/wp-content\/uploads\/2024\/06\/Blick-ins-Tal-300x225.jpg 300w, https:\/\/lossburg-schoemberg.de\/wp-content\/uploads\/2024\/06\/Blick-ins-Tal-768x576.jpg 768w, https:\/\/lossburg-schoemberg.de\/wp-content\/uploads\/2024\/06\/Blick-ins-Tal-1536x1152.jpg 1536w, https:\/\/lossburg-schoemberg.de\/wp-content\/uploads\/2024\/06\/Blick-ins-Tal-2048x1536.jpg 2048w, https:\/\/lossburg-schoemberg.de\/wp-content\/uploads\/2024\/06\/Blick-ins-Tal-847x635.jpg 847w\" sizes=\"auto, (max-width: 847px) 100vw, 847px\" \/><\/a><p id=\"caption-attachment-5179\" class=\"wp-caption-text\">Ausblick ins Kinzigtal. Aufgemomen zwischen Regenschauern.\u00a0 Foto: G. Pfau<\/p><\/div>\n","protected":false},"excerpt":{"rendered":"<p>In Sch\u00f6mberg am Spielplatz bei der Blockh\u00fctte gibt es 2 neue Sonnenliegen. Finanziert wurden die Sonnenliegen vom Erl\u00f6s der 800-Jahr Feier Sch\u00f6mberg. Es sind wetterfeste Liegen aus recycling Material. Nun k\u00f6nnen die Spielplatzbesucher den sch\u00f6nen Blick ins Kinzigtal genie\u00dfen. Zusammengebaut und aufgestellt wurden sie von Karl Pfau, Marco Eberhardt und Uli Armbruster. Den Helfern Marco &hellip; <\/p>\n<p><a class=\"more-link btn\" href=\"https:\/\/lossburg-schoemberg.de\/index.php\/rueckblick\/2024-2\/neue-sonnenliegen\/\">Weiterlesen<\/a><\/p>\n","protected":false},"author":1,"featured_media":5180,"parent":5244,"menu_order":25,"comment_status":"closed","ping_status":"closed","template":"","meta":{"footnotes":""},"class_list":["post-5178","page","type-page","status-publish","has-post-thumbnail","hentry","nodate","item-wrap"],"_links":{"self":[{"href":"https:\/\/lossburg-schoemberg.de\/index.php\/wp-json\/wp\/v2\/pages\/5178","targetHints":{"allow":["GET"]}}],"collection":[{"href":"https:\/\/lossburg-schoemberg.de\/index.php\/wp-json\/wp\/v2\/pages"}],"about":[{"href":"https:\/\/lossburg-schoemberg.de\/index.php\/wp-json\/wp\/v2\/types\/page"}],"author":[{"embeddable":true,"href":"https:\/\/lossburg-schoemberg.de\/index.php\/wp-json\/wp\/v2\/users\/1"}],"replies":[{"embeddable":true,"href":"https:\/\/lossburg-schoemberg.de\/index.php\/wp-json\/wp\/v2\/comments?post=5178"}],"version-history":[{"count":6,"href":"https:\/\/lossburg-schoemberg.de\/index.php\/wp-json\/wp\/v2\/pages\/5178\/revisions"}],"predecessor-version":[{"id":5233,"href":"https:\/\/lossburg-schoemberg.de\/index.php\/wp-json\/wp\/v2\/pages\/5178\/revisions\/5233"}],"up":[{"embeddable":true,"href":"https:\/\/lossburg-schoemberg.de\/index.php\/wp-json\/wp\/v2\/pages\/5244"}],"wp:featuredmedia":[{"embeddable":true,"href":"https:\/\/lossburg-schoemberg.de\/index.php\/wp-json\/wp\/v2\/media\/5180"}],"wp:attachment":[{"href":"https:\/\/lossburg-schoemberg.de\/index.php\/wp-json\/wp\/v2\/media?parent=5178"}],"curies":[{"name":"wp","href":"https:\/\/api.w.org\/{rel}","templated":true}]}}