{"id":5164,"date":"2024-04-28T21:23:56","date_gmt":"2024-04-28T19:23:56","guid":{"rendered":"https:\/\/lossburg-schoemberg.de\/?page_id=5164"},"modified":"2025-01-04T22:40:07","modified_gmt":"2025-01-04T21:40:07","slug":"maibaum-aufstellen","status":"publish","type":"page","link":"https:\/\/lossburg-schoemberg.de\/index.php\/rueckblick\/2024-2\/maibaum-aufstellen\/","title":{"rendered":"Maibaum Aufstellen"},"content":{"rendered":"<p>Am 30. April um 18:30 Uhr wird in der Ortsmitte von Sch\u00f6mberg der Maibaum aufgestellt von der Feuerwehr.<br \/>\nDazu herzliche Einladung an alle Sch\u00f6mberger.<a href=\"http:\/\/lossburg-schoemberg.de\/wp-content\/uploads\/2016\/03\/DSC01534.jpg\"><img loading=\"lazy\" decoding=\"async\" class=\"aligncenter size-full wp-image-3620\" src=\"http:\/\/lossburg-schoemberg.de\/wp-content\/uploads\/2016\/03\/DSC01534.jpg\" alt=\"\" width=\"973\" height=\"730\" srcset=\"https:\/\/lossburg-schoemberg.de\/wp-content\/uploads\/2016\/03\/DSC01534.jpg 973w, https:\/\/lossburg-schoemberg.de\/wp-content\/uploads\/2016\/03\/DSC01534-300x225.jpg 300w, https:\/\/lossburg-schoemberg.de\/wp-content\/uploads\/2016\/03\/DSC01534-768x576.jpg 768w\" sizes=\"auto, (max-width: 973px) 100vw, 973px\" \/><\/a><br \/>\nAnschlie\u00dfend gibt es ein gem\u00fctliches Beisammensein.<br \/>\nDie Bewirtung \u00fcbernehmen die Sch\u00f6mberger Gymnastikfrauen.<\/p>\n","protected":false},"excerpt":{"rendered":"<p>Am 30. April um 18:30 Uhr wird in der Ortsmitte von Sch\u00f6mberg der Maibaum aufgestellt von der Feuerwehr. Dazu herzliche Einladung an alle Sch\u00f6mberger. Anschlie\u00dfend gibt es ein gem\u00fctliches Beisammensein. Die Bewirtung \u00fcbernehmen die Sch\u00f6mberger Gymnastikfrauen.<\/p>\n","protected":false},"author":1,"featured_media":861,"parent":5244,"menu_order":35,"comment_status":"closed","ping_status":"closed","template":"","meta":{"footnotes":""},"class_list":["post-5164","page","type-page","status-publish","has-post-thumbnail","hentry","nodate","item-wrap"],"_links":{"self":[{"href":"https:\/\/lossburg-schoemberg.de\/index.php\/wp-json\/wp\/v2\/pages\/5164","targetHints":{"allow":["GET"]}}],"collection":[{"href":"https:\/\/lossburg-schoemberg.de\/index.php\/wp-json\/wp\/v2\/pages"}],"about":[{"href":"https:\/\/lossburg-schoemberg.de\/index.php\/wp-json\/wp\/v2\/types\/page"}],"author":[{"embeddable":true,"href":"https:\/\/lossburg-schoemberg.de\/index.php\/wp-json\/wp\/v2\/users\/1"}],"replies":[{"embeddable":true,"href":"https:\/\/lossburg-schoemberg.de\/index.php\/wp-json\/wp\/v2\/comments?post=5164"}],"version-history":[{"count":1,"href":"https:\/\/lossburg-schoemberg.de\/index.php\/wp-json\/wp\/v2\/pages\/5164\/revisions"}],"predecessor-version":[{"id":5165,"href":"https:\/\/lossburg-schoemberg.de\/index.php\/wp-json\/wp\/v2\/pages\/5164\/revisions\/5165"}],"up":[{"embeddable":true,"href":"https:\/\/lossburg-schoemberg.de\/index.php\/wp-json\/wp\/v2\/pages\/5244"}],"wp:featuredmedia":[{"embeddable":true,"href":"https:\/\/lossburg-schoemberg.de\/index.php\/wp-json\/wp\/v2\/media\/861"}],"wp:attachment":[{"href":"https:\/\/lossburg-schoemberg.de\/index.php\/wp-json\/wp\/v2\/media?parent=5164"}],"curies":[{"name":"wp","href":"https:\/\/api.w.org\/{rel}","templated":true}]}}