{"id":5106,"date":"2024-02-27T21:41:27","date_gmt":"2024-02-27T20:41:27","guid":{"rendered":"https:\/\/lossburg-schoemberg.de\/?page_id=5106"},"modified":"2025-02-22T13:32:51","modified_gmt":"2025-02-22T12:32:51","slug":"abteilungsversammlung-2024","status":"publish","type":"page","link":"https:\/\/lossburg-schoemberg.de\/index.php\/einrichtungen\/feuerwehr\/abteilungsversammlung-2024\/","title":{"rendered":"Abteilungsversammlung 2024"},"content":{"rendered":"<p>Feuerwehr Sch\u00f6mberg<\/p>\n<p>Abteilungsversammlung 2024<br \/>\n<strong>Bericht des Kommandanten Uli Armbruster<br \/>\nJahresbericht 2023<br \/>\n<\/strong><\/p>\n<ul>\n<li>Das Jahr 2023 war ein gutes Jahr f\u00fcr die Abteilung Sch\u00f6mberg, denn es sind einige neue Kameraden dazugekommen.<br \/>\nEs sind Pascal Brendel, Rene Kern, Kai Stehle, Luca Hofer und Jannik Pohl.<br \/>\nIhnen ein herzliches Willkommen.<\/li>\n<li>In 2023 fand nach 13 Jahren L\u00fccke die Haupt\u00fcbung der Gesamtfeuerwehr Lo\u00dfburg wieder in Sch\u00f6mberg statt. \u00dcbungsobjekt war der Hofbauernhof.<br \/>\nEs war eine anspruchsvolle, gelungene \u00dcbung.<\/li>\n<li>Im Jahr 2023 wurden 20 \u00dcbungen abgehalten<\/li>\n<li>Es gab einige Eins\u00e4tze, 2 mal lag ein bei Sturm Baum \u00fcber der Stra\u00dfe, beim Weihnachtsmarkt vom Hofbauernhof wurde der Parkplatzdienst \u00fcbernommen<\/li>\n<li>Im vergangenen Jahr wurden 9 Ausschusssitzungen abgehalten, eine Kommandantendienstversammlung, einen Gottesdienst f\u00fcr Einsatzkr\u00e4fte, 3 Gefahrgutzug\u00fcbungen und einen Lehrgang f\u00fcr die Funkerausbildung.<\/li>\n<li>Auch am geselligen Leben hat sie die Feuerwehr beteiligt, es waren:<br \/>\n&#8211; die Verabschiedung von Kurt Winter mit anschlie\u00dfender Neuwahl von Karl Pfau<br \/>\n&#8211; der Kameradschaftsabend<br \/>\n&#8211; Das Maibaumstellen<br \/>\n&#8211; Mithilfe bei der 800-Jahr Feier<br \/>\n&#8211; Holzsto\u00dfaufsetzen f\u00fcr die Sonnwendfeier<br \/>\n&#8211; Stellen eines Fahrerteams beim Rasentraktorrennen in B\u00fcchenberg<br \/>\n&#8211; im Herbst das Sch\u00f6mberger Mostfest<\/li>\n<li>Uli Armbruster bedankt sich bei seinen Kameraden f\u00fcr die geleistete Arbeit, auch f\u00fcr die Unterst\u00fctzung durch den Ortsvorsteher und der Gemeinde Lo\u00dfburg<\/li>\n<\/ul>\n<p>Hier ein Bild aller die eine Bef\u00f6rderung oder eine Ehrung erhalten haben.<\/p>\n<p><a href=\"http:\/\/lossburg-schoemberg.de\/wp-content\/uploads\/2024\/02\/HV-2024-scaled.jpg\"><img loading=\"lazy\" decoding=\"async\" class=\"aligncenter size-large wp-image-5107\" src=\"http:\/\/lossburg-schoemberg.de\/wp-content\/uploads\/2024\/02\/HV-2024-1024x525.jpg\" alt=\"\" width=\"847\" height=\"434\" srcset=\"https:\/\/lossburg-schoemberg.de\/wp-content\/uploads\/2024\/02\/HV-2024-1024x525.jpg 1024w, https:\/\/lossburg-schoemberg.de\/wp-content\/uploads\/2024\/02\/HV-2024-300x154.jpg 300w, https:\/\/lossburg-schoemberg.de\/wp-content\/uploads\/2024\/02\/HV-2024-768x394.jpg 768w, https:\/\/lossburg-schoemberg.de\/wp-content\/uploads\/2024\/02\/HV-2024-1536x788.jpg 1536w, https:\/\/lossburg-schoemberg.de\/wp-content\/uploads\/2024\/02\/HV-2024-2048x1050.jpg 2048w, https:\/\/lossburg-schoemberg.de\/wp-content\/uploads\/2024\/02\/HV-2024-847x434.jpg 847w\" sizes=\"auto, (max-width: 847px) 100vw, 847px\" \/><\/a>Bef\u00f6rdert wurden:<\/p>\n<ul>\n<li>zum Feuerwehrmann<br \/>\n&#8211; Sven Dieterle<br \/>\n&#8211; Gabriel Mehnert<br \/>\n&#8211; Tobias Z\u00f6ll<\/li>\n<li>zum Hauptfeuerwehrmann<br \/>\n&#8211; Kai Heinzelmann<\/li>\n<li>zum Oberl\u00f6schmeister<br \/>\n&#8211; Christian Sawall<\/li>\n<li>zum Oberbrandmeister<br \/>\n&#8211; Uli Armbruster<\/li>\n<\/ul>\n<p>Ehrungen:<\/p>\n<ul>\n<li>Feuerwehrehrenzeichen in bronce f\u00fcr 15 Jahre Dienst<br \/>\n&#8211; Christian Sawall<br \/>\n&#8211; Matthias Wirth<br \/>\n&#8211; Michael Asbach<br \/>\n&#8211; Philipp Dieterle<br \/>\n&#8211; Fabian Haist<\/li>\n<li>Feuerwehrehrenzeichen in silber f\u00fcr 25 Jahre Dienst<br \/>\n&#8211; Matthias Schmid<br \/>\n&#8211; Florian Bl\u00e4si<\/li>\n<\/ul>\n","protected":false},"excerpt":{"rendered":"<p>Feuerwehr Sch\u00f6mberg Abteilungsversammlung 2024 Bericht des Kommandanten Uli Armbruster Jahresbericht 2023 Das Jahr 2023 war ein gutes Jahr f\u00fcr die Abteilung Sch\u00f6mberg, denn es sind einige neue Kameraden dazugekommen. Es sind Pascal Brendel, Rene Kern, Kai Stehle, Luca Hofer und Jannik Pohl. Ihnen ein herzliches Willkommen. In 2023 fand nach 13 Jahren L\u00fccke die Haupt\u00fcbung &hellip; <\/p>\n<p><a class=\"more-link btn\" href=\"https:\/\/lossburg-schoemberg.de\/index.php\/einrichtungen\/feuerwehr\/abteilungsversammlung-2024\/\">Weiterlesen<\/a><\/p>\n","protected":false},"author":1,"featured_media":5108,"parent":350,"menu_order":38,"comment_status":"closed","ping_status":"closed","template":"","meta":{"footnotes":""},"class_list":["post-5106","page","type-page","status-publish","has-post-thumbnail","hentry","nodate","item-wrap"],"_links":{"self":[{"href":"https:\/\/lossburg-schoemberg.de\/index.php\/wp-json\/wp\/v2\/pages\/5106","targetHints":{"allow":["GET"]}}],"collection":[{"href":"https:\/\/lossburg-schoemberg.de\/index.php\/wp-json\/wp\/v2\/pages"}],"about":[{"href":"https:\/\/lossburg-schoemberg.de\/index.php\/wp-json\/wp\/v2\/types\/page"}],"author":[{"embeddable":true,"href":"https:\/\/lossburg-schoemberg.de\/index.php\/wp-json\/wp\/v2\/users\/1"}],"replies":[{"embeddable":true,"href":"https:\/\/lossburg-schoemberg.de\/index.php\/wp-json\/wp\/v2\/comments?post=5106"}],"version-history":[{"count":1,"href":"https:\/\/lossburg-schoemberg.de\/index.php\/wp-json\/wp\/v2\/pages\/5106\/revisions"}],"predecessor-version":[{"id":5109,"href":"https:\/\/lossburg-schoemberg.de\/index.php\/wp-json\/wp\/v2\/pages\/5106\/revisions\/5109"}],"up":[{"embeddable":true,"href":"https:\/\/lossburg-schoemberg.de\/index.php\/wp-json\/wp\/v2\/pages\/350"}],"wp:featuredmedia":[{"embeddable":true,"href":"https:\/\/lossburg-schoemberg.de\/index.php\/wp-json\/wp\/v2\/media\/5108"}],"wp:attachment":[{"href":"https:\/\/lossburg-schoemberg.de\/index.php\/wp-json\/wp\/v2\/media?parent=5106"}],"curies":[{"name":"wp","href":"https:\/\/api.w.org\/{rel}","templated":true}]}}