{"id":5095,"date":"2024-01-14T22:43:32","date_gmt":"2024-01-14T21:43:32","guid":{"rendered":"https:\/\/lossburg-schoemberg.de\/?page_id=5095"},"modified":"2025-01-04T22:44:24","modified_gmt":"2025-01-04T21:44:24","slug":"schoemberg-im-winter-2024","status":"publish","type":"page","link":"https:\/\/lossburg-schoemberg.de\/index.php\/rueckblick\/2024-2\/schoemberg-im-winter-2024\/","title":{"rendered":"Sch\u00f6mberg im Winter 2024"},"content":{"rendered":"<p>Luftbilder vom 13.01.24\u00a0\u00a0 Karl Pfau<\/p>\n<div id=\"attachment_5097\" style=\"width: 768px\" class=\"wp-caption aligncenter\"><a href=\"http:\/\/lossburg-schoemberg.de\/wp-content\/uploads\/2024\/01\/Ort-Jan-2024.jpg\"><img loading=\"lazy\" decoding=\"async\" aria-describedby=\"caption-attachment-5097\" class=\"wp-image-5097 size-large\" src=\"http:\/\/lossburg-schoemberg.de\/wp-content\/uploads\/2024\/01\/Ort-Jan-2024-768x1024.jpg\" alt=\"\" width=\"768\" height=\"1024\" srcset=\"https:\/\/lossburg-schoemberg.de\/wp-content\/uploads\/2024\/01\/Ort-Jan-2024-768x1024.jpg 768w, https:\/\/lossburg-schoemberg.de\/wp-content\/uploads\/2024\/01\/Ort-Jan-2024-225x300.jpg 225w, https:\/\/lossburg-schoemberg.de\/wp-content\/uploads\/2024\/01\/Ort-Jan-2024-1152x1536.jpg 1152w, https:\/\/lossburg-schoemberg.de\/wp-content\/uploads\/2024\/01\/Ort-Jan-2024-847x1129.jpg 847w, https:\/\/lossburg-schoemberg.de\/wp-content\/uploads\/2024\/01\/Ort-Jan-2024.jpg 1536w\" sizes=\"auto, (max-width: 768px) 100vw, 768px\" \/><\/a><p id=\"caption-attachment-5097\" class=\"wp-caption-text\">Sch\u00f6mberg aus ca. 700 m H\u00f6he<\/p><\/div>\n<div id=\"attachment_5096\" style=\"width: 847px\" class=\"wp-caption aligncenter\"><a href=\"http:\/\/lossburg-schoemberg.de\/wp-content\/uploads\/2024\/01\/Ort-Jan-24.jpg\"><img loading=\"lazy\" decoding=\"async\" aria-describedby=\"caption-attachment-5096\" class=\"size-large wp-image-5096\" src=\"http:\/\/lossburg-schoemberg.de\/wp-content\/uploads\/2024\/01\/Ort-Jan-24-1024x645.jpg\" alt=\"\" width=\"847\" height=\"534\" srcset=\"https:\/\/lossburg-schoemberg.de\/wp-content\/uploads\/2024\/01\/Ort-Jan-24-1024x645.jpg 1024w, https:\/\/lossburg-schoemberg.de\/wp-content\/uploads\/2024\/01\/Ort-Jan-24-300x189.jpg 300w, https:\/\/lossburg-schoemberg.de\/wp-content\/uploads\/2024\/01\/Ort-Jan-24-768x484.jpg 768w, https:\/\/lossburg-schoemberg.de\/wp-content\/uploads\/2024\/01\/Ort-Jan-24-1536x968.jpg 1536w, https:\/\/lossburg-schoemberg.de\/wp-content\/uploads\/2024\/01\/Ort-Jan-24-847x534.jpg 847w, https:\/\/lossburg-schoemberg.de\/wp-content\/uploads\/2024\/01\/Ort-Jan-24.jpg 1982w\" sizes=\"auto, (max-width: 847px) 100vw, 847px\" \/><\/a><p id=\"caption-attachment-5096\" class=\"wp-caption-text\">Sch\u00f6mberg, s\u00fcdlich 24-H\u00f6fe satter Nebel, dahinter die Schw\u00e4bische Alb, ganz hinten die Alpen<\/p><\/div>\n","protected":false},"excerpt":{"rendered":"<p>Luftbilder vom 13.01.24\u00a0\u00a0 Karl Pfau<\/p>\n","protected":false},"author":1,"featured_media":5099,"parent":5244,"menu_order":65,"comment_status":"closed","ping_status":"closed","template":"","meta":{"footnotes":""},"class_list":["post-5095","page","type-page","status-publish","has-post-thumbnail","hentry","nodate","item-wrap"],"_links":{"self":[{"href":"https:\/\/lossburg-schoemberg.de\/index.php\/wp-json\/wp\/v2\/pages\/5095","targetHints":{"allow":["GET"]}}],"collection":[{"href":"https:\/\/lossburg-schoemberg.de\/index.php\/wp-json\/wp\/v2\/pages"}],"about":[{"href":"https:\/\/lossburg-schoemberg.de\/index.php\/wp-json\/wp\/v2\/types\/page"}],"author":[{"embeddable":true,"href":"https:\/\/lossburg-schoemberg.de\/index.php\/wp-json\/wp\/v2\/users\/1"}],"replies":[{"embeddable":true,"href":"https:\/\/lossburg-schoemberg.de\/index.php\/wp-json\/wp\/v2\/comments?post=5095"}],"version-history":[{"count":2,"href":"https:\/\/lossburg-schoemberg.de\/index.php\/wp-json\/wp\/v2\/pages\/5095\/revisions"}],"predecessor-version":[{"id":5101,"href":"https:\/\/lossburg-schoemberg.de\/index.php\/wp-json\/wp\/v2\/pages\/5095\/revisions\/5101"}],"up":[{"embeddable":true,"href":"https:\/\/lossburg-schoemberg.de\/index.php\/wp-json\/wp\/v2\/pages\/5244"}],"wp:featuredmedia":[{"embeddable":true,"href":"https:\/\/lossburg-schoemberg.de\/index.php\/wp-json\/wp\/v2\/media\/5099"}],"wp:attachment":[{"href":"https:\/\/lossburg-schoemberg.de\/index.php\/wp-json\/wp\/v2\/media?parent=5095"}],"curies":[{"name":"wp","href":"https:\/\/api.w.org\/{rel}","templated":true}]}}