{"id":5069,"date":"2023-12-18T21:05:53","date_gmt":"2023-12-18T20:05:53","guid":{"rendered":"https:\/\/lossburg-schoemberg.de\/?page_id=5069"},"modified":"2023-12-30T21:55:46","modified_gmt":"2023-12-30T20:55:46","slug":"nikolaus-kam-in-die-blockhuette","status":"publish","type":"page","link":"https:\/\/lossburg-schoemberg.de\/index.php\/rueckblick\/2023-2\/nikolaus-kam-in-die-blockhuette\/","title":{"rendered":"Nikolaus kam in die Blockh\u00fctte"},"content":{"rendered":"<p><strong>Gelungene Nikolausfeier in der Blockh\u00fctte<\/strong><\/p>\n<p>Auch dieses Jahr hatte der Nikolaus mit seinem Gehilfen Knecht Ruprecht den Weg in die Blockh\u00fctte nach Sch\u00f6mberg gefunden.<\/p>\n<p>Hier wurden die beiden herzlich von den anwesenden Kindern, Eltern und allen anderen Anwesenden mit einem Weihnachtslied empfangen, musikalisch begleitet von Karoline Obst mit ihrem Saxophon.<\/p>\n<p>In diesem wundersch\u00f6nen Ambiente verteilten die beiden ihre Geschenke an die Kinder und sprachen auch das eine oder andere mahnende Wort. Die beiden haben sich \u00fcber die vorgetragenen Gedichte und musikalischen Beitr\u00e4ge der Kinder gefreut. Sogar ein Chor aus Vorschulkindern hat den beiden ein Lied vorgesungen. Von einigen Kindern bekamen die beiden auch selbst gebastelte Geschenke. Zusammen mit dem Nikolaus und Knecht Ruprecht wurden noch weiterer Weihnachtslieder gesungen, dann mussten die beiden Gesellen wieder weiterziehen.<\/p>\n<p>In der H\u00fctte lie\u00df man den Abend in gem\u00fctlicher Runde mit Wurst, Gl\u00fchwein und Kinderpunsch ausklingen.<\/p>\n<p><a href=\"http:\/\/lossburg-schoemberg.de\/wp-content\/uploads\/2023\/12\/Karo-Obst-scaled.jpg\"><img loading=\"lazy\" decoding=\"async\" class=\"aligncenter size-large wp-image-5070\" src=\"http:\/\/lossburg-schoemberg.de\/wp-content\/uploads\/2023\/12\/Karo-Obst-1024x768.jpg\" alt=\"\" width=\"847\" height=\"635\" srcset=\"https:\/\/lossburg-schoemberg.de\/wp-content\/uploads\/2023\/12\/Karo-Obst-1024x768.jpg 1024w, https:\/\/lossburg-schoemberg.de\/wp-content\/uploads\/2023\/12\/Karo-Obst-300x225.jpg 300w, https:\/\/lossburg-schoemberg.de\/wp-content\/uploads\/2023\/12\/Karo-Obst-768x576.jpg 768w, https:\/\/lossburg-schoemberg.de\/wp-content\/uploads\/2023\/12\/Karo-Obst-1536x1152.jpg 1536w, https:\/\/lossburg-schoemberg.de\/wp-content\/uploads\/2023\/12\/Karo-Obst-2048x1536.jpg 2048w, https:\/\/lossburg-schoemberg.de\/wp-content\/uploads\/2023\/12\/Karo-Obst-847x635.jpg 847w\" sizes=\"auto, (max-width: 847px) 100vw, 847px\" \/><\/a> <a href=\"http:\/\/lossburg-schoemberg.de\/wp-content\/uploads\/2023\/12\/Nikolaus-Liebrecht-scaled.jpg\"><img loading=\"lazy\" decoding=\"async\" class=\"aligncenter size-large wp-image-5071\" src=\"http:\/\/lossburg-schoemberg.de\/wp-content\/uploads\/2023\/12\/Nikolaus-Liebrecht-1024x610.jpg\" alt=\"\" width=\"847\" height=\"505\" srcset=\"https:\/\/lossburg-schoemberg.de\/wp-content\/uploads\/2023\/12\/Nikolaus-Liebrecht-1024x610.jpg 1024w, https:\/\/lossburg-schoemberg.de\/wp-content\/uploads\/2023\/12\/Nikolaus-Liebrecht-300x179.jpg 300w, https:\/\/lossburg-schoemberg.de\/wp-content\/uploads\/2023\/12\/Nikolaus-Liebrecht-768x457.jpg 768w, https:\/\/lossburg-schoemberg.de\/wp-content\/uploads\/2023\/12\/Nikolaus-Liebrecht-1536x915.jpg 1536w, https:\/\/lossburg-schoemberg.de\/wp-content\/uploads\/2023\/12\/Nikolaus-Liebrecht-2048x1220.jpg 2048w, https:\/\/lossburg-schoemberg.de\/wp-content\/uploads\/2023\/12\/Nikolaus-Liebrecht-847x504.jpg 847w\" sizes=\"auto, (max-width: 847px) 100vw, 847px\" \/><\/a><\/p>\n","protected":false},"excerpt":{"rendered":"<p>Gelungene Nikolausfeier in der Blockh\u00fctte Auch dieses Jahr hatte der Nikolaus mit seinem Gehilfen Knecht Ruprecht den Weg in die Blockh\u00fctte nach Sch\u00f6mberg gefunden. Hier wurden die beiden herzlich von den anwesenden Kindern, Eltern und allen anderen Anwesenden mit einem Weihnachtslied empfangen, musikalisch begleitet von Karoline Obst mit ihrem Saxophon. In diesem wundersch\u00f6nen Ambiente verteilten &hellip; <\/p>\n<p><a class=\"more-link btn\" href=\"https:\/\/lossburg-schoemberg.de\/index.php\/rueckblick\/2023-2\/nikolaus-kam-in-die-blockhuette\/\">Weiterlesen<\/a><\/p>\n","protected":false},"author":1,"featured_media":5072,"parent":5081,"menu_order":12,"comment_status":"closed","ping_status":"closed","template":"","meta":{"footnotes":""},"class_list":["post-5069","page","type-page","status-publish","has-post-thumbnail","hentry","nodate","item-wrap"],"_links":{"self":[{"href":"https:\/\/lossburg-schoemberg.de\/index.php\/wp-json\/wp\/v2\/pages\/5069","targetHints":{"allow":["GET"]}}],"collection":[{"href":"https:\/\/lossburg-schoemberg.de\/index.php\/wp-json\/wp\/v2\/pages"}],"about":[{"href":"https:\/\/lossburg-schoemberg.de\/index.php\/wp-json\/wp\/v2\/types\/page"}],"author":[{"embeddable":true,"href":"https:\/\/lossburg-schoemberg.de\/index.php\/wp-json\/wp\/v2\/users\/1"}],"replies":[{"embeddable":true,"href":"https:\/\/lossburg-schoemberg.de\/index.php\/wp-json\/wp\/v2\/comments?post=5069"}],"version-history":[{"count":1,"href":"https:\/\/lossburg-schoemberg.de\/index.php\/wp-json\/wp\/v2\/pages\/5069\/revisions"}],"predecessor-version":[{"id":5073,"href":"https:\/\/lossburg-schoemberg.de\/index.php\/wp-json\/wp\/v2\/pages\/5069\/revisions\/5073"}],"up":[{"embeddable":true,"href":"https:\/\/lossburg-schoemberg.de\/index.php\/wp-json\/wp\/v2\/pages\/5081"}],"wp:featuredmedia":[{"embeddable":true,"href":"https:\/\/lossburg-schoemberg.de\/index.php\/wp-json\/wp\/v2\/media\/5072"}],"wp:attachment":[{"href":"https:\/\/lossburg-schoemberg.de\/index.php\/wp-json\/wp\/v2\/media?parent=5069"}],"curies":[{"name":"wp","href":"https:\/\/api.w.org\/{rel}","templated":true}]}}