{"id":5040,"date":"2023-12-01T21:32:52","date_gmt":"2023-12-01T20:32:52","guid":{"rendered":"https:\/\/lossburg-schoemberg.de\/?page_id=5040"},"modified":"2023-12-30T21:55:01","modified_gmt":"2023-12-30T20:55:01","slug":"die-schoemberg-loipe-ist-befahrbar","status":"publish","type":"page","link":"https:\/\/lossburg-schoemberg.de\/index.php\/rueckblick\/2023-2\/die-schoemberg-loipe-ist-befahrbar\/","title":{"rendered":"Winterbilder von Anfang Dezember 2023"},"content":{"rendered":"<p>P\u00fcmktlich zum 01. Dezember 2023 ist die Sch\u00f6mberg Loipe befahrbar.<\/p>\n<p>Das Loipenspurger\u00e4t steht bereit.<br \/>\nVIelen Dank an den Bauhof f\u00fcr die schnelle Reaktion bei dem doch fr\u00fchen Wintereinbruch.<\/p>\n<div id=\"attachment_5041\" style=\"width: 847px\" class=\"wp-caption aligncenter\"><a href=\"http:\/\/lossburg-schoemberg.de\/wp-content\/uploads\/2023\/12\/IMG_2810-scaled.jpg\"><img loading=\"lazy\" decoding=\"async\" aria-describedby=\"caption-attachment-5041\" class=\"size-large wp-image-5041\" src=\"http:\/\/lossburg-schoemberg.de\/wp-content\/uploads\/2023\/12\/IMG_2810-1024x768.jpg\" alt=\"\" width=\"847\" height=\"635\" srcset=\"https:\/\/lossburg-schoemberg.de\/wp-content\/uploads\/2023\/12\/IMG_2810-1024x768.jpg 1024w, https:\/\/lossburg-schoemberg.de\/wp-content\/uploads\/2023\/12\/IMG_2810-300x225.jpg 300w, https:\/\/lossburg-schoemberg.de\/wp-content\/uploads\/2023\/12\/IMG_2810-768x576.jpg 768w, https:\/\/lossburg-schoemberg.de\/wp-content\/uploads\/2023\/12\/IMG_2810-1536x1152.jpg 1536w, https:\/\/lossburg-schoemberg.de\/wp-content\/uploads\/2023\/12\/IMG_2810-2048x1536.jpg 2048w, https:\/\/lossburg-schoemberg.de\/wp-content\/uploads\/2023\/12\/IMG_2810-847x635.jpg 847w\" sizes=\"auto, (max-width: 847px) 100vw, 847px\" \/><\/a><p id=\"caption-attachment-5041\" class=\"wp-caption-text\">Ortseingang Sch\u00f6mberg 01.12. 23<\/p><\/div>\n<div id=\"attachment_5042\" style=\"width: 847px\" class=\"wp-caption aligncenter\"><a href=\"http:\/\/lossburg-schoemberg.de\/wp-content\/uploads\/2023\/12\/IMG_2811-scaled.jpg\"><img loading=\"lazy\" decoding=\"async\" aria-describedby=\"caption-attachment-5042\" class=\"size-large wp-image-5042\" src=\"http:\/\/lossburg-schoemberg.de\/wp-content\/uploads\/2023\/12\/IMG_2811-1024x768.jpg\" alt=\"\" width=\"847\" height=\"635\" srcset=\"https:\/\/lossburg-schoemberg.de\/wp-content\/uploads\/2023\/12\/IMG_2811-1024x768.jpg 1024w, https:\/\/lossburg-schoemberg.de\/wp-content\/uploads\/2023\/12\/IMG_2811-300x225.jpg 300w, https:\/\/lossburg-schoemberg.de\/wp-content\/uploads\/2023\/12\/IMG_2811-768x576.jpg 768w, https:\/\/lossburg-schoemberg.de\/wp-content\/uploads\/2023\/12\/IMG_2811-1536x1152.jpg 1536w, https:\/\/lossburg-schoemberg.de\/wp-content\/uploads\/2023\/12\/IMG_2811-2048x1536.jpg 2048w, https:\/\/lossburg-schoemberg.de\/wp-content\/uploads\/2023\/12\/IMG_2811-847x635.jpg 847w\" sizes=\"auto, (max-width: 847px) 100vw, 847px\" \/><\/a><p id=\"caption-attachment-5042\" class=\"wp-caption-text\">Solreute Sch\u00f6mberg am 01.12.23<\/p><\/div>\n<div id=\"attachment_5049\" style=\"width: 576px\" class=\"wp-caption aligncenter\"><a href=\"http:\/\/lossburg-schoemberg.de\/wp-content\/uploads\/2023\/12\/Axel.jpg\"><img loading=\"lazy\" decoding=\"async\" aria-describedby=\"caption-attachment-5049\" class=\"size-large wp-image-5049\" src=\"http:\/\/lossburg-schoemberg.de\/wp-content\/uploads\/2023\/12\/Axel-576x1024.jpg\" alt=\"\" width=\"576\" height=\"1024\" srcset=\"https:\/\/lossburg-schoemberg.de\/wp-content\/uploads\/2023\/12\/Axel-576x1024.jpg 576w, https:\/\/lossburg-schoemberg.de\/wp-content\/uploads\/2023\/12\/Axel-169x300.jpg 169w, https:\/\/lossburg-schoemberg.de\/wp-content\/uploads\/2023\/12\/Axel-768x1365.jpg 768w, https:\/\/lossburg-schoemberg.de\/wp-content\/uploads\/2023\/12\/Axel-864x1536.jpg 864w, https:\/\/lossburg-schoemberg.de\/wp-content\/uploads\/2023\/12\/Axel-847x1506.jpg 847w, https:\/\/lossburg-schoemberg.de\/wp-content\/uploads\/2023\/12\/Axel.jpg 900w\" sizes=\"auto, (max-width: 576px) 100vw, 576px\" \/><\/a><p id=\"caption-attachment-5049\" class=\"wp-caption-text\">Loipe am 03.12.23 Foto: Axel Reich<\/p><\/div>\n<p><a href=\"http:\/\/lossburg-schoemberg.de\/wp-content\/uploads\/2023\/12\/IMG_2834-1-scaled.jpg\"><img loading=\"lazy\" decoding=\"async\" class=\"aligncenter size-large wp-image-5057\" src=\"http:\/\/lossburg-schoemberg.de\/wp-content\/uploads\/2023\/12\/IMG_2834-1-1024x518.jpg\" alt=\"\" width=\"847\" height=\"428\" srcset=\"https:\/\/lossburg-schoemberg.de\/wp-content\/uploads\/2023\/12\/IMG_2834-1-1024x518.jpg 1024w, https:\/\/lossburg-schoemberg.de\/wp-content\/uploads\/2023\/12\/IMG_2834-1-300x152.jpg 300w, https:\/\/lossburg-schoemberg.de\/wp-content\/uploads\/2023\/12\/IMG_2834-1-768x389.jpg 768w, https:\/\/lossburg-schoemberg.de\/wp-content\/uploads\/2023\/12\/IMG_2834-1-1536x777.jpg 1536w, https:\/\/lossburg-schoemberg.de\/wp-content\/uploads\/2023\/12\/IMG_2834-1-2048x1036.jpg 2048w, https:\/\/lossburg-schoemberg.de\/wp-content\/uploads\/2023\/12\/IMG_2834-1-847x429.jpg 847w\" sizes=\"auto, (max-width: 847px) 100vw, 847px\" \/><\/a><\/p>\n<p><a href=\"http:\/\/lossburg-schoemberg.de\/wp-content\/uploads\/2023\/12\/IMG_2835-scaled.jpg\"><img loading=\"lazy\" decoding=\"async\" class=\"aligncenter size-large wp-image-5051\" src=\"http:\/\/lossburg-schoemberg.de\/wp-content\/uploads\/2023\/12\/IMG_2835-1024x844.jpg\" alt=\"\" width=\"847\" height=\"698\" srcset=\"https:\/\/lossburg-schoemberg.de\/wp-content\/uploads\/2023\/12\/IMG_2835-1024x844.jpg 1024w, https:\/\/lossburg-schoemberg.de\/wp-content\/uploads\/2023\/12\/IMG_2835-300x247.jpg 300w, https:\/\/lossburg-schoemberg.de\/wp-content\/uploads\/2023\/12\/IMG_2835-768x633.jpg 768w, https:\/\/lossburg-schoemberg.de\/wp-content\/uploads\/2023\/12\/IMG_2835-1536x1265.jpg 1536w, https:\/\/lossburg-schoemberg.de\/wp-content\/uploads\/2023\/12\/IMG_2835-2048x1687.jpg 2048w, https:\/\/lossburg-schoemberg.de\/wp-content\/uploads\/2023\/12\/IMG_2835-847x698.jpg 847w\" sizes=\"auto, (max-width: 847px) 100vw, 847px\" \/><\/a> <a href=\"http:\/\/lossburg-schoemberg.de\/wp-content\/uploads\/2023\/12\/IMG_2838-scaled.jpg\"><img loading=\"lazy\" decoding=\"async\" class=\"aligncenter size-large wp-image-5052\" src=\"http:\/\/lossburg-schoemberg.de\/wp-content\/uploads\/2023\/12\/IMG_2838-1024x768.jpg\" alt=\"\" width=\"847\" height=\"635\" srcset=\"https:\/\/lossburg-schoemberg.de\/wp-content\/uploads\/2023\/12\/IMG_2838-1024x768.jpg 1024w, https:\/\/lossburg-schoemberg.de\/wp-content\/uploads\/2023\/12\/IMG_2838-300x225.jpg 300w, https:\/\/lossburg-schoemberg.de\/wp-content\/uploads\/2023\/12\/IMG_2838-768x576.jpg 768w, https:\/\/lossburg-schoemberg.de\/wp-content\/uploads\/2023\/12\/IMG_2838-1536x1152.jpg 1536w, https:\/\/lossburg-schoemberg.de\/wp-content\/uploads\/2023\/12\/IMG_2838-2048x1536.jpg 2048w, https:\/\/lossburg-schoemberg.de\/wp-content\/uploads\/2023\/12\/IMG_2838-847x635.jpg 847w\" sizes=\"auto, (max-width: 847px) 100vw, 847px\" \/><\/a> <a href=\"http:\/\/lossburg-schoemberg.de\/wp-content\/uploads\/2023\/12\/IMG_2840-scaled.jpg\"><img loading=\"lazy\" decoding=\"async\" class=\"aligncenter size-large wp-image-5053\" src=\"http:\/\/lossburg-schoemberg.de\/wp-content\/uploads\/2023\/12\/IMG_2840-1024x595.jpg\" alt=\"\" width=\"847\" height=\"492\" srcset=\"https:\/\/lossburg-schoemberg.de\/wp-content\/uploads\/2023\/12\/IMG_2840-1024x595.jpg 1024w, https:\/\/lossburg-schoemberg.de\/wp-content\/uploads\/2023\/12\/IMG_2840-300x174.jpg 300w, https:\/\/lossburg-schoemberg.de\/wp-content\/uploads\/2023\/12\/IMG_2840-768x447.jpg 768w, https:\/\/lossburg-schoemberg.de\/wp-content\/uploads\/2023\/12\/IMG_2840-1536x893.jpg 1536w, https:\/\/lossburg-schoemberg.de\/wp-content\/uploads\/2023\/12\/IMG_2840-2048x1191.jpg 2048w, https:\/\/lossburg-schoemberg.de\/wp-content\/uploads\/2023\/12\/IMG_2840-847x493.jpg 847w\" sizes=\"auto, (max-width: 847px) 100vw, 847px\" \/><\/a> <a href=\"http:\/\/lossburg-schoemberg.de\/wp-content\/uploads\/2023\/12\/IMG_2842-scaled.jpg\"><img loading=\"lazy\" decoding=\"async\" class=\"aligncenter size-large wp-image-5054\" src=\"http:\/\/lossburg-schoemberg.de\/wp-content\/uploads\/2023\/12\/IMG_2842-825x1024.jpg\" alt=\"\" width=\"825\" height=\"1024\" srcset=\"https:\/\/lossburg-schoemberg.de\/wp-content\/uploads\/2023\/12\/IMG_2842-825x1024.jpg 825w, https:\/\/lossburg-schoemberg.de\/wp-content\/uploads\/2023\/12\/IMG_2842-242x300.jpg 242w, https:\/\/lossburg-schoemberg.de\/wp-content\/uploads\/2023\/12\/IMG_2842-768x953.jpg 768w, https:\/\/lossburg-schoemberg.de\/wp-content\/uploads\/2023\/12\/IMG_2842-1238x1536.jpg 1238w, https:\/\/lossburg-schoemberg.de\/wp-content\/uploads\/2023\/12\/IMG_2842-1651x2048.jpg 1651w, https:\/\/lossburg-schoemberg.de\/wp-content\/uploads\/2023\/12\/IMG_2842-847x1051.jpg 847w\" sizes=\"auto, (max-width: 825px) 100vw, 825px\" \/><\/a> <a href=\"http:\/\/lossburg-schoemberg.de\/wp-content\/uploads\/2023\/12\/IMG_2843-scaled.jpg\"><img loading=\"lazy\" decoding=\"async\" class=\"aligncenter size-large wp-image-5055\" src=\"http:\/\/lossburg-schoemberg.de\/wp-content\/uploads\/2023\/12\/IMG_2843-768x1024.jpg\" alt=\"\" width=\"768\" height=\"1024\" srcset=\"https:\/\/lossburg-schoemberg.de\/wp-content\/uploads\/2023\/12\/IMG_2843-768x1024.jpg 768w, https:\/\/lossburg-schoemberg.de\/wp-content\/uploads\/2023\/12\/IMG_2843-225x300.jpg 225w, https:\/\/lossburg-schoemberg.de\/wp-content\/uploads\/2023\/12\/IMG_2843-1152x1536.jpg 1152w, https:\/\/lossburg-schoemberg.de\/wp-content\/uploads\/2023\/12\/IMG_2843-1536x2048.jpg 1536w, https:\/\/lossburg-schoemberg.de\/wp-content\/uploads\/2023\/12\/IMG_2843-847x1129.jpg 847w, https:\/\/lossburg-schoemberg.de\/wp-content\/uploads\/2023\/12\/IMG_2843-scaled.jpg 1920w\" sizes=\"auto, (max-width: 768px) 100vw, 768px\" \/><\/a><\/p>\n","protected":false},"excerpt":{"rendered":"<p>P\u00fcmktlich zum 01. Dezember 2023 ist die Sch\u00f6mberg Loipe befahrbar. Das Loipenspurger\u00e4t steht bereit. VIelen Dank an den Bauhof f\u00fcr die schnelle Reaktion bei dem doch fr\u00fchen Wintereinbruch.<\/p>\n","protected":false},"author":1,"featured_media":0,"parent":5081,"menu_order":14,"comment_status":"closed","ping_status":"closed","template":"","meta":{"footnotes":""},"class_list":["post-5040","page","type-page","status-publish","hentry","nodate","item-wrap"],"_links":{"self":[{"href":"https:\/\/lossburg-schoemberg.de\/index.php\/wp-json\/wp\/v2\/pages\/5040","targetHints":{"allow":["GET"]}}],"collection":[{"href":"https:\/\/lossburg-schoemberg.de\/index.php\/wp-json\/wp\/v2\/pages"}],"about":[{"href":"https:\/\/lossburg-schoemberg.de\/index.php\/wp-json\/wp\/v2\/types\/page"}],"author":[{"embeddable":true,"href":"https:\/\/lossburg-schoemberg.de\/index.php\/wp-json\/wp\/v2\/users\/1"}],"replies":[{"embeddable":true,"href":"https:\/\/lossburg-schoemberg.de\/index.php\/wp-json\/wp\/v2\/comments?post=5040"}],"version-history":[{"count":4,"href":"https:\/\/lossburg-schoemberg.de\/index.php\/wp-json\/wp\/v2\/pages\/5040\/revisions"}],"predecessor-version":[{"id":5058,"href":"https:\/\/lossburg-schoemberg.de\/index.php\/wp-json\/wp\/v2\/pages\/5040\/revisions\/5058"}],"up":[{"embeddable":true,"href":"https:\/\/lossburg-schoemberg.de\/index.php\/wp-json\/wp\/v2\/pages\/5081"}],"wp:attachment":[{"href":"https:\/\/lossburg-schoemberg.de\/index.php\/wp-json\/wp\/v2\/media?parent=5040"}],"curies":[{"name":"wp","href":"https:\/\/api.w.org\/{rel}","templated":true}]}}